{"id":30076,"date":"2025-03-14T12:47:12","date_gmt":"2025-03-14T12:47:12","guid":{"rendered":"https:\/\/chiaseklos.lt\/?post_type=product&#038;p=30076"},"modified":"2026-01-06T00:14:38","modified_gmt":"2026-01-06T00:14:38","slug":"alyvuogiu-aliejus-korona-organic-farming-ekologiskas","status":"publish","type":"product","link":"https:\/\/chiaseklos.lt\/en\/product\/alyvuogiu-aliejus-korona-organic-farming-ekologiskas\/","title":{"rendered":"Alyvuogi\u0173 aliejus \u2018KORONA Organic Farming\u201d Ekologi\u0161kas"},"content":{"rendered":"<p>Alyvuogi\u0173 aliejus \u2018KORONA Organic Farming\u201d Ekologi\u0161kas 500ml<\/p>\n<p>\u2018KORONA Organic Farming\u2019 Ultra Premium Monovarietal \u2013 ypa\u010d tyras alyvuogi\u0173 aliejus\u00a0 yra ekologi\u0161ko \u016bkininkavimo auk\u0161\u010diausios kokyb\u0117s pirmojo spaudimo alyvuogi\u0173 aliejus, turintis auk\u0161t\u0105 maistin\u0119 vert\u0119.\u00a0<strong>Polifenoli\u0173 \u2013 928 mg\/kg.<\/strong><\/p>\n<p>\u2018KORONA Organic Farming\u2019 Ultra Premium Monovarietal alyvuogi\u0173 aliejus saugo savyje didel\u012f polifenoli\u0173 kiek\u012f. Jis gaunamas i\u0161 sistemingai, ekologi\u0161kai, kaln\u0173 alyvmed\u017ei\u0173 girait\u0117se auginam\u0173 alyvuogi\u0173. 1 litro \u0161io aliejaus gamybai reikia apie 10-11 kg ma\u017e\u0173, neprinokusi\u0173 alyvuogi\u0173, gaut\u0173 i\u0161 kalnuot\u0173 vietovi\u0173, auk\u0161tesni\u0173 nei 350 metr\u0173 vir\u0161 j\u016bros lygio. Gamybos procesas vyksta kasmet, spalio m\u0117nes\u012f. Ypa\u010d grynas auk\u0161\u010diausios r\u016b\u0161ies alyvuogi\u0173 aliejus, gautas tiesiogiai i\u0161 alyvuogi\u0173 ir tik mechanin\u0117mis priemon\u0117mis.<\/p>\n<p>M\u0117gaukit\u0117s \u0161velniu ir \u0161iek tiek a\u0161triu skoniu salotose ir \u0161altuose patiekaluose bei pajuskite dar\u017eovi\u0173 ir vaisi\u0173 skon\u012f, kuris nud\u017eiugins j\u016bs\u0173 gomur\u012f!<\/p>\n<p><strong>Maistin\u0117 vert\u0117:<\/strong><\/p>\n<p>100 ml: energin\u0117 vert\u0117: 824 Kcal\/ 3389 kJ, Riebal\u0173 91,6 g, i\u0161 kuri\u0173: so\u010di\u0173j\u0173 riebal\u0173 r\u016bg\u0161\u010di\u0173 12,8 g, mononeso\u010di\u0173j\u0173 riebal\u0173 r\u016bg\u0161\u010di\u0173 70,5 g. polineso\u010di\u0173j\u0173 riebal\u0173 r\u016bg\u0161\u010di\u0173 8,3 g. Angliavandeni\u0173 0 g, i\u0161 kuri\u0173 cukrus \u2013 0 g, Baltym\u0173 \u2013 0 g, Druskos \u2013 0 g.<\/p>\n<p><strong>Laikymo s\u0105lygos:<\/strong>\u00a0laikyti sausoje ir v\u0117sioje vietoje, toliau nuo \u0161viesos ir kar\u0161\u010dio \u0161altini\u0173. Esant \u017eemesnei nei +7\u00ba C laipsni\u0173 temperat\u016brai, produkte gali atsirasti tir\u0161t\u0173 nuos\u0117d\u0173. Nuos\u0117dos i\u0161nyks auk\u0161tesn\u0117je nei 7\u00ba C temperat\u016broje. Tai nat\u016bralus procesas, ne\u012ftakojantis produkto kokyb\u0117s.<\/p>\n<p><strong>R\u016bg\u0161tingumas \u2013 0,27% (maks. norma 0.8 %).<\/strong><\/p>\n<p><strong>Ultravioletini\u0173 spinduli\u0173 absorbcija:<\/strong>\u00a0K268 \u2013 0,138; K232 \u2013 1,713; DK \u2013 \u22640,01<\/p>\n<p><strong>Gamintojas:<\/strong>\u00a0\u201cPhysis of Crete\u201d by Asmarianakis Family (2024 m. rudens derlius).<\/p>","protected":false},"excerpt":{"rendered":"<p>Alyvuogi\u0173 aliejus \u2018KORONA Organic Farming\u201d Ekologi\u0161kas 500ml \u2018KORONA Organic Farming\u2019 Ultra Premium Monovarietal \u2013 ypa\u010d tyras alyvuogi\u0173 aliejus\u00a0 yra ekologi\u0161ko \u016bkininkavimo auk\u0161\u010diausios kokyb\u0117s pirmojo spaudimo alyvuogi\u0173 aliejus, turintis auk\u0161t\u0105 maistin\u0119 vert\u0119.\u00a0Polifenoli\u0173 \u2013 928 mg\/kg. \u2018KORONA Organic Farming\u2019 Ultra Premium Monovarietal alyvuogi\u0173 aliejus saugo savyje didel\u012f polifenoli\u0173 kiek\u012f. Jis gaunamas i\u0161 sistemingai, ekologi\u0161kai, kaln\u0173 alyvmed\u017ei\u0173 girait\u0117se&#8230;<\/p>","protected":false},"featured_media":30077,"template":"","meta":{"_acf_changed":false},"product_brand":[],"product_cat":[101],"product_tag":[],"class_list":{"0":"post-30076","1":"product","2":"type-product","3":"status-publish","4":"has-post-thumbnail","6":"product_cat-aliejus","7":"nt-post-class","8":"","9":"masonry-item","10":"col-lg-6","14":"excerpt-none","18":"first","19":"outofstock","20":"taxable","21":"shipping-taxable","22":"purchasable","23":"product-type-simple","24":"add-to-wishlist-after_add_to_cart"},"acf":[],"_links":{"self":[{"href":"https:\/\/chiaseklos.lt\/en\/wp-json\/wp\/v2\/product\/30076","targetHints":{"allow":["GET"]}}],"collection":[{"href":"https:\/\/chiaseklos.lt\/en\/wp-json\/wp\/v2\/product"}],"about":[{"href":"https:\/\/chiaseklos.lt\/en\/wp-json\/wp\/v2\/types\/product"}],"wp:featuredmedia":[{"embeddable":true,"href":"https:\/\/chiaseklos.lt\/en\/wp-json\/wp\/v2\/media\/30077"}],"wp:attachment":[{"href":"https:\/\/chiaseklos.lt\/en\/wp-json\/wp\/v2\/media?parent=30076"}],"wp:term":[{"taxonomy":"product_brand","embeddable":true,"href":"https:\/\/chiaseklos.lt\/en\/wp-json\/wp\/v2\/product_brand?post=30076"},{"taxonomy":"product_cat","embeddable":true,"href":"https:\/\/chiaseklos.lt\/en\/wp-json\/wp\/v2\/product_cat?post=30076"},{"taxonomy":"product_tag","embeddable":true,"href":"https:\/\/chiaseklos.lt\/en\/wp-json\/wp\/v2\/product_tag?post=30076"}],"curies":[{"name":"wp","href":"https:\/\/api.w.org\/{rel}","templated":true}]}}