{"id":29970,"date":"2025-03-05T14:27:54","date_gmt":"2025-03-05T14:27:54","guid":{"rendered":"https:\/\/chiaseklos.lt\/?post_type=product&#038;p=29970"},"modified":"2025-05-16T10:47:10","modified_gmt":"2025-05-16T10:47:10","slug":"juodieji-pipirai-malti-100g","status":"publish","type":"product","link":"https:\/\/chiaseklos.lt\/en\/product\/juodieji-pipirai-malti-100g\/","title":{"rendered":"Juodieji pipirai malti 100g"},"content":{"rendered":"<p><span style=\"color: #282828;\">Juodieji pipirai<\/span><\/p>\n<div class=\"title\">Sudedamosios dalys:\u00a0Juodieji pipirai 100%<\/div>\n<div class=\"title\">Alergenai:\u00a0Gali b\u016bti salier\u0173, glitimo, garsty\u010di\u0173, sezamo p\u0117dsak\u0173.<\/div>\n<div class=\"title\">Kilm\u0117s \u0161alis:\u00a0Vietnamas<\/div>\n<div class=\"title\">Laikymo s\u0105lygos:\u00a0Sausoje, v\u0117sioje aplinkoje.<\/div>","protected":false},"excerpt":{"rendered":"<p>Juodieji pipirai Sudedamosios dalys:\u00a0Juodieji pipirai 100% Alergenai:\u00a0Gali b\u016bti salier\u0173, glitimo, garsty\u010di\u0173, sezamo p\u0117dsak\u0173. Kilm\u0117s \u0161alis:\u00a0Vietnamas Laikymo s\u0105lygos:\u00a0Sausoje, v\u0117sioje aplinkoje.<\/p>","protected":false},"featured_media":29971,"template":"","meta":{"_acf_changed":false},"product_brand":[],"product_cat":[68],"product_tag":[],"class_list":{"0":"post-29970","1":"product","2":"type-product","3":"status-publish","4":"has-post-thumbnail","6":"product_cat-prieskoniai","7":"nt-post-class","8":"","9":"masonry-item","10":"col-lg-6","14":"excerpt-none","18":"first","19":"instock","20":"taxable","21":"shipping-taxable","22":"purchasable","23":"product-type-simple","24":"add-to-wishlist-after_add_to_cart"},"acf":[],"_links":{"self":[{"href":"https:\/\/chiaseklos.lt\/en\/wp-json\/wp\/v2\/product\/29970","targetHints":{"allow":["GET"]}}],"collection":[{"href":"https:\/\/chiaseklos.lt\/en\/wp-json\/wp\/v2\/product"}],"about":[{"href":"https:\/\/chiaseklos.lt\/en\/wp-json\/wp\/v2\/types\/product"}],"wp:featuredmedia":[{"embeddable":true,"href":"https:\/\/chiaseklos.lt\/en\/wp-json\/wp\/v2\/media\/29971"}],"wp:attachment":[{"href":"https:\/\/chiaseklos.lt\/en\/wp-json\/wp\/v2\/media?parent=29970"}],"wp:term":[{"taxonomy":"product_brand","embeddable":true,"href":"https:\/\/chiaseklos.lt\/en\/wp-json\/wp\/v2\/product_brand?post=29970"},{"taxonomy":"product_cat","embeddable":true,"href":"https:\/\/chiaseklos.lt\/en\/wp-json\/wp\/v2\/product_cat?post=29970"},{"taxonomy":"product_tag","embeddable":true,"href":"https:\/\/chiaseklos.lt\/en\/wp-json\/wp\/v2\/product_tag?post=29970"}],"curies":[{"name":"wp","href":"https:\/\/api.w.org\/{rel}","templated":true}]}}