{"id":298,"date":"2018-11-09T04:39:13","date_gmt":"2018-11-09T04:39:13","guid":{"rendered":"http:\/\/new.deineweb.de\/?post_type=product&#038;p=298"},"modified":"2024-01-30T09:20:44","modified_gmt":"2024-01-30T09:20:44","slug":"ciberzole-450-g","status":"publish","type":"product","link":"https:\/\/chiaseklos.lt\/en\/product\/ciberzole-450-g\/","title":{"rendered":"Ciber\u017eol\u0117"},"content":{"rendered":"<p><strong>Ciber\u017eol\u0117<\/strong><\/p>\n<p><span style=\"color: #000000;\">Ciber\u017eol\u0117 &#8211; daugiametis \u017eolinis metro auk\u0161\u010dio aromatinis tropinis augalas, turintis stambius ovalius lapus, augan\u010dius tiesiai i\u0161 \u0161akniastiebio. Ciber\u017eol\u0117 priklauso imbierini\u0173 \u0161eimai, o i\u0161 jos \u0161akniastiebio paruo\u0161tas prieskonis priskiriamas klasikiniams.<\/span><\/p>\n<p><span style=\"color: #000000;\">\u012e kasdien\u012f racion\u0105 ciber\u017eol\u0119 galima \u012ftraukti ja gardinant salotas, kiau\u0161ini\u0173 patiekalus, ry\u017eius, dar\u017eovi\u0173 tro\u0161kinius, sriubas, arbat\u0105. Ciber\u017eol\u0117 tinka beveik visiems patiekalams. Jos galima d\u0117ti ir kepant pyragus ar kitus gardumynus \u2013 suteiks apetit\u0105 \u017eadinan\u010di\u0105 gelton\u0105 spalv\u0105.<\/span><\/p>\n<p><span style=\"color: #000000;\"><strong>Sudedamosios dalys<\/strong>: ciber\u017eol\u0117<\/span><\/p>\n<p><span style=\"color: #000000;\"><strong>Kilm\u0117s \u0161alis:<\/strong> Indija<\/span><\/p>\n<p>&nbsp;<\/p>","protected":false},"excerpt":{"rendered":"<p>Ciber\u017eol\u0117 Ciber\u017eol\u0117 &#8211; daugiametis \u017eolinis metro auk\u0161\u010dio aromatinis tropinis augalas, turintis stambius ovalius lapus, augan\u010dius tiesiai i\u0161 \u0161akniastiebio. Ciber\u017eol\u0117 priklauso imbierini\u0173 \u0161eimai, o i\u0161 jos \u0161akniastiebio paruo\u0161tas prieskonis priskiriamas klasikiniams. \u012e kasdien\u012f racion\u0105 ciber\u017eol\u0119 galima \u012ftraukti ja gardinant salotas, kiau\u0161ini\u0173 patiekalus, ry\u017eius, dar\u017eovi\u0173 tro\u0161kinius, sriubas, arbat\u0105. Ciber\u017eol\u0117 tinka beveik visiems patiekalams. Jos galima d\u0117ti ir&#8230;<\/p>","protected":false},"featured_media":297,"template":"","meta":{"_acf_changed":false},"product_brand":[],"product_cat":[68],"product_tag":[],"class_list":{"0":"post-298","1":"product","2":"type-product","3":"status-publish","4":"has-post-thumbnail","6":"product_cat-prieskoniai","7":"nt-post-class","8":"","9":"masonry-item","10":"col-lg-6","14":"excerpt-none","18":"first","19":"instock","20":"taxable","21":"shipping-taxable","22":"purchasable","23":"product-type-variable","24":"has-default-attributes","25":"add-to-wishlist-after_add_to_cart"},"acf":[],"_links":{"self":[{"href":"https:\/\/chiaseklos.lt\/en\/wp-json\/wp\/v2\/product\/298","targetHints":{"allow":["GET"]}}],"collection":[{"href":"https:\/\/chiaseklos.lt\/en\/wp-json\/wp\/v2\/product"}],"about":[{"href":"https:\/\/chiaseklos.lt\/en\/wp-json\/wp\/v2\/types\/product"}],"wp:featuredmedia":[{"embeddable":true,"href":"https:\/\/chiaseklos.lt\/en\/wp-json\/wp\/v2\/media\/297"}],"wp:attachment":[{"href":"https:\/\/chiaseklos.lt\/en\/wp-json\/wp\/v2\/media?parent=298"}],"wp:term":[{"taxonomy":"product_brand","embeddable":true,"href":"https:\/\/chiaseklos.lt\/en\/wp-json\/wp\/v2\/product_brand?post=298"},{"taxonomy":"product_cat","embeddable":true,"href":"https:\/\/chiaseklos.lt\/en\/wp-json\/wp\/v2\/product_cat?post=298"},{"taxonomy":"product_tag","embeddable":true,"href":"https:\/\/chiaseklos.lt\/en\/wp-json\/wp\/v2\/product_tag?post=298"}],"curies":[{"name":"wp","href":"https:\/\/api.w.org\/{rel}","templated":true}]}}