{"id":29796,"date":"2025-02-22T16:53:13","date_gmt":"2025-02-22T16:53:13","guid":{"rendered":"https:\/\/chiaseklos.lt\/?post_type=product&#038;p=29796"},"modified":"2025-11-18T13:44:24","modified_gmt":"2025-11-18T13:44:24","slug":"balzaminio-acto-kremas-su-figu-sultimis-250-ml","status":"publish","type":"product","link":"https:\/\/chiaseklos.lt\/en\/product\/balzaminio-acto-kremas-su-figu-sultimis-250-ml\/","title":{"rendered":"Balzaminio acto kremas su fig\u0173 sultimis 250 ml."},"content":{"rendered":"<h1 class=\"product_title entry-title\">Balzaminio acto kremas su fig\u0173 sultimis 250 ml.<\/h1>\n<p>Balzaminio acto kremas su figomis. Idealiai tinka \u017ealioms salotoms, pada\u017eams, s\u016briui, marinuoti m\u0117s\u0105.<\/p>\n<p><strong>Sudedamosios dalys:<\/strong>\u00a0vynuogi\u0173 actas 58% (vynuogi\u0173 actas, vynuogi\u0173 misos koncentratas, da\u017eiklis: karamelinis da\u017eiklis, konservantas: kalio metabisulfitas), vanduo, cukrus, fig\u0173 sultys i\u0161 koncentrato (9%), vynuogi\u0173 misos koncentratas, gliukoz\u0117s-fruktoz\u0117s sirupas, vynuogi\u0173 sul\u010di\u0173 koncentratas, stabilizatorius: ksantano derva, celiulioz\u0117s derva, kvapiosios med\u017eiagos, konservantas: kalio sorbatas.<\/p>\n<p><strong>Patarimai d\u0117l alergijos: sud\u0117tyje yra sulfit\u0173.<\/strong><\/p>\n<p><strong>Maistin\u0117 vert\u0117:\u00a0<\/strong>100 ml: energin\u0117 vert\u0117: 117 Kcal\/ 497 kJ, Riebal\u0173 0 g, i\u0161 kuri\u0173: so\u010di\u0173j\u0173 riebal\u0173 r\u016bg\u0161\u010di\u0173 0 g. Angliavandeni\u0173 28,8 g, i\u0161 kuri\u0173 cukrus \u2013 25,9 g, Baltym\u0173 \u2013 0 g, Druskos \u2013 0,11 g.<\/p>\n<p><strong>Laikymo s\u0105lygos:<\/strong>\u00a0laikyti v\u0117sioje, sausoje vietoje. Saugoti nuo tiesiogini\u0173 saul\u0117s spinduli\u0173. Atidarius laikyti \u0161aldytuve.<\/p>\n<p><strong>Gamintojas:<\/strong>\u00a0\u201cPhysis of Crete\u201d by Asmarianakis Family<\/p>","protected":false},"excerpt":{"rendered":"<p>Balzaminio acto kremas su fig\u0173 sultimis 250 ml. Balzaminio acto kremas su figomis. Idealiai tinka \u017ealioms salotoms, pada\u017eams, s\u016briui, marinuoti m\u0117s\u0105. Sudedamosios dalys:\u00a0vynuogi\u0173 actas 58% (vynuogi\u0173 actas, vynuogi\u0173 misos koncentratas, da\u017eiklis: karamelinis da\u017eiklis, konservantas: kalio metabisulfitas), vanduo, cukrus, fig\u0173 sultys i\u0161 koncentrato (9%), vynuogi\u0173 misos koncentratas, gliukoz\u0117s-fruktoz\u0117s sirupas, vynuogi\u0173 sul\u010di\u0173 koncentratas, stabilizatorius: ksantano derva, celiulioz\u0117s&#8230;<\/p>","protected":false},"featured_media":29797,"template":"","meta":{"_acf_changed":false},"product_brand":[],"product_cat":[101],"product_tag":[],"class_list":{"0":"post-29796","1":"product","2":"type-product","3":"status-publish","4":"has-post-thumbnail","6":"product_cat-aliejus","7":"nt-post-class","8":"","9":"masonry-item","10":"col-lg-6","14":"excerpt-none","18":"first","19":"outofstock","20":"taxable","21":"shipping-taxable","22":"purchasable","23":"product-type-simple","24":"add-to-wishlist-after_add_to_cart"},"acf":[],"_links":{"self":[{"href":"https:\/\/chiaseklos.lt\/en\/wp-json\/wp\/v2\/product\/29796","targetHints":{"allow":["GET"]}}],"collection":[{"href":"https:\/\/chiaseklos.lt\/en\/wp-json\/wp\/v2\/product"}],"about":[{"href":"https:\/\/chiaseklos.lt\/en\/wp-json\/wp\/v2\/types\/product"}],"wp:featuredmedia":[{"embeddable":true,"href":"https:\/\/chiaseklos.lt\/en\/wp-json\/wp\/v2\/media\/29797"}],"wp:attachment":[{"href":"https:\/\/chiaseklos.lt\/en\/wp-json\/wp\/v2\/media?parent=29796"}],"wp:term":[{"taxonomy":"product_brand","embeddable":true,"href":"https:\/\/chiaseklos.lt\/en\/wp-json\/wp\/v2\/product_brand?post=29796"},{"taxonomy":"product_cat","embeddable":true,"href":"https:\/\/chiaseklos.lt\/en\/wp-json\/wp\/v2\/product_cat?post=29796"},{"taxonomy":"product_tag","embeddable":true,"href":"https:\/\/chiaseklos.lt\/en\/wp-json\/wp\/v2\/product_tag?post=29796"}],"curies":[{"name":"wp","href":"https:\/\/api.w.org\/{rel}","templated":true}]}}