{"id":295,"date":"2018-11-09T04:35:03","date_gmt":"2018-11-09T04:35:03","guid":{"rendered":"http:\/\/new.deineweb.de\/?post_type=product&#038;p=295"},"modified":"2026-02-13T13:27:49","modified_gmt":"2026-02-13T13:27:49","slug":"juodgrudes-seklos-75-g","status":"publish","type":"product","link":"https:\/\/chiaseklos.lt\/en\/product\/juodgrudes-seklos-75-g\/","title":{"rendered":"Juodgr\u016bd\u0117s s\u0117klos"},"content":{"rendered":"<h3 data-start=\"152\" data-end=\"216\">Juodgr\u016bd\u0117s s\u0117klos \u2013 nat\u016bralus sveikatos ir skonio \u0161altinis<\/h3>\n<p data-start=\"218\" data-end=\"718\">Juodgr\u016bd\u0117s s\u0117klos yra ma\u017eos, ta\u010diau itin vertingos s\u0117klos, turin\u010dios daugiau nei 100 aktyvi\u0173 med\u017eiag\u0173, reguliuojan\u010di\u0173 \u012fvairias organizmo funkcijas. Jose gausu <strong data-start=\"381\" data-end=\"414\">polineso\u010di\u0173j\u0173 riebal\u0173 r\u016bg\u0161\u010di\u0173<\/strong>, toki\u0173 kaip linolio, alfa-linolio ir stearino r\u016bg\u0161tys, kurios palaiko \u0161irdies ir kraujagysli\u0173 sveikat\u0105, prisideda prie normalios smegen\u0173 veiklos ir bendrai gerina organizmo funkcijas. Be riebal\u0173, juodgr\u016bd\u0117se yra daugyb\u0117 vitamin\u0173 ir mineral\u0173, svarbi\u0173 imuninei sistemai bei bendram organizmo atsparumui.<\/p>\n<p data-start=\"720\" data-end=\"1193\">\u0160ios s\u0117klos pasi\u017eymi specifiniu skoniu \u2013 \u0161iek tiek kartokos, su malonia a\u0161tresne nata, tod\u0117l puikiai tinka suteikti patiekalams i\u0161skirtin\u012f skon\u012f ir aromat\u0105. D\u0117l savo skonio ir aromato juodgr\u016bd\u0117s s\u0117klos da\u017enai naudojamos duonoje, ko\u0161\u0117se, salotose, sriubose, tro\u0161kiniuose ar kituose m\u0117gstamuose patiekaluose. Rekomenduojama vartoti po <strong data-start=\"1053\" data-end=\"1087\">1 arbatin\u012f \u0161auk\u0161tel\u012f per dien\u0105<\/strong>, kad b\u016bt\u0173 pasiekti optimal\u016bs sveikatinimo rezultatai, nes s\u0117klos yra labai koncentruotos ir maistingos.<\/p>\n<p data-start=\"1195\" data-end=\"1598\">Juodgr\u016bd\u0117s s\u0117klos yra nat\u016bralios ir nesukelia alergij\u0173, tod\u0117l jas galima dr\u0105siai \u012ftraukti \u012f kasdien\u0119 mityb\u0105 visai \u0161eimai. Jos tinka tiek suaugusiems, tiek vaikams, norintiems praturtinti savo racion\u0105 vertingomis maistin\u0117mis med\u017eiagomis. \u0160ios s\u0117klos yra universalios, jas galima d\u0117ti tiek \u012f \u0161altus, tiek \u012f kar\u0161tus patiekalus, ta\u010diau i\u0161laikoma dalis nauding\u0173j\u0173 med\u017eiag\u0173, net kai jas \u0161iek tiek pa\u0161ildote.<\/p>\n<p data-start=\"1600\" data-end=\"1912\">Maistiniu po\u017ei\u016briu <strong data-start=\"1619\" data-end=\"1640\">juodgr\u016bd\u0117s s\u0117klos<\/strong> yra itin vertingos: 100 g produkto suteikia 537 kcal, 50 g riebal\u0173 (i\u0161 j\u0173 7 g so\u010di\u0173j\u0173 riebal\u0173), 23 g angliavandeni\u0173, 12 g skaidul\u0173, 18 g baltym\u0173 ir minimal\u0173 druskos kiek\u012f. \u0160i sud\u0117tis daro jas puikiu maistingu papildymu \u012fvairiose mitybose, nuo vegani\u0161kos iki tradicin\u0117s.<\/p>\n<p data-start=\"1914\" data-end=\"2174\">Kilm\u0117s \u0161alis \u2013 Indija ir Sirija, kur juodgr\u016bd\u0117s auginamos palankioje klimato zonoje, i\u0161saugant nat\u016bral\u0173 skon\u012f, aromat\u0105 ir maistin\u0119 vert\u0119.<\/p>\n<p data-start=\"1914\" data-end=\"2174\">Juodgr\u016bd\u0117s s\u0117klos \u2013 tai nat\u016bralus, sveikas ir aromatingas pasirinkimas visai \u0161eimai, praturtinantis kasdien\u0119 mityb\u0105 ir puikiai derantis su \u012fvairiais patiekalais.<\/p>\n<p>Kilm\u0117s \u0161alis: Indija, Sirija<\/p>\n<p>Sudedamosios dalys: 100% Juodgr\u016bd\u0117s s\u0117klos.<\/p>\n<p>Maistin\u0117 ir energetin\u0117 vert\u0117 100g.: 2248kj\/537kcal; riebalai 50g, i\u0161 kuri\u0173 so\u010dI\u0173j\u0173 riebal\u0173 7g; angliavandeniai 23g, i\u0161 kuri\u0173 cukrus 0,3g; skaidulin\u0117s med\u017eiagos 12g; baltymai 18g; druska 0,01g.<\/p>\n<p>&nbsp;<\/p>\n<p style=\"text-align: right;\">","protected":false},"excerpt":{"rendered":"<p>Juodgr\u016bd\u0117s s\u0117klos \u2013 nat\u016bralus sveikatos ir skonio \u0161altinis Juodgr\u016bd\u0117s s\u0117klos yra ma\u017eos, ta\u010diau itin vertingos s\u0117klos, turin\u010dios daugiau nei 100 aktyvi\u0173 med\u017eiag\u0173, reguliuojan\u010di\u0173 \u012fvairias organizmo funkcijas. Jose gausu polineso\u010di\u0173j\u0173 riebal\u0173 r\u016bg\u0161\u010di\u0173, toki\u0173 kaip linolio, alfa-linolio ir stearino r\u016bg\u0161tys, kurios palaiko \u0161irdies ir kraujagysli\u0173 sveikat\u0105, prisideda prie normalios smegen\u0173 veiklos ir bendrai gerina organizmo funkcijas. Be&#8230;<\/p>","protected":false},"featured_media":293,"template":"","meta":{"_acf_changed":false},"product_brand":[],"product_cat":[17,68],"product_tag":[],"class_list":{"0":"post-295","1":"product","2":"type-product","3":"status-publish","4":"has-post-thumbnail","6":"product_cat-seklos","7":"product_cat-prieskoniai","8":"nt-post-class","9":"","10":"masonry-item","11":"col-lg-6","15":"excerpt-none","19":"first","20":"instock","21":"taxable","22":"shipping-taxable","23":"purchasable","24":"product-type-variable","25":"has-default-attributes","26":"add-to-wishlist-after_add_to_cart"},"acf":[],"_links":{"self":[{"href":"https:\/\/chiaseklos.lt\/en\/wp-json\/wp\/v2\/product\/295","targetHints":{"allow":["GET"]}}],"collection":[{"href":"https:\/\/chiaseklos.lt\/en\/wp-json\/wp\/v2\/product"}],"about":[{"href":"https:\/\/chiaseklos.lt\/en\/wp-json\/wp\/v2\/types\/product"}],"wp:featuredmedia":[{"embeddable":true,"href":"https:\/\/chiaseklos.lt\/en\/wp-json\/wp\/v2\/media\/293"}],"wp:attachment":[{"href":"https:\/\/chiaseklos.lt\/en\/wp-json\/wp\/v2\/media?parent=295"}],"wp:term":[{"taxonomy":"product_brand","embeddable":true,"href":"https:\/\/chiaseklos.lt\/en\/wp-json\/wp\/v2\/product_brand?post=295"},{"taxonomy":"product_cat","embeddable":true,"href":"https:\/\/chiaseklos.lt\/en\/wp-json\/wp\/v2\/product_cat?post=295"},{"taxonomy":"product_tag","embeddable":true,"href":"https:\/\/chiaseklos.lt\/en\/wp-json\/wp\/v2\/product_tag?post=295"}],"curies":[{"name":"wp","href":"https:\/\/api.w.org\/{rel}","templated":true}]}}