{"id":29467,"date":"2025-01-31T11:58:31","date_gmt":"2025-01-31T11:58:31","guid":{"rendered":"https:\/\/chiaseklos.lt\/?post_type=product&#038;p=29467"},"modified":"2026-04-14T11:56:33","modified_gmt":"2026-04-14T11:56:33","slug":"avieciu-obuoliu-sidro-actas-250ml","status":"publish","type":"product","link":"https:\/\/chiaseklos.lt\/en\/product\/avieciu-obuoliu-sidro-actas-250ml\/","title":{"rendered":"Avie\u010di\u0173 &#8211; obuoli\u0173 sidro actas 250ml"},"content":{"rendered":"<p>Avie\u010di\u0173 &#8211; obuoli\u0173 sidro actas 250ml<\/p>\n<p>Avie\u010di\u0173 actas tinka ruo\u0161ti m\u0117sos patiekalus, gardinti salotas, konservuoti vaisius ar dar\u017eoves, la\u0161inti \u012f g\u0117rimus ar naudoti i\u0161bandant liaudies receptus. Puikiai dera su moli\u016bg\u0173 s\u0117kl\u0173, alyvuogi\u0173 ar migdol\u0173 aliejais.<\/p>\n<p>Aviet\u0117se apstu vitamino C, vitamin\u0173 B ir K, provitamino A, organini\u0173 r\u016bg\u0161\u010di\u0173, folio r\u016bg\u0161ties, gele\u017eies, mangano, kurie svarb\u016bs gerinant imunitet\u0105, kolageno gamyb\u0105, stiprinant kaulus. Liaudies medicinoje tik\u0117ta avie\u010di\u0173 ir j\u0173 lap\u0173 gydomosiomis galiomis kovojant su virusais, odos susirgimais, siekiant gerinti vir\u0161kinimo ir \u017earnyno veikl\u0105.<\/p>\n<p><strong>Spalva:<\/strong>\u00a0\u0161velni rubino, pa\u017eadinanti, dr\u0105si.<\/p>\n<p><strong>Aromatas:<\/strong>\u00a0mi\u0161ko uog\u0173, i\u0161rai\u0161kingas, intensyvus.<\/p>\n<p><strong>Skonis:<\/strong>\u00a0sald\u017eiar\u016bg\u0161tis, nat\u016bralus, sultingas.<\/p>\n<p><strong>Intensyvumas:<\/strong>\u00a0minimalus, 4 % r\u016bg\u0161tingumas.<\/p>\n<p><strong>Naudojimas:<\/strong>\u00a0ruo\u0161ti m\u0117sos patiekalus, gardinti salotas, konservuoti vaisius ar dar\u017eoves, la\u0161inti \u012f g\u0117rimus ar naudoti i\u0161bandant liaudies receptus. Puikiai dera su moli\u016bg\u0173 s\u0117kl\u0173, alyvuogi\u0173, migdol\u0173 aliejais.<\/p>\n<p><strong>Sudedamosios dalys:<\/strong>\u00a0obuoli\u0173 sidro actas su acto \u201emotin\u0117le\u201c, aviet\u0117s.<\/p>\n<p><strong>Ypatumai:<\/strong>\u00a0pagamintas su acto \u201emotin\u0117le\u201c \u0161altos ir l\u0117tos fermentacijos b\u016bdu, nepasterizuotas, nefiltruotas, be prid\u0117tinio cukraus, tinka veganams.<\/p>\n<p><strong>Talpa:<\/strong>\u00a0250 ml.<\/p>\n<p><strong>Laikymo s\u0105lygos:<\/strong>\u00a0laikyti 0\u201320 \u02daC temperat\u016broje, atokiai nuo tiesiogini\u0173 saul\u0117s spinduli\u0173.<\/p>\n<p>Tinkamumo vartoti terminas neribojamas. Galimos nat\u016bralios nuos\u0117dos.<\/p>\n<h4><strong>Sveikuoli\u0161kas \u017evalumo suteikiantis ir imunitet\u0105 stiprinantis g\u0117rimas:\u00a0<\/strong><span style=\"font-size: 14.4px;\">stiklin\u0117 \u0161ilto \u0161varaus vandens, 1-2 a.\u0161 obuoli\u0173 su aviet\u0117mis acto Oksos, \u0161. medaus, (galima papildomai paskaninti 1 a.\u0161. cinamomo).<\/span><\/h4>\n<p>Toks g\u0117rimas su obuoli\u0173 \u2013avie\u010di\u0173 sidro actu gerina med\u017eiag\u0173 apykait\u0105, padeda pa\u0161alinti i\u0161 organizmo toksinus ir veikia kaip nat\u016bralus antioksidantas, stiprina imunin\u0119 sistem\u0105. Aviet\u0117se gausu\u00a0vitamin\u0173 C, A, B, B1, B2, B9, PP, E. Meduje yra apstu amino r\u016bg\u0161\u010di\u0173 bei vitamin\u0173 ir mineral\u0173, padedan\u010di\u0173 gerinti vir\u0161kinim\u0105 ir stimuliuojan\u010di\u0173 vis\u0105 organizm\u0105. O cinamonas ne tik suteikia sotumo jausm\u0105, bet ir stabilizuoja cukraus kiek\u012f kraujyje, o tai duoda naudos norint sulieknieti.<\/p>\n<p><strong>Svarbu:<\/strong>\u00a0L\u0117tin\u0117mis ir kitomis ligomis sergantiems (vartojantiems vaistus), b\u016btina pasitarti su patikimu gydytoju, d\u0117l obuoli\u0173 acto saugaus vartojimo.<\/p>","protected":false},"excerpt":{"rendered":"<p>Avie\u010di\u0173 &#8211; obuoli\u0173 sidro actas 250ml Avie\u010di\u0173 actas tinka ruo\u0161ti m\u0117sos patiekalus, gardinti salotas, konservuoti vaisius ar dar\u017eoves, la\u0161inti \u012f g\u0117rimus ar naudoti i\u0161bandant liaudies receptus. Puikiai dera su moli\u016bg\u0173 s\u0117kl\u0173, alyvuogi\u0173 ar migdol\u0173 aliejais. Aviet\u0117se apstu vitamino C, vitamin\u0173 B ir K, provitamino A, organini\u0173 r\u016bg\u0161\u010di\u0173, folio r\u016bg\u0161ties, gele\u017eies, mangano, kurie svarb\u016bs gerinant imunitet\u0105,&#8230;<\/p>","protected":false},"featured_media":29468,"template":"","meta":{"_acf_changed":false},"product_brand":[],"product_cat":[114],"product_tag":[],"class_list":{"0":"post-29467","1":"product","2":"type-product","3":"status-publish","4":"has-post-thumbnail","6":"product_cat-actas","7":"nt-post-class","8":"","9":"masonry-item","10":"col-lg-6","14":"excerpt-none","18":"first","19":"instock","20":"taxable","21":"shipping-taxable","22":"purchasable","23":"product-type-simple","24":"add-to-wishlist-after_add_to_cart"},"acf":[],"_links":{"self":[{"href":"https:\/\/chiaseklos.lt\/en\/wp-json\/wp\/v2\/product\/29467","targetHints":{"allow":["GET"]}}],"collection":[{"href":"https:\/\/chiaseklos.lt\/en\/wp-json\/wp\/v2\/product"}],"about":[{"href":"https:\/\/chiaseklos.lt\/en\/wp-json\/wp\/v2\/types\/product"}],"wp:featuredmedia":[{"embeddable":true,"href":"https:\/\/chiaseklos.lt\/en\/wp-json\/wp\/v2\/media\/29468"}],"wp:attachment":[{"href":"https:\/\/chiaseklos.lt\/en\/wp-json\/wp\/v2\/media?parent=29467"}],"wp:term":[{"taxonomy":"product_brand","embeddable":true,"href":"https:\/\/chiaseklos.lt\/en\/wp-json\/wp\/v2\/product_brand?post=29467"},{"taxonomy":"product_cat","embeddable":true,"href":"https:\/\/chiaseklos.lt\/en\/wp-json\/wp\/v2\/product_cat?post=29467"},{"taxonomy":"product_tag","embeddable":true,"href":"https:\/\/chiaseklos.lt\/en\/wp-json\/wp\/v2\/product_tag?post=29467"}],"curies":[{"name":"wp","href":"https:\/\/api.w.org\/{rel}","templated":true}]}}