{"id":29465,"date":"2025-01-31T11:55:00","date_gmt":"2025-01-31T11:55:00","guid":{"rendered":"https:\/\/chiaseklos.lt\/?post_type=product&#038;p=29465"},"modified":"2026-03-31T08:25:48","modified_gmt":"2026-03-31T08:25:48","slug":"kriausiu-obuoliu-sidro-actas-250-ml","status":"publish","type":"product","link":"https:\/\/chiaseklos.lt\/en\/product\/kriausiu-obuoliu-sidro-actas-250-ml\/","title":{"rendered":"Kriau\u0161i\u0173 \u2013 obuoli\u0173 sidro actas 250 ml"},"content":{"rendered":"<h4 class=\"page-header-title wpex-block wpex-m-0 wpex-text-2xl\">Kriau\u0161i\u0173 \u2013 obuoli\u0173 sidro actas 250 ml<\/h4>\n<p>Kriau\u0161i\u0173 \u2013 obuoli\u0173 sidro actas \u2013 t\u016bkstantme\u010dius skai\u010diuojantis acto \/ oksos receptas, paslaptingos kriau\u0161\u0117s ir sald\u017eiar\u016bg\u0161\u010dio obuolio draugyst\u0117s rezultatas. \u017demaitijoje kruop\u0161\u010diai rankomis rinkti rudens vaisiai laikomi su acto &#8220;motin\u0117le&#8221; \u0105\u017euole daugiau nei metus. \u0104\u017euolas ne tik prisotina ingredientus savitu aromatu, bet ir padeda jiems br\u0119sti ir skleisti vis\u0105 palet\u0119 savybi\u0173: kriau\u0161ei \u2013 aksomin\u0119 tekst\u016br\u0105 ir saldum\u0105, o obuoliui \u2013 r\u016bg\u0161tel\u0119 ir gaivum\u0105.<\/p>\n<p>Kriau\u0161\u0117s \u2013 vitamino C \u0161altinis ir antioksidantas, maistini\u0173 skaidul\u0173 \u0161altinis. \u0160is vaisius stiprina vir\u0161kinimo ir imunin\u0119 sistemas, skatina odai reikalingo kolageno gamyb\u0105. Tradicin\u0117je kin\u0173 medicinoje tik\u0117ta, kad kriau\u0161\u0117s tinkamos vartoti detoksikacijos tikslais ar siekiant suma\u017einti kosulio, laringito, op\u0173 ar viduri\u0173 u\u017ekiet\u0117jimo simptomus.<\/p>\n<p><strong>Spalva:<\/strong>\u00a0rudens saul\u0117s, intensyvi ir skaidri.<\/p>\n<p><strong>Aromatas:<\/strong>\u00a0melodingas, \u0105\u017euolo, rudens obuoli\u0173 ir \u0161velni\u0173 kriau\u0161i\u0173.<\/p>\n<p><strong>Skonis:<\/strong>\u00a0turtingas, sald\u017eiar\u016bg\u0161tis, nostalgi\u0161kas, subalansuotas.<\/p>\n<p><strong>Intensyvumas:<\/strong>\u00a0vidutinis, 5 % r\u016bg\u0161tingumas.<\/p>\n<p><strong>Naudojimas:<\/strong>\u00a0ruo\u0161iant m\u0117sos (kiaulienos, antienos, laukin\u0117s pauk\u0161tienos) patiekalus, la\u0161inti \u012f g\u0117rimus ar naudoti i\u0161bandant liaudies receptus.<\/p>\n<p><strong>Sudedamosios dalys:<\/strong>\u00a0kriau\u0161i\u0173, obuoli\u0173 sultys, acto \u201emotin\u0117l\u0117\u201c.<\/p>\n<p><strong>Ypatumai:<\/strong>\u00a0pagamintas su acto \u201emotin\u0117le\u201c \u0161altos ir l\u0117tos fermentacijos b\u016bdu, nepasterizuotas, nefiltruotas, be prid\u0117tinio cukraus, tinka veganams.<\/p>\n<p><strong>Talpa:<\/strong>\u00a0250 ml.<\/p>\n<p><strong>Laikymo s\u0105lygos:<\/strong>\u00a0laikyti 0\u201320 \u02daC temperat\u016broje, atokiai nuo tiesiogini\u0173 saul\u0117s spinduli\u0173.<\/p>\n<p>Tinkamumo vartoti terminas neribojamas. Galimos nat\u016bralios nuos\u0117dos.<\/p>\n<p><strong>Kilm\u0117s \u0161alis:<\/strong>\u00a0Lietuva<\/p>\n<p><strong>Pagaminta:<\/strong>\u00a0\u017demaitijoje,<\/p>\n<p>MB \u201eArtr\u016bna\u201c<\/p>","protected":false},"excerpt":{"rendered":"<p>Kriau\u0161i\u0173 \u2013 obuoli\u0173 sidro actas 250 ml Kriau\u0161i\u0173 \u2013 obuoli\u0173 sidro actas \u2013 t\u016bkstantme\u010dius skai\u010diuojantis acto \/ oksos receptas, paslaptingos kriau\u0161\u0117s ir sald\u017eiar\u016bg\u0161\u010dio obuolio draugyst\u0117s rezultatas. \u017demaitijoje kruop\u0161\u010diai rankomis rinkti rudens vaisiai laikomi su acto &#8220;motin\u0117le&#8221; \u0105\u017euole daugiau nei metus. \u0104\u017euolas ne tik prisotina ingredientus savitu aromatu, bet ir padeda jiems br\u0119sti ir skleisti vis\u0105&#8230;<\/p>","protected":false},"featured_media":29466,"template":"","meta":{"_acf_changed":false},"product_brand":[],"product_cat":[114,88],"product_tag":[],"class_list":{"0":"post-29465","1":"product","2":"type-product","3":"status-publish","4":"has-post-thumbnail","6":"product_cat-actas","7":"product_cat-naujiena","8":"nt-post-class","9":"","10":"masonry-item","11":"col-lg-6","15":"excerpt-none","19":"first","20":"instock","21":"taxable","22":"shipping-taxable","23":"purchasable","24":"product-type-simple","25":"add-to-wishlist-after_add_to_cart"},"acf":[],"_links":{"self":[{"href":"https:\/\/chiaseklos.lt\/en\/wp-json\/wp\/v2\/product\/29465","targetHints":{"allow":["GET"]}}],"collection":[{"href":"https:\/\/chiaseklos.lt\/en\/wp-json\/wp\/v2\/product"}],"about":[{"href":"https:\/\/chiaseklos.lt\/en\/wp-json\/wp\/v2\/types\/product"}],"wp:featuredmedia":[{"embeddable":true,"href":"https:\/\/chiaseklos.lt\/en\/wp-json\/wp\/v2\/media\/29466"}],"wp:attachment":[{"href":"https:\/\/chiaseklos.lt\/en\/wp-json\/wp\/v2\/media?parent=29465"}],"wp:term":[{"taxonomy":"product_brand","embeddable":true,"href":"https:\/\/chiaseklos.lt\/en\/wp-json\/wp\/v2\/product_brand?post=29465"},{"taxonomy":"product_cat","embeddable":true,"href":"https:\/\/chiaseklos.lt\/en\/wp-json\/wp\/v2\/product_cat?post=29465"},{"taxonomy":"product_tag","embeddable":true,"href":"https:\/\/chiaseklos.lt\/en\/wp-json\/wp\/v2\/product_tag?post=29465"}],"curies":[{"name":"wp","href":"https:\/\/api.w.org\/{rel}","templated":true}]}}