{"id":29461,"date":"2025-01-31T11:38:20","date_gmt":"2025-01-31T11:38:20","guid":{"rendered":"https:\/\/chiaseklos.lt\/?post_type=product&#038;p=29461"},"modified":"2026-03-23T13:10:02","modified_gmt":"2026-03-23T13:10:02","slug":"obuoliu-sidro-actas-oksos-250ml","status":"publish","type":"product","link":"https:\/\/chiaseklos.lt\/en\/product\/obuoliu-sidro-actas-oksos-250ml\/","title":{"rendered":"Obuoli\u0173 sidro actas &#8211; OKSOS 250ml"},"content":{"rendered":"<p>OKSOS Obuoli\u0173 sidro actas<\/p>\n<p>Nat\u016bralus obuoli\u0173 sidro actas \u201eOksos\u201c \u2013 turtingo skonio, r\u016bpestingas, daugiasluoksnis. \u0160velniai r\u016bg\u0161tus (5 %) medaus spalvos , su obuoli\u0173 sul\u010di\u0173, medaus, obel\u0173 \u017eied\u0173 ir obuoli\u0173 sidro aromatu.<\/p>\n<p>\u201eOksos\u201c brandinamas \u0105\u017euole, galiausiai tampa unikaliu, aukso spalvos, \u0161velniai r\u016bg\u0161\u010diu obuoli\u0173 sidro actu su obuoli\u0173, medaus, obel\u0173 \u017eied\u0173 ir \u0105\u017euolo skonio natomis. \u0104\u017euolo medienoje esantys eteriniai aliejai suformuoja subtil\u0173 acto skon\u012f ir unikalias \u0105\u017euolo poskoni\u0173 savybes.<\/p>\n<p>Obuoli\u0173 sidro actas \u201eOksos\u201c be GMO, be prid\u0117tinio cukraus, nefiltruotas, nepasterizuotas, tod\u0117l jis tinkamas vartoti veganams.<\/p>\n<p><strong>Sud\u0117tis:<\/strong>\u00a0Obuoli\u0173 sidro actas<\/p>\n<p>Pagamintas i\u0161 rinktini\u0173 obuoli\u0173 sul\u010di\u0173 ir acto \u201emotin\u0117l\u0117s\u201c.<\/p>\n<p>Obuoli\u0173 actas buvo naudojamas t\u016bkstan\u010dius met\u0173 visame pasaulyje, ir mes d\u017eiaugiam\u0117s gal\u0117dami t\u0119sti \u0161i\u0105 tradicij\u0105. M\u016bs\u0173 Oksos gaminamas i\u0161 lietuvi\u0161k\u0173 rinktini\u0173 obuoli\u0173. L\u0117tos fermentacijos b\u016bdu, puosel\u0117jant naudingus mikrobus \u2013 vadinamus acto \u201emotin\u0117le\u201c, brandinat \u0105\u017euolo statin\u0117se, galiausiai tampa unikalus, aukso spalvos, \u0161velnus sidro actas su obuoli\u0173 ir \u0105\u017euolo skonio natomis.<\/p>\n<p><strong>I\u0161vaizda:<\/strong>\u00a0aukso, medaus spalvos skystis<\/p>\n<p><strong>Aromatai:<\/strong>\u00a0obuoli\u0173 sul\u010di\u0173, medaus, obel\u0173 \u017eied\u0173, obuoli\u0173 sidro.<\/p>\n<p><strong>Skonis:<\/strong>\u00a0\u0161velniai r\u016bg\u0161tus<\/p>\n<p>Vegani\u0161kas, be GMO, be gliuteno, be prid\u0117tinio cukraus (tik nat\u016bralus i\u0161 obuoli\u0173)<\/p>\n<p><strong>R\u016bg\u0161tingumas<\/strong>\u00a05 %<\/p>\n<p><strong>Kilm\u0117s \u0161alis:<\/strong>\u00a0Lietuva<\/p>\n<p><strong>Pagaminta:<\/strong>\u00a0\u017demaitijoje<\/p>\n<p><strong>Gamintojas:<\/strong>\u00a0MB \u201eArtr\u016bna\u201c<\/p>\n<p><strong>Sveikuoli\u0161kas \u017evalumo suteikiantis ir imunitet\u0105 stiprinantis g\u0117rimas<\/strong><\/p>\n<ul>\n<li>stiklin\u0117 \u0161ilto vandens, 2 a.\u0161 obuoli\u0173 acto Oksos, 1 a.\u0161. medaus, (galima papildomai paskaninti 1 a.\u0161. cinamomo).<\/li>\n<\/ul>\n<p>Toks g\u0117rimas su nat\u016braliu obuoli\u0173 actu gerina med\u017eiag\u0173 apykait\u0105, prisotina krauj\u0105 ir k\u016bn\u0105 vandenilio jonais H+, padeda pa\u0161alinti i\u0161 organizmo toksinus ir veikia kaip nat\u016bralus antioksidantas, stiprina imunin\u0119 sistem\u0105. Meduje yra apstu amino r\u016bg\u0161\u010di\u0173 bei vitamin\u0173 ir mineral\u0173, padedan\u010di\u0173 gerinti vir\u0161kinim\u0105 ir stimuliuojan\u010di\u0173 vis\u0105 organizm\u0105. O cinamonas ne tik suteikia sotumo jausm\u0105, bet ir stabilizuoja cukraus kiek\u012f kraujyje, o tai duoda naudos norint sulieknieti.<\/p>\n<p><strong>Kompresams, \u012ftrinimams sanari\u0173 ir raumen\u0173 skausmo mal\u0161inimui:<\/strong><\/p>\n<ul>\n<li>obuoli\u0173 actu \u012ftrinti maud\u017eian\u010dius raumenis, palaukti kol actas susigers \u012f od\u0105. Specifinis kvapas netrukus i\u0161garuos, o raumenys atsipalaiduos. Kad miegas b\u016bt\u0173 gilesnis rekomenduojama \u0161iuo actu \u012ftrinti kojas nuo p\u0117d\u0173 iki keli\u0173.<\/li>\n<li>suvilgius marl\u0119 obuoli\u0173 acte d\u0117ti i\u0161ilgai stuburo, u\u017ekloti \u0161iltai rank\u0161luos\u010diu ir palaikyti 15-20 min. Toks kompresas nuima nugaros raumen\u0173 spazmus, nuovarg\u012f ir atpalaiduoja.<\/li>\n<\/ul>\n<p><strong>Nuo padidinto kraujosp\u016bd\u017eio, \u0161irdies priepuoli\u0173 ir kar\u0161\u010diavimo:<\/strong><\/p>\n<ul>\n<li>suvilgius kojines iki keli\u0173 obuoli\u0173 acte, u\u017esidedam ir palaikom 15-20 min. prie\u0161 einant miegoti. Tokiu b\u016bdu i\u0161ple\u010diamos kraujagysl\u0117s, taip krajui leid\u017eiam lengvai tek\u0117ti, tuo metu kraujas prisotinamas vandenilio H+ jonais ir deguonimi.<\/li>\n<li>kar\u0161\u010diavim\u0105 ma\u017eina acto kompresai p\u0117doms \u201eacto kojin\u0117s\u201c. Sudr\u0117kinkite kojines obuoli\u0173 actu Oksos ir apsiaukite. Ant j\u0173 u\u017evyniokite celofanin\u012f mai\u0161el\u012f, rank\u0161luost\u012f ir \u0161iltai apsiklokite. Geresniam efektui u\u017esid\u0117ti suvilgytus acte mar\u0161kin\u0117lius.<\/li>\n<\/ul>\n<p><strong>Ken\u010diantiems nuo refliukso:<\/strong><\/p>\n<ul>\n<li>i\u0161g\u0117rus \u0161ilto\/drungno vandens stiklin\u0119 su 1 \u0161auk\u0161tu Oksos, pakankamai greit pranyksta refliukso sukeliami nemalon\u016bs poj\u016b\u010diai, tokie kaip : r\u0117muo, r\u016bg\u0161ties jutimas ir nemalonus skonis burnoje, maisto atpylimas, atsir\u016bgimas r\u016bg\u0161\u010diu turiniu, pykinimas ir t.t.<\/li>\n<\/ul>\n<p><strong>Kraujo par\u016bg\u0161tinimas yra pagrindinis prie\u0161nuodis stresams ir geros sveikatos s\u0105lyga. R\u016bg\u0161tus kraujas ma\u017eina jaudul\u012f bei susierzinim\u0105. Tod\u0117l stres\u0105 arba jaudul\u012f padeda \u012fveikti papildomas kraujo par\u016bg\u0161tinimas obuoli\u0173 actu Oksos.<\/strong><\/p>\n<p><strong>Svarbu:<\/strong>\u00a0L\u0117tin\u0117mis ir kitomis ligomis sergantiems (vartojantiems vaistus), d\u0117l obuoli\u0173 acto saugaus vartojimo b\u016btina pasitarti su patikimu gydytoju.<\/p>\n<p>&nbsp;<\/p>","protected":false},"excerpt":{"rendered":"<p>OKSOS Obuoli\u0173 sidro actas Nat\u016bralus obuoli\u0173 sidro actas \u201eOksos\u201c \u2013 turtingo skonio, r\u016bpestingas, daugiasluoksnis. \u0160velniai r\u016bg\u0161tus (5 %) medaus spalvos , su obuoli\u0173 sul\u010di\u0173, medaus, obel\u0173 \u017eied\u0173 ir obuoli\u0173 sidro aromatu. \u201eOksos\u201c brandinamas \u0105\u017euole, galiausiai tampa unikaliu, aukso spalvos, \u0161velniai r\u016bg\u0161\u010diu obuoli\u0173 sidro actu su obuoli\u0173, medaus, obel\u0173 \u017eied\u0173 ir \u0105\u017euolo skonio natomis. \u0104\u017euolo medienoje&#8230;<\/p>","protected":false},"featured_media":29462,"template":"","meta":{"_acf_changed":false},"product_brand":[],"product_cat":[114,88],"product_tag":[],"class_list":{"0":"post-29461","1":"product","2":"type-product","3":"status-publish","4":"has-post-thumbnail","6":"product_cat-actas","7":"product_cat-naujiena","8":"nt-post-class","9":"","10":"masonry-item","11":"col-lg-6","15":"excerpt-none","19":"first","20":"instock","21":"taxable","22":"shipping-taxable","23":"purchasable","24":"product-type-simple","25":"add-to-wishlist-after_add_to_cart"},"acf":[],"_links":{"self":[{"href":"https:\/\/chiaseklos.lt\/en\/wp-json\/wp\/v2\/product\/29461","targetHints":{"allow":["GET"]}}],"collection":[{"href":"https:\/\/chiaseklos.lt\/en\/wp-json\/wp\/v2\/product"}],"about":[{"href":"https:\/\/chiaseklos.lt\/en\/wp-json\/wp\/v2\/types\/product"}],"wp:featuredmedia":[{"embeddable":true,"href":"https:\/\/chiaseklos.lt\/en\/wp-json\/wp\/v2\/media\/29462"}],"wp:attachment":[{"href":"https:\/\/chiaseklos.lt\/en\/wp-json\/wp\/v2\/media?parent=29461"}],"wp:term":[{"taxonomy":"product_brand","embeddable":true,"href":"https:\/\/chiaseklos.lt\/en\/wp-json\/wp\/v2\/product_brand?post=29461"},{"taxonomy":"product_cat","embeddable":true,"href":"https:\/\/chiaseklos.lt\/en\/wp-json\/wp\/v2\/product_cat?post=29461"},{"taxonomy":"product_tag","embeddable":true,"href":"https:\/\/chiaseklos.lt\/en\/wp-json\/wp\/v2\/product_tag?post=29461"}],"curies":[{"name":"wp","href":"https:\/\/api.w.org\/{rel}","templated":true}]}}