{"id":29137,"date":"2025-01-10T14:20:50","date_gmt":"2025-01-10T14:20:50","guid":{"rendered":"https:\/\/chiaseklos.lt\/?post_type=product&#038;p=29137"},"modified":"2025-11-18T17:49:34","modified_gmt":"2025-11-18T17:49:34","slug":"mini-lesiu-trapuciai-grietines-ir-svogunu-skonio-70g","status":"publish","type":"product","link":"https:\/\/chiaseklos.lt\/en\/product\/mini-lesiu-trapuciai-grietines-ir-svogunu-skonio-70g\/","title":{"rendered":"Mini l\u0119\u0161i\u0173 trapu\u010diai grietin\u0117s ir svog\u016bn\u0173 skonio 70g"},"content":{"rendered":"<h1 class=\"product_title entry-title elementor-heading-title elementor-size-default\">Mini l\u0119\u0161i\u0173 trapu\u010diai grietin\u0117s ir svog\u016bn\u0173 skonio 70g<\/h1>\n<p>Nekepta riebaluose, ma\u017eai riebal\u0173, ma\u017eai so\u010di\u0173j\u0173 riebal\u0173, baltym\u0173 \u0161altinis, daug skaidulini\u0173 med\u017eiag\u0173, tinka vegetarams.<\/p>\n<p><strong>Sudedamosios dalys ir alergenai:<\/strong>\u00a0L\u0119\u0161i\u0173 trapu\u010diai 79% (l\u0119\u0161i\u0173 miltai, rud\u0173j\u0173 ry\u017ei\u0173 miltai, \u017eirni\u0173 baltymai, Fava pup\u0173 baltymai), prieskoni\u0173 mi\u0161inys grietin\u0117s ir svog\u016bn\u0173 skonio 11% ( maltodekstrinas, druska, svog\u016bn\u0173 milteliai, cukrus, grietin\u0117l\u0117s milteliai, mieli\u0173 ekstrakto milteliai, \u010desnak\u0173 milteliai, petra\u017eol\u0117s, r\u016bg\u0161tingum\u0105 reguliuojanti med\u017eiaga citrin\u0173 r\u016bg\u0161tis, kvapioji med\u017eiaga ), raps\u0173 aliejus.<\/p>\n<p><strong>Produkto maistingumas (100 g):<\/strong>\u00a0energin\u0117 vert\u0117 1558 kJ\/370 kcal., riebalai 10,7 g., i\u0161 j\u0173 so\u010di\u0173j\u0173 riebal\u0173 1,0 g., angliavandeniai 10,7 g., i\u0161 j\u0173 cukr\u0173 46,3 g., skaidulin\u0117s med\u017eiagos 2,8 g., baltymai 5,2 g., druska 19,6 g.<\/p>","protected":false},"excerpt":{"rendered":"<p>Mini l\u0119\u0161i\u0173 trapu\u010diai grietin\u0117s ir svog\u016bn\u0173 skonio 70g Nekepta riebaluose, ma\u017eai riebal\u0173, ma\u017eai so\u010di\u0173j\u0173 riebal\u0173, baltym\u0173 \u0161altinis, daug skaidulini\u0173 med\u017eiag\u0173, tinka vegetarams. Sudedamosios dalys ir alergenai:\u00a0L\u0119\u0161i\u0173 trapu\u010diai 79% (l\u0119\u0161i\u0173 miltai, rud\u0173j\u0173 ry\u017ei\u0173 miltai, \u017eirni\u0173 baltymai, Fava pup\u0173 baltymai), prieskoni\u0173 mi\u0161inys grietin\u0117s ir svog\u016bn\u0173 skonio 11% ( maltodekstrinas, druska, svog\u016bn\u0173 milteliai, cukrus, grietin\u0117l\u0117s milteliai, mieli\u0173 ekstrakto&#8230;<\/p>","protected":false},"featured_media":29138,"template":"","meta":{"_acf_changed":false},"product_brand":[],"product_cat":[88],"product_tag":[],"class_list":{"0":"post-29137","1":"product","2":"type-product","3":"status-publish","4":"has-post-thumbnail","6":"product_cat-naujiena","7":"nt-post-class","8":"","9":"masonry-item","10":"col-lg-6","14":"excerpt-none","18":"first","19":"outofstock","20":"taxable","21":"shipping-taxable","22":"purchasable","23":"product-type-simple","24":"add-to-wishlist-after_add_to_cart"},"acf":[],"_links":{"self":[{"href":"https:\/\/chiaseklos.lt\/en\/wp-json\/wp\/v2\/product\/29137","targetHints":{"allow":["GET"]}}],"collection":[{"href":"https:\/\/chiaseklos.lt\/en\/wp-json\/wp\/v2\/product"}],"about":[{"href":"https:\/\/chiaseklos.lt\/en\/wp-json\/wp\/v2\/types\/product"}],"wp:featuredmedia":[{"embeddable":true,"href":"https:\/\/chiaseklos.lt\/en\/wp-json\/wp\/v2\/media\/29138"}],"wp:attachment":[{"href":"https:\/\/chiaseklos.lt\/en\/wp-json\/wp\/v2\/media?parent=29137"}],"wp:term":[{"taxonomy":"product_brand","embeddable":true,"href":"https:\/\/chiaseklos.lt\/en\/wp-json\/wp\/v2\/product_brand?post=29137"},{"taxonomy":"product_cat","embeddable":true,"href":"https:\/\/chiaseklos.lt\/en\/wp-json\/wp\/v2\/product_cat?post=29137"},{"taxonomy":"product_tag","embeddable":true,"href":"https:\/\/chiaseklos.lt\/en\/wp-json\/wp\/v2\/product_tag?post=29137"}],"curies":[{"name":"wp","href":"https:\/\/api.w.org\/{rel}","templated":true}]}}