{"id":29134,"date":"2025-01-10T14:02:11","date_gmt":"2025-01-10T14:02:11","guid":{"rendered":"https:\/\/chiaseklos.lt\/?post_type=product&#038;p=29134"},"modified":"2025-11-18T17:50:05","modified_gmt":"2025-11-18T17:50:05","slug":"mini-avinzirniu-trapuciai-su-spirulina-70g","status":"publish","type":"product","link":"https:\/\/chiaseklos.lt\/en\/product\/mini-avinzirniu-trapuciai-su-spirulina-70g\/","title":{"rendered":"Mini avin\u017eirni\u0173 trapu\u010diai su spirulina 70g"},"content":{"rendered":"<h1 class=\"product_title entry-title elementor-heading-title elementor-size-default\">Mini avin\u017eirni\u0173 trapu\u010diai su spirulina 70g<\/h1>\n<p>Nekepta riebaluose, daug skaidulini\u0173 med\u017eiag\u0173, ma\u017eai so\u010di\u0173j\u0173 riebal\u0173, baltym\u0173 \u0161altinis, tinka vegetarams.<\/p>\n<p><strong>Sudedamosios dalys ir alergenai:<\/strong>\u00a0avin\u017eirni\u0173 miltai 37%, ry\u017ei\u0173 miltai, bulvi\u0173 dribsniai, bulvi\u0173 krakmolas, kukur\u016bz\u0173 krakmolas, spirulinos miltai 2%, druska, raps\u0173 aliejus, emulsiklis raps\u0173 lecitinas.<\/p>\n<p><strong>Produkto maistingumas (100 g):<\/strong>\u00a0energin\u0117 vert\u0117 1643 kJ\/ 388 kcal., riebalai 3,2 g., i\u0161 j\u0173 so\u010di\u0173j\u0173 riebal\u0173 0,3 g., angliavandeniai 73,1 g., i\u0161 j\u0173 cukr\u0173 4,4 g., skaidulin\u0117s med\u017eiagos 6,1 g., baltymai 13,7 g., druska 1,3 g.<\/p>","protected":false},"excerpt":{"rendered":"<p>Mini avin\u017eirni\u0173 trapu\u010diai su spirulina 70g Nekepta riebaluose, daug skaidulini\u0173 med\u017eiag\u0173, ma\u017eai so\u010di\u0173j\u0173 riebal\u0173, baltym\u0173 \u0161altinis, tinka vegetarams. Sudedamosios dalys ir alergenai:\u00a0avin\u017eirni\u0173 miltai 37%, ry\u017ei\u0173 miltai, bulvi\u0173 dribsniai, bulvi\u0173 krakmolas, kukur\u016bz\u0173 krakmolas, spirulinos miltai 2%, druska, raps\u0173 aliejus, emulsiklis raps\u0173 lecitinas. Produkto maistingumas (100 g):\u00a0energin\u0117 vert\u0117 1643 kJ\/ 388 kcal., riebalai 3,2 g., i\u0161 j\u0173&#8230;<\/p>","protected":false},"featured_media":29135,"template":"","meta":{"_acf_changed":false},"product_brand":[],"product_cat":[70],"product_tag":[],"class_list":{"0":"post-29134","1":"product","2":"type-product","3":"status-publish","4":"has-post-thumbnail","6":"product_cat-akcijos","7":"nt-post-class","8":"","9":"masonry-item","10":"col-lg-6","14":"excerpt-none","18":"first","19":"outofstock","20":"taxable","21":"shipping-taxable","22":"purchasable","23":"product-type-simple","24":"add-to-wishlist-after_add_to_cart"},"acf":[],"_links":{"self":[{"href":"https:\/\/chiaseklos.lt\/en\/wp-json\/wp\/v2\/product\/29134","targetHints":{"allow":["GET"]}}],"collection":[{"href":"https:\/\/chiaseklos.lt\/en\/wp-json\/wp\/v2\/product"}],"about":[{"href":"https:\/\/chiaseklos.lt\/en\/wp-json\/wp\/v2\/types\/product"}],"wp:featuredmedia":[{"embeddable":true,"href":"https:\/\/chiaseklos.lt\/en\/wp-json\/wp\/v2\/media\/29135"}],"wp:attachment":[{"href":"https:\/\/chiaseklos.lt\/en\/wp-json\/wp\/v2\/media?parent=29134"}],"wp:term":[{"taxonomy":"product_brand","embeddable":true,"href":"https:\/\/chiaseklos.lt\/en\/wp-json\/wp\/v2\/product_brand?post=29134"},{"taxonomy":"product_cat","embeddable":true,"href":"https:\/\/chiaseklos.lt\/en\/wp-json\/wp\/v2\/product_cat?post=29134"},{"taxonomy":"product_tag","embeddable":true,"href":"https:\/\/chiaseklos.lt\/en\/wp-json\/wp\/v2\/product_tag?post=29134"}],"curies":[{"name":"wp","href":"https:\/\/api.w.org\/{rel}","templated":true}]}}