{"id":28874,"date":"2024-12-17T11:23:25","date_gmt":"2024-12-17T11:23:25","guid":{"rendered":"https:\/\/chiaseklos.lt\/?post_type=product&#038;p=28874"},"modified":"2025-05-17T04:06:01","modified_gmt":"2025-05-17T04:06:01","slug":"dovanu-rinkinys-baylis-harding-body-rinkinys-4-dalys","status":"publish","type":"product","link":"https:\/\/chiaseklos.lt\/en\/product\/dovanu-rinkinys-baylis-harding-body-rinkinys-4-dalys\/","title":{"rendered":"Dovan\u0173 rinkinys Baylis &#038; Harding Body rinkinys, 4 dalys"},"content":{"rendered":"<p>Dovan\u0173 rinkinys Baylis &amp; Harding Body rinkinys, 4 dalys<\/p>\n<p>Praturtinta nuostabiu ro\u017ei\u0173 aromatu.<\/p>\n<p>Rinkin\u012f sudaro:<\/p>\n<ul>\n<li>Du\u0161o kremas 300 ml<\/li>\n<li>Rank\u0173 ir k\u016bno pienelis 200 ml<\/li>\n<li>Dvi putojan\u010dios vonios bombos po 75 g<\/li>\n<\/ul>\n<p>Be paraben\u0173.<br \/>\nTinka veganams.<br \/>\nSukurta Anglijoje.<\/p>","protected":false},"excerpt":{"rendered":"<p>Dovan\u0173 rinkinys Baylis &amp; Harding Body rinkinys, 4 dalys Praturtinta nuostabiu ro\u017ei\u0173 aromatu. Rinkin\u012f sudaro: Du\u0161o kremas 300 ml Rank\u0173 ir k\u016bno pienelis 200 ml Dvi putojan\u010dios vonios bombos po 75 g Be paraben\u0173. Tinka veganams. Sukurta Anglijoje.<\/p>","protected":false},"featured_media":28875,"template":"","meta":{"_acf_changed":false},"product_brand":[],"product_cat":[95],"product_tag":[],"class_list":{"0":"post-28874","1":"product","2":"type-product","3":"status-publish","4":"has-post-thumbnail","6":"product_cat-rinkiniai","7":"nt-post-class","8":"","9":"masonry-item","10":"col-lg-6","14":"excerpt-none","18":"first","19":"instock","20":"taxable","21":"shipping-taxable","22":"purchasable","23":"product-type-simple","24":"add-to-wishlist-after_add_to_cart"},"acf":[],"_links":{"self":[{"href":"https:\/\/chiaseklos.lt\/en\/wp-json\/wp\/v2\/product\/28874","targetHints":{"allow":["GET"]}}],"collection":[{"href":"https:\/\/chiaseklos.lt\/en\/wp-json\/wp\/v2\/product"}],"about":[{"href":"https:\/\/chiaseklos.lt\/en\/wp-json\/wp\/v2\/types\/product"}],"wp:featuredmedia":[{"embeddable":true,"href":"https:\/\/chiaseklos.lt\/en\/wp-json\/wp\/v2\/media\/28875"}],"wp:attachment":[{"href":"https:\/\/chiaseklos.lt\/en\/wp-json\/wp\/v2\/media?parent=28874"}],"wp:term":[{"taxonomy":"product_brand","embeddable":true,"href":"https:\/\/chiaseklos.lt\/en\/wp-json\/wp\/v2\/product_brand?post=28874"},{"taxonomy":"product_cat","embeddable":true,"href":"https:\/\/chiaseklos.lt\/en\/wp-json\/wp\/v2\/product_cat?post=28874"},{"taxonomy":"product_tag","embeddable":true,"href":"https:\/\/chiaseklos.lt\/en\/wp-json\/wp\/v2\/product_tag?post=28874"}],"curies":[{"name":"wp","href":"https:\/\/api.w.org\/{rel}","templated":true}]}}