{"id":28862,"date":"2024-12-17T07:16:48","date_gmt":"2024-12-17T07:16:48","guid":{"rendered":"https:\/\/chiaseklos.lt\/?post_type=product&#038;p=28862"},"modified":"2026-04-17T11:13:14","modified_gmt":"2026-04-17T11:13:14","slug":"mane-nuramina-prieskonine-kanapiu-ziedu-arbata-30g","status":"publish","type":"product","link":"https:\/\/chiaseklos.lt\/en\/product\/mane-nuramina-prieskonine-kanapiu-ziedu-arbata-30g\/","title":{"rendered":"Mane nuramina, Prieskonin\u0117 kanapi\u0173 \u017eied\u0173 arbata, 30g"},"content":{"rendered":"<p>Mane nuramina, Prieskonin\u0117 kanapi\u0173 \u017eied\u0173 arbata, 30g<\/p>\n<p>Dienos pabaiga kvapniai i\u0161siskleid\u017eia puodelyje: \u0161viesiai raminanti kanap\u0117, gilesniam miegui nuteikian\u010dios levandos ir visk\u0105 subalansuojantis ajeras kvie\u010dia poilsiui ne tik k\u016bn\u0105, bet ir siel\u0105.<\/p>\n<p><strong>Sud\u0117tis:<\/strong>\u00a0kanapi\u0173 \u017eiedai, \u0161altm\u0117t\u0117, citrin\u017eol\u0117, rozmarinas, levand\u0173 \u017eiedai, ajero \u0161aknis.<\/p>\n<p><strong>Savyb\u0117s:\u00a0<\/strong>raminanti, spaudim\u0105 ma\u017einanti ir kv\u0117pavim\u0105 lengvinanti arbata.<\/p>\n<p>\u0160i arbata labiau tiks vakarui, po sunkios darbo dienos arba ramiam rytui: kanap\u0117 turi raminan\u010dio, balansuojan\u010dio poveikio m\u016bs\u0173 nerv\u0173 sistemai. \u0160altm\u0117t\u0117 atpalaiduoja raumenis, reguliuoja vir\u0161kinim\u0105 ir nuotaik\u0105. Citrin\u017eol\u0117 \u017einoma kaip ma\u017einanti u\u017edegim\u0105, gerinanti vir\u0161kinim\u0105 ir padedanti kovoti su nerimu.<\/p>\n<p>Antiseptin\u0117s ir prie\u0161u\u017edegimin\u0117s rozmarino ir levandos savyb\u0117s gali pad\u0117ti kovoti su pirmaisiais per\u0161alimo simptomais.<\/p>\n<p>D\u0117l sud\u0117tyje esan\u010dio ajero \u0161aknies nerekomenduojama n\u0117\u0161\u010diosioms ir \u017eindan\u010dioms.<\/p>\n<p><strong>Skonis:\u00a0<\/strong>turtingo g\u0117li\u0173 aromato, nauj\u0173 derini\u0173 atradim\u0173 kupino skonio.<\/p>\n<p><strong>Paruo\u0161imas:\u00a0<\/strong>\u012eberkite 1 a. \u0161. arbatos \u012f puodel\u012f. U\u017epilkite verdan\u010diu vandeniu, palaikykite 7 min.\u00a0Gardu su medumi.<\/p>","protected":false},"excerpt":{"rendered":"<p>Mane nuramina, Prieskonin\u0117 kanapi\u0173 \u017eied\u0173 arbata, 30g Dienos pabaiga kvapniai i\u0161siskleid\u017eia puodelyje: \u0161viesiai raminanti kanap\u0117, gilesniam miegui nuteikian\u010dios levandos ir visk\u0105 subalansuojantis ajeras kvie\u010dia poilsiui ne tik k\u016bn\u0105, bet ir siel\u0105. Sud\u0117tis:\u00a0kanapi\u0173 \u017eiedai, \u0161altm\u0117t\u0117, citrin\u017eol\u0117, rozmarinas, levand\u0173 \u017eiedai, ajero \u0161aknis. Savyb\u0117s:\u00a0raminanti, spaudim\u0105 ma\u017einanti ir kv\u0117pavim\u0105 lengvinanti arbata. \u0160i arbata labiau tiks vakarui, po sunkios darbo&#8230;<\/p>","protected":false},"featured_media":28863,"template":"","meta":{"_acf_changed":false},"product_brand":[],"product_cat":[63],"product_tag":[],"class_list":{"0":"post-28862","1":"product","2":"type-product","3":"status-publish","4":"has-post-thumbnail","6":"product_cat-arbatos","7":"nt-post-class","8":"","9":"masonry-item","10":"col-lg-6","14":"excerpt-none","18":"first","19":"outofstock","20":"taxable","21":"shipping-taxable","22":"purchasable","23":"product-type-simple","24":"add-to-wishlist-after_add_to_cart"},"acf":[],"_links":{"self":[{"href":"https:\/\/chiaseklos.lt\/en\/wp-json\/wp\/v2\/product\/28862","targetHints":{"allow":["GET"]}}],"collection":[{"href":"https:\/\/chiaseklos.lt\/en\/wp-json\/wp\/v2\/product"}],"about":[{"href":"https:\/\/chiaseklos.lt\/en\/wp-json\/wp\/v2\/types\/product"}],"wp:featuredmedia":[{"embeddable":true,"href":"https:\/\/chiaseklos.lt\/en\/wp-json\/wp\/v2\/media\/28863"}],"wp:attachment":[{"href":"https:\/\/chiaseklos.lt\/en\/wp-json\/wp\/v2\/media?parent=28862"}],"wp:term":[{"taxonomy":"product_brand","embeddable":true,"href":"https:\/\/chiaseklos.lt\/en\/wp-json\/wp\/v2\/product_brand?post=28862"},{"taxonomy":"product_cat","embeddable":true,"href":"https:\/\/chiaseklos.lt\/en\/wp-json\/wp\/v2\/product_cat?post=28862"},{"taxonomy":"product_tag","embeddable":true,"href":"https:\/\/chiaseklos.lt\/en\/wp-json\/wp\/v2\/product_tag?post=28862"}],"curies":[{"name":"wp","href":"https:\/\/api.w.org\/{rel}","templated":true}]}}