{"id":28842,"date":"2024-12-16T08:04:14","date_gmt":"2024-12-16T08:04:14","guid":{"rendered":"https:\/\/chiaseklos.lt\/?post_type=product&#038;p=28842"},"modified":"2025-10-08T11:53:09","modified_gmt":"2025-10-08T11:53:09","slug":"migdolu-sviestas-350g","status":"publish","type":"product","link":"https:\/\/chiaseklos.lt\/en\/product\/migdolu-sviestas-350g\/","title":{"rendered":"Migdol\u0173 sviestas 350g"},"content":{"rendered":"<p>Migdol\u0173 sviestas 350g<\/p>\n<p>BE PTID\u0116TINIO CUKRAUS BE GMO BE PALMI\u0172 ALIEJAUS<\/p>\n<p>Labai skanu tepti ant duonel\u0117s, mai\u0161yti su \u0161aldytais vaisiais, d\u0117ti \u012f ko\u0161es ar tiesiog valgyti vien\u0105!<\/p>\n<p><strong>Maistin\u0117 ir energin\u0117 vert\u0117 100g:<\/strong>\u00a0Energetin\u0117 vert\u0117\u00a0 \u00a0696 kcal \/ 2912 kJ Riebal\u0173 62.4 g i\u0161 j\u0173 so\u010di\u0173j\u0173 riebal\u0173\u00a0 5.7 g Angliavandeni\u0173\u00a0 9.1 g i\u0161 j\u0173 cukr\u0173 7.9 g Baltym\u0173 24 g Skaidul\u0173 15.5 g.<\/p>\n<p>Sudedamosios dalys: skrudinti\u00a0<strong><em>migdol\u0173 rie\u0161utai\u00a0<\/em><\/strong>100%. Grynasis svoris: 1kg, 350 g. Produktas\u00a0<strong><em>gali sukelti alergij\u0105<\/em><\/strong>. Gali b\u016bti kit\u0173\u00a0<strong><em>rie\u0161ut\u0173<\/em><\/strong>\u00a0p\u0117dsak\u0173. Produktas galioja 12 m\u0117n. laikant v\u0117sioje vietoje ar \u0161aldytuve. Kilm\u0117s \u0161alis: Lietuva<\/p>\n<p>&nbsp;<\/p>","protected":false},"excerpt":{"rendered":"<p>Migdol\u0173 sviestas 350g BE PTID\u0116TINIO CUKRAUS BE GMO BE PALMI\u0172 ALIEJAUS Labai skanu tepti ant duonel\u0117s, mai\u0161yti su \u0161aldytais vaisiais, d\u0117ti \u012f ko\u0161es ar tiesiog valgyti vien\u0105! Maistin\u0117 ir energin\u0117 vert\u0117 100g:\u00a0Energetin\u0117 vert\u0117\u00a0 \u00a0696 kcal \/ 2912 kJ Riebal\u0173 62.4 g i\u0161 j\u0173 so\u010di\u0173j\u0173 riebal\u0173\u00a0 5.7 g Angliavandeni\u0173\u00a0 9.1 g i\u0161 j\u0173 cukr\u0173 7.9 g&#8230;<\/p>","protected":false},"featured_media":28843,"template":"","meta":{"_acf_changed":false},"product_brand":[],"product_cat":[72],"product_tag":[],"class_list":{"0":"post-28842","1":"product","2":"type-product","3":"status-publish","4":"has-post-thumbnail","6":"product_cat-sirupai","7":"nt-post-class","8":"","9":"masonry-item","10":"col-lg-6","14":"excerpt-none","18":"first","19":"outofstock","20":"taxable","21":"shipping-taxable","22":"purchasable","23":"product-type-simple","24":"add-to-wishlist-after_add_to_cart"},"acf":[],"_links":{"self":[{"href":"https:\/\/chiaseklos.lt\/en\/wp-json\/wp\/v2\/product\/28842","targetHints":{"allow":["GET"]}}],"collection":[{"href":"https:\/\/chiaseklos.lt\/en\/wp-json\/wp\/v2\/product"}],"about":[{"href":"https:\/\/chiaseklos.lt\/en\/wp-json\/wp\/v2\/types\/product"}],"wp:featuredmedia":[{"embeddable":true,"href":"https:\/\/chiaseklos.lt\/en\/wp-json\/wp\/v2\/media\/28843"}],"wp:attachment":[{"href":"https:\/\/chiaseklos.lt\/en\/wp-json\/wp\/v2\/media?parent=28842"}],"wp:term":[{"taxonomy":"product_brand","embeddable":true,"href":"https:\/\/chiaseklos.lt\/en\/wp-json\/wp\/v2\/product_brand?post=28842"},{"taxonomy":"product_cat","embeddable":true,"href":"https:\/\/chiaseklos.lt\/en\/wp-json\/wp\/v2\/product_cat?post=28842"},{"taxonomy":"product_tag","embeddable":true,"href":"https:\/\/chiaseklos.lt\/en\/wp-json\/wp\/v2\/product_tag?post=28842"}],"curies":[{"name":"wp","href":"https:\/\/api.w.org\/{rel}","templated":true}]}}