{"id":28815,"date":"2024-12-13T14:28:01","date_gmt":"2024-12-13T14:28:01","guid":{"rendered":"https:\/\/chiaseklos.lt\/?post_type=product&#038;p=28815"},"modified":"2025-11-07T07:49:20","modified_gmt":"2025-11-07T07:49:20","slug":"sveikesnis-dubai-pistachio-chocolate-55-g","status":"publish","type":"product","link":"https:\/\/chiaseklos.lt\/en\/product\/sveikesnis-dubai-pistachio-chocolate-55-g\/","title":{"rendered":"Sveikesnis DUBAI pistachio chocolate, 55 g"},"content":{"rendered":"<h3 class=\"product-single__title js-sr-loaded\">Sveikesnis DUBAI pistachio chocolate, 55 g<\/h3>\n<p><strong>Be prid\u0117tinio cukraus Be GMO Be palmi\u0173 aliejaus\u00a0<\/strong><\/p>\n<p>\u0160is desertas\u00a0\u00a0pagamintas su senoviniu b\u016bdu ruo\u0161iamu\u00a0<strong>pistacij\u0173 kremu<\/strong>, kuris i\u0161laik\u0117 beveik\u00a0<strong>visas<\/strong>\u00a0<strong>nauding\u0105sias<\/strong>\u00a0<strong>rie\u0161ut\u0173<\/strong>\u00a0<strong>savybes<\/strong>. M\u016bs\u0173 \u0161okoladas pasi\u017eymi ypatingai tra\u0161kia tekst\u016bra, yra ne per saldus ir su sodriai i\u0161reik\u0161tu pistacij\u0173 skoniu.<\/p>\n<p>\u0160is skan\u0117stas puikiai tinka tiems, kurie nori m\u0117gautis saldumynais be prid\u0117tinio cukraus ir ie\u0161ko sveikesni\u0173 alternatyv\u0173.<\/p>\n<div class=\"product-single__accordion__item-wrap rte\">Maistin\u0117 ir energin\u0117 vert\u0117 100g produkto: 2059kj\/492 kcal, riebalai 33.8 g, i\u0161 kuri\u0173 so\u010di\u0173j\u0173 r\u016bg\u0161\u010di\u0173 13.4 g, angliavandeniai 41.3 g, i\u0161 kuri\u0173 cukr\u0173 4.9 g, i\u0161 j\u0173 polioliai 17.7g, baltymai 11 g, skaidulos 2.2 g, druska 0.34 g. Sud\u0117tyje yra polioli\u0173. Vartojant dideliais kiekiais gali tur\u0117ti vidurius laisvinant\u012f poveik\u012f.<\/div>\n<div><\/div>\n<div>Sudedamosios dalys: pistacij\u0173 rie\u0161ut\u0173 kremas 29.2%, juodasis \u0161okoladas 24.9% (kakavos mas\u0117, saldiklis (maltitolis), kakavos sviestas, kvapioji med\u017eiaga vanilinas, emulsiklis (raps\u0173 lecitinas), baltasis \u0161okoladas 24.4% (saldiklis (maltitolis), kakavos sviestas, nenugriebto pieno milteliai, emulsiklis (raps\u0173 lecitinas), kvapioji med\u017eiaga vanilinas), kepta kataifi te\u0161la 19.5% (kvietiniai miltai (glitimas), vanduo, kvie\u010di\u0173 krakmolas, druska, emulsiklis (soj\u0173 lecitinas), rafinuotas saul\u0117gr\u0105\u017e\u0173 aliejus, konservantas (kalio sorbatas)), tahini pasta 1,9% (100% skrudintos luk\u0161tentos sezamo s\u0117klos), valgomoji druska. Produkte gali b\u016bti \u017eem\u0117s rie\u0161ut\u0173 ir kit\u0173 rie\u0161ut\u0173 p\u0117dsak\u0173.<\/div>\n<div>Pagaminta: Lietuvoje<\/div>\n<div>Grynasis svoris:\u00a0 55 g<\/div>","protected":false},"excerpt":{"rendered":"<p>Sveikesnis DUBAI pistachio chocolate, 55 g Be prid\u0117tinio cukraus Be GMO Be palmi\u0173 aliejaus\u00a0 \u0160is desertas\u00a0\u00a0pagamintas su senoviniu b\u016bdu ruo\u0161iamu\u00a0pistacij\u0173 kremu, kuris i\u0161laik\u0117 beveik\u00a0visas\u00a0nauding\u0105sias\u00a0rie\u0161ut\u0173\u00a0savybes. M\u016bs\u0173 \u0161okoladas pasi\u017eymi ypatingai tra\u0161kia tekst\u016bra, yra ne per saldus ir su sodriai i\u0161reik\u0161tu pistacij\u0173 skoniu. \u0160is skan\u0117stas puikiai tinka tiems, kurie nori m\u0117gautis saldumynais be prid\u0117tinio cukraus ir ie\u0161ko sveikesni\u0173&#8230;<\/p>","protected":false},"featured_media":28816,"template":"","meta":{"_acf_changed":false},"product_brand":[],"product_cat":[93,88],"product_tag":[],"class_list":{"0":"post-28815","1":"product","2":"type-product","3":"status-publish","4":"has-post-thumbnail","6":"product_cat-batoneliai-sokoladas","7":"product_cat-naujiena","8":"nt-post-class","9":"","10":"masonry-item","11":"col-lg-6","15":"excerpt-none","19":"first","20":"outofstock","21":"taxable","22":"shipping-taxable","23":"purchasable","24":"product-type-simple","25":"add-to-wishlist-after_add_to_cart"},"acf":[],"_links":{"self":[{"href":"https:\/\/chiaseklos.lt\/en\/wp-json\/wp\/v2\/product\/28815","targetHints":{"allow":["GET"]}}],"collection":[{"href":"https:\/\/chiaseklos.lt\/en\/wp-json\/wp\/v2\/product"}],"about":[{"href":"https:\/\/chiaseklos.lt\/en\/wp-json\/wp\/v2\/types\/product"}],"wp:featuredmedia":[{"embeddable":true,"href":"https:\/\/chiaseklos.lt\/en\/wp-json\/wp\/v2\/media\/28816"}],"wp:attachment":[{"href":"https:\/\/chiaseklos.lt\/en\/wp-json\/wp\/v2\/media?parent=28815"}],"wp:term":[{"taxonomy":"product_brand","embeddable":true,"href":"https:\/\/chiaseklos.lt\/en\/wp-json\/wp\/v2\/product_brand?post=28815"},{"taxonomy":"product_cat","embeddable":true,"href":"https:\/\/chiaseklos.lt\/en\/wp-json\/wp\/v2\/product_cat?post=28815"},{"taxonomy":"product_tag","embeddable":true,"href":"https:\/\/chiaseklos.lt\/en\/wp-json\/wp\/v2\/product_tag?post=28815"}],"curies":[{"name":"wp","href":"https:\/\/api.w.org\/{rel}","templated":true}]}}