{"id":28133,"date":"2024-10-18T13:31:40","date_gmt":"2024-10-18T13:31:40","guid":{"rendered":"https:\/\/chiaseklos.lt\/?post_type=product&#038;p=28133"},"modified":"2025-12-10T20:34:20","modified_gmt":"2025-12-10T20:34:20","slug":"skalbiamieji-muilo-riesutai-500g","status":"publish","type":"product","link":"https:\/\/chiaseklos.lt\/en\/product\/skalbiamieji-muilo-riesutai-500g\/","title":{"rendered":"Skalbiamieji muilo rie\u0161utai 500g"},"content":{"rendered":"<p>Skalbiamieji muilo rie\u0161utai 500g<\/p>\n<p>Kas yra muilo rie\u0161utai?\u00a0Muilo rie\u0161utai \u2013 tai Sapindus med\u017eio vaisiai, kil\u0119 i\u0161 Indijos ir Nepalo. Juose yra nat\u016bralaus muilin\u0117s med\u017eiagos \u2013 saponino, kuris suaktyv\u0117ja kontaktuodamas su vandeniu. Saponinas veikia kaip nat\u016bralus ploviklis, tod\u0117l muilo rie\u0161utai puikiai tinka \u012fvairiems skalbimo poreikiams \u2013 nuo drabu\u017ei\u0173 iki ind\u0173 plovimo.<\/p>\n<p>Tinka skalbti vis\u0173 r\u016b\u0161i\u0173 audinius (viln\u0105, \u0161ilk\u0105 ) ir trikota\u017eo gaminius atitinkamoje vandens tempert\u016broje nuo 30\u00ba &#8211; 95\u00ba . Tinka baltiems ir spalvotiems audiniams . Jie atnaujina spalvas bei suteikia audiniams mink\u0161tumo .<\/p>\n<p>Nealergizuojantis ypa\u010d tinkantys k\u016bdiki\u0173 r\u016bb\u0173, vystykl\u0173 skalbimui, patartina alergi\u0161kiems \u017emon\u0117ms, neerzina odos ir nesukelia nie\u017eulio , nekenkia rankoms.<\/p>\n<p>Kod\u0117l verta rinktis muilo rie\u0161utus?<br \/>\nDraugi\u0161ki aplinkai:\u00a0Naudojant muilo rie\u0161utus, ma\u017e\u0117ja chemin\u0117s tar\u0161os ir plastiko atliek\u0173 kiekis. Jie yra visi\u0161kai biologi\u0161kai skaid\u016bs, o panaudotus rie\u0161utus galite kompostuoti.<br \/>\nTinka alergi\u0161kiems ir jautriems \u017emon\u0117ms.\u00a0Muilo rie\u0161utuose n\u0117ra sintetini\u0173 kvap\u0173, da\u017eikli\u0173 ar chemini\u0173 med\u017eiag\u0173, tod\u0117l jie puikiai tinka k\u016bdiki\u0173 drabu\u017eiams ir alergi\u0161kiems \u017emon\u0117ms skalbti.<br \/>\nUniversalumas.\u00a0Muilo rie\u0161utai puikiai tinka ne tik drabu\u017eiams, bet ir grindims, indams bei plauk\u0173 plovimui. Tai ekonomi\u0161kas pasirinkimas, nes vien\u0105 porcij\u0105 rie\u0161ut\u0173 galima naudoti kelis kartus.<\/p>\n<p>Kaip naudoti muilo rie\u0161utus?<br \/>\n\u012ed\u0117kite 5\u20136 rie\u0161utus \u012f drobin\u012f mai\u0161el\u012f.\u00a0\u012ed\u0117kite mai\u0161el\u012f tiesiai \u012f skalbimo ma\u0161in\u0105.\u00a0Pasirinkite skalbimo program\u0105 \u2013 muilo rie\u0161utai efektyv\u016bs 30-90 laipsni\u0173 temperat\u016broje.\u00a0Panaudotus rie\u0161utus i\u0161d\u017eiovinkita ir galite naudoti dar 2\u20133 kartus arba kompostuoti.<br \/>\nPakuot\u0117je: 500g. muilo rie\u0161ut\u0173 ir medvilninis mai\u0161elis skalbimui.<\/p>\n<p>Tai \u017eingsnis \u012f tvaresn\u012f gyvenim\u0105, kuris leid\u017eia pasir\u016bpinti tiek savo namais, tiek planeta.<\/p>\n<p>&nbsp;<\/p>","protected":false},"excerpt":{"rendered":"<p>Skalbiamieji muilo rie\u0161utai 500g Kas yra muilo rie\u0161utai?\u00a0Muilo rie\u0161utai \u2013 tai Sapindus med\u017eio vaisiai, kil\u0119 i\u0161 Indijos ir Nepalo. Juose yra nat\u016bralaus muilin\u0117s med\u017eiagos \u2013 saponino, kuris suaktyv\u0117ja kontaktuodamas su vandeniu. Saponinas veikia kaip nat\u016bralus ploviklis, tod\u0117l muilo rie\u0161utai puikiai tinka \u012fvairiems skalbimo poreikiams \u2013 nuo drabu\u017ei\u0173 iki ind\u0173 plovimo. Tinka skalbti vis\u0173 r\u016b\u0161i\u0173 audinius&#8230;<\/p>","protected":false},"featured_media":28134,"template":"","meta":{"_acf_changed":false},"product_brand":[],"product_cat":[64],"product_tag":[],"class_list":{"0":"post-28133","1":"product","2":"type-product","3":"status-publish","4":"has-post-thumbnail","6":"product_cat-naturalios-priemones-odai","7":"nt-post-class","8":"","9":"masonry-item","10":"col-lg-6","14":"excerpt-none","18":"first","19":"outofstock","20":"taxable","21":"shipping-taxable","22":"purchasable","23":"product-type-simple","24":"add-to-wishlist-after_add_to_cart"},"acf":[],"_links":{"self":[{"href":"https:\/\/chiaseklos.lt\/en\/wp-json\/wp\/v2\/product\/28133","targetHints":{"allow":["GET"]}}],"collection":[{"href":"https:\/\/chiaseklos.lt\/en\/wp-json\/wp\/v2\/product"}],"about":[{"href":"https:\/\/chiaseklos.lt\/en\/wp-json\/wp\/v2\/types\/product"}],"wp:featuredmedia":[{"embeddable":true,"href":"https:\/\/chiaseklos.lt\/en\/wp-json\/wp\/v2\/media\/28134"}],"wp:attachment":[{"href":"https:\/\/chiaseklos.lt\/en\/wp-json\/wp\/v2\/media?parent=28133"}],"wp:term":[{"taxonomy":"product_brand","embeddable":true,"href":"https:\/\/chiaseklos.lt\/en\/wp-json\/wp\/v2\/product_brand?post=28133"},{"taxonomy":"product_cat","embeddable":true,"href":"https:\/\/chiaseklos.lt\/en\/wp-json\/wp\/v2\/product_cat?post=28133"},{"taxonomy":"product_tag","embeddable":true,"href":"https:\/\/chiaseklos.lt\/en\/wp-json\/wp\/v2\/product_tag?post=28133"}],"curies":[{"name":"wp","href":"https:\/\/api.w.org\/{rel}","templated":true}]}}