{"id":28129,"date":"2024-10-18T12:08:48","date_gmt":"2024-10-18T12:08:48","guid":{"rendered":"https:\/\/chiaseklos.lt\/?post_type=product&#038;p=28129"},"modified":"2026-02-10T18:52:54","modified_gmt":"2026-02-10T18:52:54","slug":"dziovinti-bananai-be-pridetinio-cukraus","status":"publish","type":"product","link":"https:\/\/chiaseklos.lt\/en\/product\/dziovinti-bananai-be-pridetinio-cukraus\/","title":{"rendered":"D\u017eiovinti bananai be prid\u0117tinio cukraus"},"content":{"rendered":"<p>D\u017eiovinti bananai be prid\u0117tinio cukraus<\/p>\n<p>D\u017eiovinti bananai be prid\u0117to cukraus \u2013 tai ne tik sveikas, bet ir maistingas u\u017ekandis. Jie puikiai praturtins pusry\u010di\u0173 ko\u0161es, jogurtus, kepinius ar desertus. Nat\u016braliai d\u017eiovinti bananai pasi\u017eymi \u0161velniu saldumu, tirpstan\u010diu burnoje, ir i\u0161skirtiniu banan\u0173 aromatu.<\/p>\n<p>Energin\u0117 ir maistin\u0117 vert\u0117 100 g: 339 kcal\/1418 kJ, riebal\u0173 1.7 g, angliavandeni\u0173 87g, i\u0161 kuri\u0173 cukr\u0173 47 g, baltym\u0173 2.9 g, druskos 0 g.<\/p>\n<p>Sudedamosios dalys: 98.9 % d\u017eiovinti bananai, 1.1% citrinos r\u016bg\u0161tis.<\/p>\n<p>Laikyti sausoje vietoje, (+10C&#8230; +20)C temperat\u016broje.<\/p>\n<p>Kilm\u0117s \u0161alis: VIETNAMAS<\/p>","protected":false},"excerpt":{"rendered":"<p>D\u017eiovinti bananai be prid\u0117tinio cukraus D\u017eiovinti bananai be prid\u0117to cukraus \u2013 tai ne tik sveikas, bet ir maistingas u\u017ekandis. Jie puikiai praturtins pusry\u010di\u0173 ko\u0161es, jogurtus, kepinius ar desertus. Nat\u016braliai d\u017eiovinti bananai pasi\u017eymi \u0161velniu saldumu, tirpstan\u010diu burnoje, ir i\u0161skirtiniu banan\u0173 aromatu. Energin\u0117 ir maistin\u0117 vert\u0117 100 g: 339 kcal\/1418 kJ, riebal\u0173 1.7 g, angliavandeni\u0173 87g, i\u0161&#8230;<\/p>","protected":false},"featured_media":28130,"template":"","meta":{"_acf_changed":false},"product_brand":[],"product_cat":[88,42],"product_tag":[],"class_list":{"0":"post-28129","1":"product","2":"type-product","3":"status-publish","4":"has-post-thumbnail","6":"product_cat-naujiena","7":"product_cat-dziovinti-vaisiai-uogos","8":"nt-post-class","9":"","10":"masonry-item","11":"col-lg-6","15":"excerpt-none","19":"first","20":"instock","21":"taxable","22":"shipping-taxable","23":"purchasable","24":"product-type-variable","25":"add-to-wishlist-after_add_to_cart"},"acf":[],"_links":{"self":[{"href":"https:\/\/chiaseklos.lt\/en\/wp-json\/wp\/v2\/product\/28129","targetHints":{"allow":["GET"]}}],"collection":[{"href":"https:\/\/chiaseklos.lt\/en\/wp-json\/wp\/v2\/product"}],"about":[{"href":"https:\/\/chiaseklos.lt\/en\/wp-json\/wp\/v2\/types\/product"}],"wp:featuredmedia":[{"embeddable":true,"href":"https:\/\/chiaseklos.lt\/en\/wp-json\/wp\/v2\/media\/28130"}],"wp:attachment":[{"href":"https:\/\/chiaseklos.lt\/en\/wp-json\/wp\/v2\/media?parent=28129"}],"wp:term":[{"taxonomy":"product_brand","embeddable":true,"href":"https:\/\/chiaseklos.lt\/en\/wp-json\/wp\/v2\/product_brand?post=28129"},{"taxonomy":"product_cat","embeddable":true,"href":"https:\/\/chiaseklos.lt\/en\/wp-json\/wp\/v2\/product_cat?post=28129"},{"taxonomy":"product_tag","embeddable":true,"href":"https:\/\/chiaseklos.lt\/en\/wp-json\/wp\/v2\/product_tag?post=28129"}],"curies":[{"name":"wp","href":"https:\/\/api.w.org\/{rel}","templated":true}]}}