{"id":28126,"date":"2024-10-18T11:47:46","date_gmt":"2024-10-18T11:47:46","guid":{"rendered":"https:\/\/chiaseklos.lt\/?post_type=product&#038;p=28126"},"modified":"2024-11-08T12:30:27","modified_gmt":"2024-11-08T12:30:27","slug":"biciu-duonele","status":"publish","type":"product","link":"https:\/\/chiaseklos.lt\/en\/product\/biciu-duonele\/","title":{"rendered":"Bi\u010di\u0173 duonel\u0117"},"content":{"rendered":"<h4>Bi\u010di\u0173 duonel\u0117<\/h4>\n<h4><span style=\"font-size: 75%;\">Bi\u010di\u0173 duona\u00a0yra gausus maistini\u0173 med\u017eiag\u0173 \u0161altinis. Tai &#8211; baltymai, angliavandeniai, vitaminai (B grup\u0117s vitaminai) ir mineralai (gele\u017eis, cinkas).<\/span><\/h4>\n<h4><span style=\"font-size: 75%;\"><strong>Bi\u010di\u0173 duonel\u0117 stiprina imunin\u0119 sistem\u0105:\u00a0<\/strong>\u00a0D\u0117l turim\u0173 vitamin\u0173, mineral\u0173 ir bioaktyvi\u0173j\u0173 med\u017eiag\u0173 bi\u010di\u0173 duona gali pad\u0117ti stiprinti imunin\u0119 sistem\u0105 ir pagerinti organizmo atsparum\u0105 ligoms.<\/span><\/h4>\n<h4><span style=\"font-size: 75%;\"><strong>Skatina vir\u0161kinim\u0105:\u00a0<\/strong>\u00a0Bi\u010di\u0173 duona gali b\u016bti naudinga vir\u0161kinimui, nes ji yra lengvai vir\u0161kinama ir turi ferment\u0173, kurie padeda vir\u0161kinti maist\u0105.<\/span><\/h4>\n<h4 class=\"accordion__title inline-richtext h4\"><span style=\"font-size: 75%;\">Sudedamosios dalys:\u00a0Bi\u010di\u0173 duonel\u0117je yra daug vitamin\u0173: C, B grup\u0117s, E, H, P, pantotein\u0117s, folin\u0117s r\u016bg\u0161\u010di\u0173. Bi\u010di\u0173 duonel\u0117je yra gele\u017eies, fosforo, kobalto ir kt. Bi\u010di\u0173 duonel\u0117je yra ferment\u0173, organini\u0173 r\u016bg\u0161\u010di\u0173, pigment\u0173. Bi\u010di\u0173 duonel\u0117 vertinga tuo, kad joje yra 20 skirting\u0173 amino r\u016bg\u0161\u010di\u0173, kuri\u0173 organizmas nesintetina, o turi gauti su maistu.<\/span><\/h4>\n<h4 class=\"accordion__title inline-richtext h4\"><span style=\"font-size: 75%;\">Kaip ir kada vartoti bi\u010di\u0173 duonel\u0119?\u00a0Bi\u010di\u0173 duonel\u0117s rekomenduojame profilakti\u0161kai vartoti po 10\u201315 g per dien\u0105 (pirmoje dienos pus\u0117je po valgio). Pavartojus vien\u0105 m\u0117nes\u012f, daryti savait\u0117s pertrauk\u0105.<\/span><br \/>\n<span style=\"font-size: 75%;\">J\u0105\u00a0galima \u010diulpti arba i\u0161tirpinti \u0161iltame vandenyje. Duonel\u0119 rekomenduojama suvalgyti neskubant, ilgiau palaikyti burnoje. J\u0105 galima mai\u0161yti su medumi.<\/span><\/h4>\n<h4><span style=\"font-size: 75%;\"><strong>Laikymo s\u0105lygos:\u00a0<\/strong>Rekomenduojama laikyti sausoje, v\u0117sioje, tamsioje vietoje sandarioje taroje.<\/span><\/h4>\n<h4><span style=\"font-size: 75%;\"><strong>Grynasis svoris\u00a0120 g.<\/strong><\/span><\/h4>","protected":false},"excerpt":{"rendered":"<p>Bi\u010di\u0173 duonel\u0117 Bi\u010di\u0173 duona\u00a0yra gausus maistini\u0173 med\u017eiag\u0173 \u0161altinis. Tai &#8211; baltymai, angliavandeniai, vitaminai (B grup\u0117s vitaminai) ir mineralai (gele\u017eis, cinkas). Bi\u010di\u0173 duonel\u0117 stiprina imunin\u0119 sistem\u0105:\u00a0\u00a0D\u0117l turim\u0173 vitamin\u0173, mineral\u0173 ir bioaktyvi\u0173j\u0173 med\u017eiag\u0173 bi\u010di\u0173 duona gali pad\u0117ti stiprinti imunin\u0119 sistem\u0105 ir pagerinti organizmo atsparum\u0105 ligoms. Skatina vir\u0161kinim\u0105:\u00a0\u00a0Bi\u010di\u0173 duona gali b\u016bti naudinga vir\u0161kinimui, nes ji yra lengvai vir\u0161kinama&#8230;<\/p>","protected":false},"featured_media":28127,"template":"","meta":{"_acf_changed":false},"product_brand":[],"product_cat":[110],"product_tag":[],"class_list":{"0":"post-28126","1":"product","2":"type-product","3":"status-publish","4":"has-post-thumbnail","6":"product_cat-medus-bei-jo-skanestai","7":"nt-post-class","8":"","9":"masonry-item","10":"col-lg-6","14":"excerpt-none","18":"first","19":"outofstock","20":"taxable","21":"shipping-taxable","22":"purchasable","23":"product-type-simple","24":"add-to-wishlist-after_add_to_cart"},"acf":[],"_links":{"self":[{"href":"https:\/\/chiaseklos.lt\/en\/wp-json\/wp\/v2\/product\/28126","targetHints":{"allow":["GET"]}}],"collection":[{"href":"https:\/\/chiaseklos.lt\/en\/wp-json\/wp\/v2\/product"}],"about":[{"href":"https:\/\/chiaseklos.lt\/en\/wp-json\/wp\/v2\/types\/product"}],"wp:featuredmedia":[{"embeddable":true,"href":"https:\/\/chiaseklos.lt\/en\/wp-json\/wp\/v2\/media\/28127"}],"wp:attachment":[{"href":"https:\/\/chiaseklos.lt\/en\/wp-json\/wp\/v2\/media?parent=28126"}],"wp:term":[{"taxonomy":"product_brand","embeddable":true,"href":"https:\/\/chiaseklos.lt\/en\/wp-json\/wp\/v2\/product_brand?post=28126"},{"taxonomy":"product_cat","embeddable":true,"href":"https:\/\/chiaseklos.lt\/en\/wp-json\/wp\/v2\/product_cat?post=28126"},{"taxonomy":"product_tag","embeddable":true,"href":"https:\/\/chiaseklos.lt\/en\/wp-json\/wp\/v2\/product_tag?post=28126"}],"curies":[{"name":"wp","href":"https:\/\/api.w.org\/{rel}","templated":true}]}}