{"id":27282,"date":"2024-07-29T06:56:28","date_gmt":"2024-07-29T06:56:28","guid":{"rendered":"https:\/\/chiaseklos.lt\/?post_type=product&#038;p=27282"},"modified":"2025-09-03T11:49:24","modified_gmt":"2025-09-03T11:49:24","slug":"kvieciai-su-medumi-400g","status":"publish","type":"product","link":"https:\/\/chiaseklos.lt\/en\/product\/kvieciai-su-medumi-400g\/","title":{"rendered":"Kvie\u010diai su medumi, 400g"},"content":{"rendered":"<h4 class=\"product_title entry-title wd-entities-title\">Kvie\u010diai su medumi, 400g<\/h4>\n<p><strong>Sudedamosios dalys<\/strong>:\u00a0<strong>kvie\u010diai<\/strong>\u00a060%, cukrus, gliukoz\u0117, medus 5%, i\u0161 dalies hidrinti augaliniai riebalai,\u00a0<strong>mie\u017ei\u0173<\/strong>\u00a0salyklo ekstraktas, emulsiklis: soj\u0173 lecitinas.<\/p>\n<p>Sud\u0117tyje gali b\u016bti\u00a0<strong>lazdyn\u0173<\/strong>\u00a0ir\u00a0<strong>\u017eem\u0117s rie\u0161ut\u0173<\/strong>,\u00a0<strong>pieno<\/strong>\u00a0p\u0117dsak\u0173.<\/p>","protected":false},"excerpt":{"rendered":"<p>Kvie\u010diai su medumi, 400g Sudedamosios dalys:\u00a0kvie\u010diai\u00a060%, cukrus, gliukoz\u0117, medus 5%, i\u0161 dalies hidrinti augaliniai riebalai,\u00a0mie\u017ei\u0173\u00a0salyklo ekstraktas, emulsiklis: soj\u0173 lecitinas. Sud\u0117tyje gali b\u016bti\u00a0lazdyn\u0173\u00a0ir\u00a0\u017eem\u0117s rie\u0161ut\u0173,\u00a0pieno\u00a0p\u0117dsak\u0173.<\/p>","protected":false},"featured_media":27283,"template":"","meta":{"_acf_changed":false},"product_brand":[],"product_cat":[113],"product_tag":[],"class_list":{"0":"post-27282","1":"product","2":"type-product","3":"status-publish","4":"has-post-thumbnail","6":"product_cat-sausi-pusryciai","7":"nt-post-class","8":"","9":"masonry-item","10":"col-lg-6","14":"excerpt-none","18":"first","19":"outofstock","20":"taxable","21":"shipping-taxable","22":"purchasable","23":"product-type-simple","24":"add-to-wishlist-after_add_to_cart"},"acf":[],"_links":{"self":[{"href":"https:\/\/chiaseklos.lt\/en\/wp-json\/wp\/v2\/product\/27282","targetHints":{"allow":["GET"]}}],"collection":[{"href":"https:\/\/chiaseklos.lt\/en\/wp-json\/wp\/v2\/product"}],"about":[{"href":"https:\/\/chiaseklos.lt\/en\/wp-json\/wp\/v2\/types\/product"}],"wp:featuredmedia":[{"embeddable":true,"href":"https:\/\/chiaseklos.lt\/en\/wp-json\/wp\/v2\/media\/27283"}],"wp:attachment":[{"href":"https:\/\/chiaseklos.lt\/en\/wp-json\/wp\/v2\/media?parent=27282"}],"wp:term":[{"taxonomy":"product_brand","embeddable":true,"href":"https:\/\/chiaseklos.lt\/en\/wp-json\/wp\/v2\/product_brand?post=27282"},{"taxonomy":"product_cat","embeddable":true,"href":"https:\/\/chiaseklos.lt\/en\/wp-json\/wp\/v2\/product_cat?post=27282"},{"taxonomy":"product_tag","embeddable":true,"href":"https:\/\/chiaseklos.lt\/en\/wp-json\/wp\/v2\/product_tag?post=27282"}],"curies":[{"name":"wp","href":"https:\/\/api.w.org\/{rel}","templated":true}]}}