{"id":27279,"date":"2024-07-29T06:49:22","date_gmt":"2024-07-29T06:49:22","guid":{"rendered":"https:\/\/chiaseklos.lt\/?post_type=product&#038;p=27279"},"modified":"2025-04-11T08:15:15","modified_gmt":"2025-04-11T08:15:15","slug":"kepintu-javainiu-misinys-su-selenu-dribsniais-500g","status":"publish","type":"product","link":"https:\/\/chiaseklos.lt\/en\/product\/kepintu-javainiu-misinys-su-selenu-dribsniais-500g\/","title":{"rendered":"Kepint\u0173 javaini\u0173 mi\u0161inys su s\u0117len\u0173 dribsniais, 500g"},"content":{"rendered":"<h4 class=\"product_title entry-title wd-entities-title\">Kepint\u0173 javaini\u0173 mi\u0161inys su s\u0117len\u0173 dribsniais, 500g<\/h4>\n<p>&nbsp;<\/p>\n<p><strong>Sudedamosios dalys:\u00a0<\/strong>viso gr\u016bdo\u00a0<strong>kvietiniai<\/strong>\u00a0miltai 40,4%, gr\u016bd\u0173 dribsni\u0173 mi\u0161inys 18,4% (<strong>avi\u017e\u0173\u00a0<\/strong>dribsniai,\u00a0<strong>kvie\u010di\u0173<\/strong>\u00a0dribsniai), cukrus, kukur\u016bz\u0173 dribsniai 8,4% (kukur\u016bz\u0173 kruopos, kukur\u016bz\u0173 miltai, cukrus, druska,\u00a0<strong>mie\u017ei\u0173<\/strong>\u00a0salyklo ekstraktas), palmi\u0173 aliejus,\u00a0<b>kvie\u010di\u0173\u00a0<\/b>s\u0117lenos 5,5%, gliukoz\u0117s sirupas, jav\u0173 ekstrudatas (<b>kvietiniai\u00a0<\/b>miltai, ry\u017ei\u0173 miltai ir\u00a0<strong>avi\u017einiai<\/strong>\u00a0miltai, cukrus, kukur\u016bz\u0173 kruopos, kukur\u016bz\u0173 krakmolas), kokoso dro\u017el\u0117s, medus 1,3%, joduota druska (valgomoji druska, kalio joditas),\u00a0<b>kvie\u010di\u0173\u00a0<\/b>krakmolas, karamel\u0117s sirupas,\u00a0<strong>mie\u017ei\u0173<\/strong>\u00a0salyklo ekstraktas, augalinis ekstraktas (paprastasis raudon\u0117lis).<\/p>\n<p>Sud\u0117tyje gali b\u016bti\u00a0<strong>soj\u0173<\/strong>,\u00a0<strong>pieno<\/strong>\u00a0ir\u00a0<strong>pieno produkt\u0173<\/strong>,\u00a0<strong>\u017eem\u0117s rie\u0161ut\u0173<\/strong>,\u00a0<strong>kit\u0173 rie\u0161ut\u0173<\/strong>\u00a0ir\u00a0<strong>sezamo<\/strong>\u00a0p\u0117dsak\u0173.<\/p>\n<p>Alergenai: Sud\u0117tyje yra: glitimo turin\u010di\u0173 jav\u0173<\/p>\n<p>Laikymo s\u0105lygosLaikyti sausoje vietoje. Laikymo temperat\u016bra: nuo 0\u00b0C iki 25\u00b0C.<\/p>\n<h4 class=\"b-product-info--info-3-title\">Maistin\u0117 vert\u0117 (100 g\/ml)<\/h4>\n<div class=\"row\">\n<div class=\"col-md-4\">\n<table class=\"table table-striped table-condensed\">\n<tbody>\n<tr>\n<td>Energin\u0117 vert\u0117<\/td>\n<td class=\"b-text-right\">1751,00 kJ \/ 416,00 Kcal<\/td>\n<\/tr>\n<tr>\n<td>Riebalai<\/td>\n<td class=\"b-text-right\">9,80 g<\/td>\n<\/tr>\n<tr>\n<td>So\u010diosios riebal\u0173 r\u016bg\u0161tys<\/td>\n<td class=\"b-text-right\">4,20 g<\/td>\n<\/tr>\n<tr>\n<td>Angliavandeniai<\/td>\n<td class=\"b-text-right\">68,00 g<\/td>\n<\/tr>\n<tr>\n<td>Cukr\u016bs<\/td>\n<td class=\"b-text-right\">14,00 g<\/td>\n<\/tr>\n<tr>\n<td>Baltymai<\/td>\n<td class=\"b-text-right\">9,30 g<\/td>\n<\/tr>\n<tr>\n<td>Druska<\/td>\n<td class=\"b-text-right\">1,30 g<\/td>\n<\/tr>\n<\/tbody>\n<\/table>\n<\/div>\n<\/div>\n<p>Kilm\u0117s \u0161alis:\u010cekija<\/p>","protected":false},"excerpt":{"rendered":"<p>Kepint\u0173 javaini\u0173 mi\u0161inys su s\u0117len\u0173 dribsniais, 500g &nbsp; Sudedamosios dalys:\u00a0viso gr\u016bdo\u00a0kvietiniai\u00a0miltai 40,4%, gr\u016bd\u0173 dribsni\u0173 mi\u0161inys 18,4% (avi\u017e\u0173\u00a0dribsniai,\u00a0kvie\u010di\u0173\u00a0dribsniai), cukrus, kukur\u016bz\u0173 dribsniai 8,4% (kukur\u016bz\u0173 kruopos, kukur\u016bz\u0173 miltai, cukrus, druska,\u00a0mie\u017ei\u0173\u00a0salyklo ekstraktas), palmi\u0173 aliejus,\u00a0kvie\u010di\u0173\u00a0s\u0117lenos 5,5%, gliukoz\u0117s sirupas, jav\u0173 ekstrudatas (kvietiniai\u00a0miltai, ry\u017ei\u0173 miltai ir\u00a0avi\u017einiai\u00a0miltai, cukrus, kukur\u016bz\u0173 kruopos, kukur\u016bz\u0173 krakmolas), kokoso dro\u017el\u0117s, medus 1,3%, joduota druska (valgomoji druska, kalio joditas),\u00a0kvie\u010di\u0173\u00a0krakmolas, karamel\u0117s&#8230;<\/p>","protected":false},"featured_media":27280,"template":"","meta":{"_acf_changed":false},"product_brand":[],"product_cat":[113],"product_tag":[],"class_list":{"0":"post-27279","1":"product","2":"type-product","3":"status-publish","4":"has-post-thumbnail","6":"product_cat-sausi-pusryciai","7":"nt-post-class","8":"","9":"masonry-item","10":"col-lg-6","14":"excerpt-none","18":"first","19":"outofstock","20":"taxable","21":"shipping-taxable","22":"purchasable","23":"product-type-simple","24":"add-to-wishlist-after_add_to_cart"},"acf":[],"_links":{"self":[{"href":"https:\/\/chiaseklos.lt\/en\/wp-json\/wp\/v2\/product\/27279","targetHints":{"allow":["GET"]}}],"collection":[{"href":"https:\/\/chiaseklos.lt\/en\/wp-json\/wp\/v2\/product"}],"about":[{"href":"https:\/\/chiaseklos.lt\/en\/wp-json\/wp\/v2\/types\/product"}],"wp:featuredmedia":[{"embeddable":true,"href":"https:\/\/chiaseklos.lt\/en\/wp-json\/wp\/v2\/media\/27280"}],"wp:attachment":[{"href":"https:\/\/chiaseklos.lt\/en\/wp-json\/wp\/v2\/media?parent=27279"}],"wp:term":[{"taxonomy":"product_brand","embeddable":true,"href":"https:\/\/chiaseklos.lt\/en\/wp-json\/wp\/v2\/product_brand?post=27279"},{"taxonomy":"product_cat","embeddable":true,"href":"https:\/\/chiaseklos.lt\/en\/wp-json\/wp\/v2\/product_cat?post=27279"},{"taxonomy":"product_tag","embeddable":true,"href":"https:\/\/chiaseklos.lt\/en\/wp-json\/wp\/v2\/product_tag?post=27279"}],"curies":[{"name":"wp","href":"https:\/\/api.w.org\/{rel}","templated":true}]}}