{"id":27258,"date":"2024-07-26T07:19:13","date_gmt":"2024-07-26T07:19:13","guid":{"rendered":"https:\/\/chiaseklos.lt\/?post_type=product&#038;p=27258"},"modified":"2025-09-24T09:06:41","modified_gmt":"2025-09-24T09:06:41","slug":"tirpus-soju-gerimas-350g","status":"publish","type":"product","link":"https:\/\/chiaseklos.lt\/en\/product\/tirpus-soju-gerimas-350g\/","title":{"rendered":"Tirpus soj\u0173 g\u0117rimas, 350g"},"content":{"rendered":"<h4 class=\"product_title entry-title wd-entities-title\">Tirpus soj\u0173 g\u0117rimas, 350g<\/h4>\n<p>\u0160iame g\u0117rime esantys soj\u0173 ir kiti produktai yra nat\u016bralios kilm\u0117s. Soj\u0173 pienas tinka tiems \u017emon\u0117ms, kurie negali gerti karv\u0117s pieno. Jo galima pilti \u012f \u012fvairius g\u0117rimus, kokteilius, sriub\u0105, puding\u0105, pada\u017e\u0105, kakav\u0105, kav\u0105, arbat\u0105. I\u0161 350 g soj\u0173 pieno milteli\u0173 galima pasigaminti 3,5 l g\u0117rimo. Netinka jaunesniems nei 3 met\u0173 vaikams.<\/p>\n<p><strong>Sudedamosios dalys<\/strong>: d\u017eiovintas gliukoz\u0117s sirupas, 29,4%\u00a0<strong>soj\u0173<\/strong>\u00a0produkt\u0173 (i\u0161 dalies hidrintas\u00a0<strong>soj\u0173<\/strong>\u00a0aliejus,\u00a0<strong>soj\u0173<\/strong>\u00a0baltymai), r\u016bg\u0161tingum\u0105 reguliuojanti med\u017eiaga: kalio fosfatas, emulsiklis E471, natrio\u00a0<strong>kazeinatas<\/strong>, lipnum\u0105 reguliuojanti med\u017eiaga: silicio dioksidas, druska, da\u017eiklis karotinas.<\/p>\n<p><strong>Paruo\u0161imas<\/strong>: 3 valgomuosius \u0161auk\u0161tus soj\u0173 pieno u\u017epilti 240 ml \u0161ilto arba \u0161alto vandens ir i\u0161mai\u0161yti. Pilant \u0161alt\u0105 vanden\u012f, rekomenduojama naudoti plaktuv\u0105.<\/p>\n<p class=\"heading\">Laikymo s\u0105lygos ir papildoma informacija:\u00a0<span style=\"font-size: 14.4px;\">produkte n\u0117ra glitimo ir laktoz\u0117s. Alergenai: produkte yra sojos ir pieno produkt\u0173.\u00a0<\/span><span style=\"font-size: 14.4px;\">Ma\u017eiausia leistina laikymo temperatura: 0\u00b0 C.\u00a0<\/span><span style=\"font-size: 14.4px;\">Did\u017eiausia leistina laikymo temperatura: 25\u00b0 C<\/span><\/p>\n<p>Kilm\u0117s \u0161alis:\u00a0<span style=\"font-size: 14.4px;\">Latvija<\/span><\/p>\n<p>Gamintojas:\u00a0<span style=\"font-size: 14.4px;\">Bonavita, spol. s r.o.<\/span><\/p>","protected":false},"excerpt":{"rendered":"<p>Tirpus soj\u0173 g\u0117rimas, 350g \u0160iame g\u0117rime esantys soj\u0173 ir kiti produktai yra nat\u016bralios kilm\u0117s. Soj\u0173 pienas tinka tiems \u017emon\u0117ms, kurie negali gerti karv\u0117s pieno. Jo galima pilti \u012f \u012fvairius g\u0117rimus, kokteilius, sriub\u0105, puding\u0105, pada\u017e\u0105, kakav\u0105, kav\u0105, arbat\u0105. I\u0161 350 g soj\u0173 pieno milteli\u0173 galima pasigaminti 3,5 l g\u0117rimo. Netinka jaunesniems nei 3 met\u0173 vaikams. Sudedamosios&#8230;<\/p>","protected":false},"featured_media":27259,"template":"","meta":{"_acf_changed":false},"product_brand":[],"product_cat":[72,113],"product_tag":[],"class_list":{"0":"post-27258","1":"product","2":"type-product","3":"status-publish","4":"has-post-thumbnail","6":"product_cat-sirupai","7":"product_cat-sausi-pusryciai","8":"nt-post-class","9":"","10":"masonry-item","11":"col-lg-6","15":"excerpt-none","19":"first","20":"outofstock","21":"sale","22":"taxable","23":"shipping-taxable","24":"purchasable","25":"product-type-simple","26":"add-to-wishlist-after_add_to_cart"},"acf":[],"_links":{"self":[{"href":"https:\/\/chiaseklos.lt\/en\/wp-json\/wp\/v2\/product\/27258","targetHints":{"allow":["GET"]}}],"collection":[{"href":"https:\/\/chiaseklos.lt\/en\/wp-json\/wp\/v2\/product"}],"about":[{"href":"https:\/\/chiaseklos.lt\/en\/wp-json\/wp\/v2\/types\/product"}],"wp:featuredmedia":[{"embeddable":true,"href":"https:\/\/chiaseklos.lt\/en\/wp-json\/wp\/v2\/media\/27259"}],"wp:attachment":[{"href":"https:\/\/chiaseklos.lt\/en\/wp-json\/wp\/v2\/media?parent=27258"}],"wp:term":[{"taxonomy":"product_brand","embeddable":true,"href":"https:\/\/chiaseklos.lt\/en\/wp-json\/wp\/v2\/product_brand?post=27258"},{"taxonomy":"product_cat","embeddable":true,"href":"https:\/\/chiaseklos.lt\/en\/wp-json\/wp\/v2\/product_cat?post=27258"},{"taxonomy":"product_tag","embeddable":true,"href":"https:\/\/chiaseklos.lt\/en\/wp-json\/wp\/v2\/product_tag?post=27258"}],"curies":[{"name":"wp","href":"https:\/\/api.w.org\/{rel}","templated":true}]}}