{"id":27246,"date":"2024-07-25T10:37:07","date_gmt":"2024-07-25T10:37:07","guid":{"rendered":"https:\/\/chiaseklos.lt\/?post_type=product&#038;p=27246"},"modified":"2025-11-18T17:50:31","modified_gmt":"2025-11-18T17:50:31","slug":"surio-ir-triufeliu-skonio-mini-lesiu-trapuciai-ustukiu-malunas-70-g","status":"publish","type":"product","link":"https:\/\/chiaseklos.lt\/en\/product\/surio-ir-triufeliu-skonio-mini-lesiu-trapuciai-ustukiu-malunas-70-g\/","title":{"rendered":"S\u016brio ir triufeli\u0173 skonio mini l\u0119\u0161i\u0173 trapu\u010diai USTUKI\u0172 MAL\u016aNAS, 70 g"},"content":{"rendered":"<h4 class=\"name\">S\u016brio ir triufeli\u0173 skonio mini l\u0119\u0161i\u0173 trapu\u010diai USTUKI\u0172 MAL\u016aNAS, 70 g<\/h4>\n<p>Nekepta riebaluose, skaidulini\u0173 med\u017eiag\u0173 \u0161altinis, ma\u017eai so\u010di\u0173j\u0173 riebal\u0173, skaidulini\u0173 med\u017eiag\u0173 \u0161altinis, daug baltym\u0173 (21%), be palmi\u0173 aliejaus, be glitimo, tinka vegetarams ir veganams.<\/p>\n<p class=\"heading\">Sudedamosios dalys:\u00a0<span style=\"font-size: 14.4px;\">l\u0119\u0161i\u0173 trapu\u010diai 78% (l\u0119\u0161i\u0173 miltai 45%, rud\u0173j\u0173 ry\u017ei\u0173 miltai, \u017eirni\u0173 baltymai, Fava pup\u0173 baltymai), prieskoni\u0173 mi\u0161inys S\u016aRIO ir triufeli\u0173 skonio 12% (maltodekstrinas, druska, krakmolo sirupas, cukrus, mieli\u0173 ekstraktas, svog\u016bnai, prieskoniai, prieskoni\u0173 ekstraktas (paprika), r\u016bg\u0161tingum\u0105 reguliuojanti med\u017eiaga citrin\u0173 r\u016bg\u0161tis, kvapioji med\u017eiaga, triufeliai), raps\u0173 aliejus<\/span><\/p>\n<p><strong>Maistin\u0117 vert\u0117 (100 g):<\/strong>\u00a0energija 1622 kJ\/ 386 kcal, riebalai 11 g, i\u0161 j\u0173 so\u010di\u0173j\u0173 riebal\u0173 1,0 g, angliavandeniai 48 g, i\u0161 j\u0173 cukr\u0173 2 g, skaidulin\u0117s med\u017eiagos 5 g, baltymai 21 g, druska 2 g.<\/p>\n<p>Kilm\u0117s \u0161alis:\u00a0<span style=\"font-size: 14.4px;\">Lietuva<\/span><\/p>","protected":false},"excerpt":{"rendered":"<p>S\u016brio ir triufeli\u0173 skonio mini l\u0119\u0161i\u0173 trapu\u010diai USTUKI\u0172 MAL\u016aNAS, 70 g Nekepta riebaluose, skaidulini\u0173 med\u017eiag\u0173 \u0161altinis, ma\u017eai so\u010di\u0173j\u0173 riebal\u0173, skaidulini\u0173 med\u017eiag\u0173 \u0161altinis, daug baltym\u0173 (21%), be palmi\u0173 aliejaus, be glitimo, tinka vegetarams ir veganams. Sudedamosios dalys:\u00a0l\u0119\u0161i\u0173 trapu\u010diai 78% (l\u0119\u0161i\u0173 miltai 45%, rud\u0173j\u0173 ry\u017ei\u0173 miltai, \u017eirni\u0173 baltymai, Fava pup\u0173 baltymai), prieskoni\u0173 mi\u0161inys S\u016aRIO ir triufeli\u0173 skonio&#8230;<\/p>","protected":false},"featured_media":27247,"template":"","meta":{"_acf_changed":false},"product_brand":[],"product_cat":[88],"product_tag":[],"class_list":{"0":"post-27246","1":"product","2":"type-product","3":"status-publish","4":"has-post-thumbnail","6":"product_cat-naujiena","7":"nt-post-class","8":"","9":"masonry-item","10":"col-lg-6","14":"excerpt-none","18":"first","19":"outofstock","20":"taxable","21":"shipping-taxable","22":"purchasable","23":"product-type-simple","24":"add-to-wishlist-after_add_to_cart"},"acf":[],"_links":{"self":[{"href":"https:\/\/chiaseklos.lt\/en\/wp-json\/wp\/v2\/product\/27246","targetHints":{"allow":["GET"]}}],"collection":[{"href":"https:\/\/chiaseklos.lt\/en\/wp-json\/wp\/v2\/product"}],"about":[{"href":"https:\/\/chiaseklos.lt\/en\/wp-json\/wp\/v2\/types\/product"}],"wp:featuredmedia":[{"embeddable":true,"href":"https:\/\/chiaseklos.lt\/en\/wp-json\/wp\/v2\/media\/27247"}],"wp:attachment":[{"href":"https:\/\/chiaseklos.lt\/en\/wp-json\/wp\/v2\/media?parent=27246"}],"wp:term":[{"taxonomy":"product_brand","embeddable":true,"href":"https:\/\/chiaseklos.lt\/en\/wp-json\/wp\/v2\/product_brand?post=27246"},{"taxonomy":"product_cat","embeddable":true,"href":"https:\/\/chiaseklos.lt\/en\/wp-json\/wp\/v2\/product_cat?post=27246"},{"taxonomy":"product_tag","embeddable":true,"href":"https:\/\/chiaseklos.lt\/en\/wp-json\/wp\/v2\/product_tag?post=27246"}],"curies":[{"name":"wp","href":"https:\/\/api.w.org\/{rel}","templated":true}]}}