{"id":27195,"date":"2024-07-18T07:58:25","date_gmt":"2024-07-18T07:58:25","guid":{"rendered":"https:\/\/chiaseklos.lt\/?post_type=product&#038;p=27195"},"modified":"2026-04-24T11:57:19","modified_gmt":"2026-04-24T11:57:19","slug":"neutralaus-skonio-stevijos-lasai-50ml","status":"publish","type":"product","link":"https:\/\/chiaseklos.lt\/en\/product\/neutralaus-skonio-stevijos-lasai-50ml\/","title":{"rendered":"Neutralaus skonio stevijos la\u0161ai, 50ml"},"content":{"rendered":"<h4 class=\"product_title entry-title wd-entities-title\">Neutralaus skonio stevijos la\u0161ai, 50ml<\/h4>\n<p>Stevijos la\u0161ai yra nat\u016bralus cukraus pakaitalas, pagamintas i\u0161 stevijos lap\u0173 ekstrakto. Tai saldiklis, neturintis cukraus, kalorij\u0173 ir angliavandeni\u0173. Stevia Drops la\u0161us naudokite gamindami limonadus, glotnu\u010dius, galite saldinti kav\u0105, arbat\u0105, var\u0161k\u0119, jogurt\u0105, kepinius ir desertus. Be to, stevija yra 300 kart\u0173 saldesn\u0117 u\u017e cukr\u0173, tad \u0161io buteliuko jums u\u017eteks tikrai ilgam.<\/p>\n<p>Naudokite 4-6 la\u0161us kavai\/arbatai, jogurtui, glotnu\u010diams, desertams, ko\u0161ei, blynams, kepiniams ir t.t. pasaldinti.<\/p>\n<p><strong>Sudedamosios dalys<\/strong>: distiliuotas vanduo, stevijos lap\u0173 ekstraktas, vitaminas C, nat\u016brali kvapioji med\u017eiaga<\/p>\n<p><strong>Laikymo s\u0105lygos<\/strong>: Laikyti sausoje vietoje Laikymo temperat\u016bra: nuo 5\u00b0C iki 25\u00b0C.<\/p>\n<h4 class=\"b-product-info--info-3-title\">Maistin\u0117 vert\u0117 (100 g\/ml)<\/h4>\n<div class=\"row\">\n<div class=\"col-md-4\">\n<table class=\"table table-striped table-condensed\">\n<tbody>\n<tr>\n<td>Energin\u0117 vert\u0117<\/td>\n<td class=\"b-text-right\">0,00 kJ \/ 0,00 Kcal<\/td>\n<\/tr>\n<tr>\n<td>Riebalai<\/td>\n<td class=\"b-text-right\">0,00 g<\/td>\n<\/tr>\n<tr>\n<td>So\u010diosios riebal\u0173 r\u016bg\u0161tys<\/td>\n<td class=\"b-text-right\">0,00 g<\/td>\n<\/tr>\n<tr>\n<td>Angliavandeniai<\/td>\n<td class=\"b-text-right\">0,00 g<\/td>\n<\/tr>\n<tr>\n<td>Cukr\u016bs<\/td>\n<td class=\"b-text-right\">0,00 g<\/td>\n<\/tr>\n<tr>\n<td>Baltymai<\/td>\n<td class=\"b-text-right\">0,00 g<\/td>\n<\/tr>\n<tr>\n<td>Druska<\/td>\n<td class=\"b-text-right\">0,00 g<\/td>\n<\/tr>\n<\/tbody>\n<\/table>\n<\/div>\n<\/div>\n<p>&nbsp;<\/p>\n<p>&nbsp;<\/p>","protected":false},"excerpt":{"rendered":"<p>Neutralaus skonio stevijos la\u0161ai, 50ml Stevijos la\u0161ai yra nat\u016bralus cukraus pakaitalas, pagamintas i\u0161 stevijos lap\u0173 ekstrakto. Tai saldiklis, neturintis cukraus, kalorij\u0173 ir angliavandeni\u0173. Stevia Drops la\u0161us naudokite gamindami limonadus, glotnu\u010dius, galite saldinti kav\u0105, arbat\u0105, var\u0161k\u0119, jogurt\u0105, kepinius ir desertus. Be to, stevija yra 300 kart\u0173 saldesn\u0117 u\u017e cukr\u0173, tad \u0161io buteliuko jums u\u017eteks tikrai ilgam&#8230;.<\/p>","protected":false},"featured_media":27197,"template":"","meta":{"_acf_changed":false},"product_brand":[],"product_cat":[63],"product_tag":[],"class_list":{"0":"post-27195","1":"product","2":"type-product","3":"status-publish","4":"has-post-thumbnail","6":"product_cat-arbatos","7":"nt-post-class","8":"","9":"masonry-item","10":"col-lg-6","14":"excerpt-none","18":"first","19":"instock","20":"taxable","21":"shipping-taxable","22":"purchasable","23":"product-type-simple","24":"add-to-wishlist-after_add_to_cart"},"acf":[],"_links":{"self":[{"href":"https:\/\/chiaseklos.lt\/en\/wp-json\/wp\/v2\/product\/27195","targetHints":{"allow":["GET"]}}],"collection":[{"href":"https:\/\/chiaseklos.lt\/en\/wp-json\/wp\/v2\/product"}],"about":[{"href":"https:\/\/chiaseklos.lt\/en\/wp-json\/wp\/v2\/types\/product"}],"wp:featuredmedia":[{"embeddable":true,"href":"https:\/\/chiaseklos.lt\/en\/wp-json\/wp\/v2\/media\/27197"}],"wp:attachment":[{"href":"https:\/\/chiaseklos.lt\/en\/wp-json\/wp\/v2\/media?parent=27195"}],"wp:term":[{"taxonomy":"product_brand","embeddable":true,"href":"https:\/\/chiaseklos.lt\/en\/wp-json\/wp\/v2\/product_brand?post=27195"},{"taxonomy":"product_cat","embeddable":true,"href":"https:\/\/chiaseklos.lt\/en\/wp-json\/wp\/v2\/product_cat?post=27195"},{"taxonomy":"product_tag","embeddable":true,"href":"https:\/\/chiaseklos.lt\/en\/wp-json\/wp\/v2\/product_tag?post=27195"}],"curies":[{"name":"wp","href":"https:\/\/api.w.org\/{rel}","templated":true}]}}