{"id":27193,"date":"2024-07-18T07:42:46","date_gmt":"2024-07-18T07:42:46","guid":{"rendered":"https:\/\/chiaseklos.lt\/?post_type=product&#038;p=27193"},"modified":"2026-04-14T12:21:43","modified_gmt":"2026-04-14T12:21:43","slug":"himalaju-druskos-muilas","status":"publish","type":"product","link":"https:\/\/chiaseklos.lt\/en\/product\/himalaju-druskos-muilas\/","title":{"rendered":"Himalaj\u0173 druskos muilas"},"content":{"rendered":"<h4 class=\"product_title entry-title wd-entities-title\">Himalaj\u0173 druskos muilas<\/h4>\n<p>Himalaj\u0173 druskos muilas pasi\u017eymi puikiomis \u0161vei\u010diamosiomis savyb\u0117mis, detoksikuoja, mink\u0161tina, stangrina ir atnaujina od\u0105. Tinka naudoti du\u0161e bei pirtyje. Padeda kovoje su egzema, akne, celiulitu, normalizuoja sebumo i\u0161siskyrim\u0105, tod\u0117l tinka tiek pernelyg sausai, tiek pernelyg riebiai odai. Tinka esant virusiniams, bakteriniams ir grybeliniams odos susirgimams, valo, dezinfekuoja bei ramina.<\/p>\n<p>Gali b\u016bti naudojamas ir kaip dezodorantas.<\/p>\n<p>Muilas neputoja, pagamintas i\u0161 100% Himalaj\u0173 druskos, tod\u0117l yra i\u0161saugoj\u0119s visas \u0161iai druskai naudingas savybes bei mineralus.<\/p>\n<p>Naudoti muil\u0105 rekomenduojam\u0105 ant sudr\u0117kintos odos, braukti \u0161velniai, netraumuojant odos. Tinka k\u016bno ir veido odos prie\u017ei\u016brai.<\/p>\n<p>Naudojant kaip dezodorant\u0105, tereikia sudr\u0117kintu muilu patepti pa\u017eastis.<\/p>\n<p><strong>D\u0117mesio!<\/strong>\u00a0<em>Prek\u0117s atspalvis ir forma gali \u0161iek tiek skirtis nuo esan\u010di\u0173 nuotraukoje.\u00a0<\/em><\/p>\n<p><strong>Svoris gramais:<\/strong>\u00a0\u00b1 300<\/p>","protected":false},"excerpt":{"rendered":"<p>Himalaj\u0173 druskos muilas Himalaj\u0173 druskos muilas pasi\u017eymi puikiomis \u0161vei\u010diamosiomis savyb\u0117mis, detoksikuoja, mink\u0161tina, stangrina ir atnaujina od\u0105. Tinka naudoti du\u0161e bei pirtyje. Padeda kovoje su egzema, akne, celiulitu, normalizuoja sebumo i\u0161siskyrim\u0105, tod\u0117l tinka tiek pernelyg sausai, tiek pernelyg riebiai odai. Tinka esant virusiniams, bakteriniams ir grybeliniams odos susirgimams, valo, dezinfekuoja bei ramina. Gali b\u016bti naudojamas ir&#8230;<\/p>","protected":false},"featured_media":29169,"template":"","meta":{"_acf_changed":false},"product_brand":[],"product_cat":[64],"product_tag":[],"class_list":{"0":"post-27193","1":"product","2":"type-product","3":"status-publish","4":"has-post-thumbnail","6":"product_cat-naturalios-priemones-odai","7":"nt-post-class","8":"","9":"masonry-item","10":"col-lg-6","14":"excerpt-none","18":"first","19":"outofstock","20":"taxable","21":"shipping-taxable","22":"purchasable","23":"product-type-simple","24":"add-to-wishlist-after_add_to_cart"},"acf":[],"_links":{"self":[{"href":"https:\/\/chiaseklos.lt\/en\/wp-json\/wp\/v2\/product\/27193","targetHints":{"allow":["GET"]}}],"collection":[{"href":"https:\/\/chiaseklos.lt\/en\/wp-json\/wp\/v2\/product"}],"about":[{"href":"https:\/\/chiaseklos.lt\/en\/wp-json\/wp\/v2\/types\/product"}],"wp:featuredmedia":[{"embeddable":true,"href":"https:\/\/chiaseklos.lt\/en\/wp-json\/wp\/v2\/media\/29169"}],"wp:attachment":[{"href":"https:\/\/chiaseklos.lt\/en\/wp-json\/wp\/v2\/media?parent=27193"}],"wp:term":[{"taxonomy":"product_brand","embeddable":true,"href":"https:\/\/chiaseklos.lt\/en\/wp-json\/wp\/v2\/product_brand?post=27193"},{"taxonomy":"product_cat","embeddable":true,"href":"https:\/\/chiaseklos.lt\/en\/wp-json\/wp\/v2\/product_cat?post=27193"},{"taxonomy":"product_tag","embeddable":true,"href":"https:\/\/chiaseklos.lt\/en\/wp-json\/wp\/v2\/product_tag?post=27193"}],"curies":[{"name":"wp","href":"https:\/\/api.w.org\/{rel}","templated":true}]}}