{"id":27191,"date":"2024-07-18T07:36:40","date_gmt":"2024-07-18T07:36:40","guid":{"rendered":"https:\/\/chiaseklos.lt\/?post_type=product&#038;p=27191"},"modified":"2026-04-17T19:21:10","modified_gmt":"2026-04-17T19:21:10","slug":"soju-padazas-175-ml","status":"publish","type":"product","link":"https:\/\/chiaseklos.lt\/en\/product\/soju-padazas-175-ml\/","title":{"rendered":"Soj\u0173 pada\u017eas, 175 ml."},"content":{"rendered":"<h4 class=\"product_title entry-title wd-entities-title\">Soj\u0173 pada\u017eas, 175 ml.<\/h4>\n<p>Skystas pagardas sriuboms, salotoms, pada\u017eams, tro\u0161kiniams, m\u0117sai. Ypa\u010d tinka gaminant kinieti\u0161kus ir rytieti\u0161kus patiekalus.<\/p>\n<p><strong>Sudedamosios dalys<\/strong>: geriamasis vanduo, valgomoji druska (maks. 10 %), cukrus, hidrolizuoti\u00a0<strong>soj\u0173<\/strong>\u00a0baltymai 7 %, baltasis vynas, fermentuotas spirito actas, slyv\u0173 uogien\u0117 (cukrus, slyvos, obuoli\u0173 tyr\u0117, vanduo, modifikuotas kukur\u016bz\u0173 krakmolas, tir\u0161tiklis: gelano guma, r\u016bg\u0161tingum\u0105 reguliuojanti med\u017eiaga: citrin\u0173 r\u016bg\u0161tis, da\u017eiklis: karamel\u0117, kvapioji med\u017eiaga), skonio stipriklis: mononatrio glutamatas, da\u017eiklis: amoniako karamel\u0117, mieli\u0173 ekstraktas, pomidor\u0173 milteliai, kvapioji med\u017eiaga, \u010desnako ekstraktas, \u010dili ekstraktas, tir\u0161tiklis: ksantano guma, gvazdik\u0117liai.<\/p>\n<p>Sud\u0117tyje gali b\u016bti\u00a0<strong>pieno, rie\u0161ut\u0173, garsty\u010di\u0173<\/strong>\u00a0ir\u00a0<strong>kiau\u0161ini\u0173<\/strong>\u00a0<strong>p\u0117dsak\u0173<\/strong>.<\/p>\n<p>Gamintojas: &#8220;Korni&#8221;<\/p>\n<p>Kilm\u0117s \u0161alis: \u010cekija<\/p>","protected":false},"excerpt":{"rendered":"<p>Soj\u0173 pada\u017eas, 175 ml. Skystas pagardas sriuboms, salotoms, pada\u017eams, tro\u0161kiniams, m\u0117sai. Ypa\u010d tinka gaminant kinieti\u0161kus ir rytieti\u0161kus patiekalus. Sudedamosios dalys: geriamasis vanduo, valgomoji druska (maks. 10 %), cukrus, hidrolizuoti\u00a0soj\u0173\u00a0baltymai 7 %, baltasis vynas, fermentuotas spirito actas, slyv\u0173 uogien\u0117 (cukrus, slyvos, obuoli\u0173 tyr\u0117, vanduo, modifikuotas kukur\u016bz\u0173 krakmolas, tir\u0161tiklis: gelano guma, r\u016bg\u0161tingum\u0105 reguliuojanti med\u017eiaga: citrin\u0173 r\u016bg\u0161tis, da\u017eiklis:&#8230;<\/p>","protected":false},"featured_media":27192,"template":"","meta":{"_acf_changed":false},"product_brand":[],"product_cat":[101,88],"product_tag":[],"class_list":{"0":"post-27191","1":"product","2":"type-product","3":"status-publish","4":"has-post-thumbnail","6":"product_cat-aliejus","7":"product_cat-naujiena","8":"nt-post-class","9":"","10":"masonry-item","11":"col-lg-6","15":"excerpt-none","19":"first","20":"outofstock","21":"taxable","22":"shipping-taxable","23":"purchasable","24":"product-type-simple","25":"add-to-wishlist-after_add_to_cart"},"acf":[],"_links":{"self":[{"href":"https:\/\/chiaseklos.lt\/en\/wp-json\/wp\/v2\/product\/27191","targetHints":{"allow":["GET"]}}],"collection":[{"href":"https:\/\/chiaseklos.lt\/en\/wp-json\/wp\/v2\/product"}],"about":[{"href":"https:\/\/chiaseklos.lt\/en\/wp-json\/wp\/v2\/types\/product"}],"wp:featuredmedia":[{"embeddable":true,"href":"https:\/\/chiaseklos.lt\/en\/wp-json\/wp\/v2\/media\/27192"}],"wp:attachment":[{"href":"https:\/\/chiaseklos.lt\/en\/wp-json\/wp\/v2\/media?parent=27191"}],"wp:term":[{"taxonomy":"product_brand","embeddable":true,"href":"https:\/\/chiaseklos.lt\/en\/wp-json\/wp\/v2\/product_brand?post=27191"},{"taxonomy":"product_cat","embeddable":true,"href":"https:\/\/chiaseklos.lt\/en\/wp-json\/wp\/v2\/product_cat?post=27191"},{"taxonomy":"product_tag","embeddable":true,"href":"https:\/\/chiaseklos.lt\/en\/wp-json\/wp\/v2\/product_tag?post=27191"}],"curies":[{"name":"wp","href":"https:\/\/api.w.org\/{rel}","templated":true}]}}