{"id":26941,"date":"2024-06-18T10:21:35","date_gmt":"2024-06-18T10:21:35","guid":{"rendered":"https:\/\/chiaseklos.lt\/?post_type=product&#038;p=26941"},"modified":"2025-10-20T07:52:02","modified_gmt":"2025-10-20T07:52:02","slug":"razinos-auksines","status":"publish","type":"product","link":"https:\/\/chiaseklos.lt\/en\/product\/razinos-auksines\/","title":{"rendered":"Razinos auksin\u0117s"},"content":{"rendered":"<h4 class=\"title\"><strong>Razinos auksin\u0117s<\/strong><\/h4>\n<p>Razinos tai yra d\u017eiovintos vynuog\u0117s.\u00a0Auksines razinas galima valgyti vienas, kaip u\u017ekand\u012f arba naudoti kepiniams, \u012fvairi\u0173 patiekal\u0173 gardinimui.<\/p>\n<p><strong>Sud\u0117tis:\u00a0<\/strong>razinos 99,4%, konservantas, kukur\u016bz\u0173 aliejus.<\/p>\n<p><strong>Kilm\u0117 \u0161alis<\/strong>: Uzbekistanas\/\u00a0Piet\u0173 Afrikos Respublika<\/p>\n<p><strong>Maitin\u0117 vert\u0117 (100 g\/ml)\u00a0<\/strong>Energin\u0117 vert\u0117\u00a0 280 kcal \/ 1175 kJ\u00a0Riebalai 0,5 g;\u00a0I\u0161 kuri\u0173 so\u010di\u0173j\u0173 riebal\u0173 r\u016bg\u0161\u010di\u0173\u00a0 0,01 g;\u00a0Angliavandeni\u0173 79 g;\u00a0I\u0161 j\u0173 cukr\u0173\u00a0 59 g\u00a0Baltymai 3,1 g\u00a0Druska 0 mg<\/p>","protected":false},"excerpt":{"rendered":"<p>Razinos auksin\u0117s Razinos tai yra d\u017eiovintos vynuog\u0117s.\u00a0Auksines razinas galima valgyti vienas, kaip u\u017ekand\u012f arba naudoti kepiniams, \u012fvairi\u0173 patiekal\u0173 gardinimui. Sud\u0117tis:\u00a0razinos 99,4%, konservantas, kukur\u016bz\u0173 aliejus. Kilm\u0117 \u0161alis: Uzbekistanas\/\u00a0Piet\u0173 Afrikos Respublika Maitin\u0117 vert\u0117 (100 g\/ml)\u00a0Energin\u0117 vert\u0117\u00a0 280 kcal \/ 1175 kJ\u00a0Riebalai 0,5 g;\u00a0I\u0161 kuri\u0173 so\u010di\u0173j\u0173 riebal\u0173 r\u016bg\u0161\u010di\u0173\u00a0 0,01 g;\u00a0Angliavandeni\u0173 79 g;\u00a0I\u0161 j\u0173 cukr\u0173\u00a0 59 g\u00a0Baltymai 3,1 g\u00a0Druska&#8230;<\/p>","protected":false},"featured_media":26945,"template":"","meta":{"_acf_changed":false},"product_brand":[],"product_cat":[42],"product_tag":[],"class_list":{"0":"post-26941","1":"product","2":"type-product","3":"status-publish","4":"has-post-thumbnail","6":"product_cat-dziovinti-vaisiai-uogos","7":"nt-post-class","8":"","9":"masonry-item","10":"col-lg-6","14":"excerpt-none","18":"first","19":"outofstock","20":"taxable","21":"shipping-taxable","22":"purchasable","23":"product-type-variable","24":"add-to-wishlist-after_add_to_cart"},"acf":[],"_links":{"self":[{"href":"https:\/\/chiaseklos.lt\/en\/wp-json\/wp\/v2\/product\/26941","targetHints":{"allow":["GET"]}}],"collection":[{"href":"https:\/\/chiaseklos.lt\/en\/wp-json\/wp\/v2\/product"}],"about":[{"href":"https:\/\/chiaseklos.lt\/en\/wp-json\/wp\/v2\/types\/product"}],"wp:featuredmedia":[{"embeddable":true,"href":"https:\/\/chiaseklos.lt\/en\/wp-json\/wp\/v2\/media\/26945"}],"wp:attachment":[{"href":"https:\/\/chiaseklos.lt\/en\/wp-json\/wp\/v2\/media?parent=26941"}],"wp:term":[{"taxonomy":"product_brand","embeddable":true,"href":"https:\/\/chiaseklos.lt\/en\/wp-json\/wp\/v2\/product_brand?post=26941"},{"taxonomy":"product_cat","embeddable":true,"href":"https:\/\/chiaseklos.lt\/en\/wp-json\/wp\/v2\/product_cat?post=26941"},{"taxonomy":"product_tag","embeddable":true,"href":"https:\/\/chiaseklos.lt\/en\/wp-json\/wp\/v2\/product_tag?post=26941"}],"curies":[{"name":"wp","href":"https:\/\/api.w.org\/{rel}","templated":true}]}}