{"id":26891,"date":"2024-06-11T10:49:18","date_gmt":"2024-06-11T10:49:18","guid":{"rendered":"https:\/\/chiaseklos.lt\/?post_type=product&#038;p=26891"},"modified":"2026-04-17T11:13:54","modified_gmt":"2026-04-17T11:13:54","slug":"hematogenas-50g","status":"publish","type":"product","link":"https:\/\/chiaseklos.lt\/en\/product\/hematogenas-50g\/","title":{"rendered":"HEMATOGENAS 50g"},"content":{"rendered":"<p>HEMATOGENAS 50g<\/p>\n<p>Puikus klasikinis skonis, gausu gele\u017eies.\u00a0Maisto papildas. Su vitaminu C.<\/p>\n<p style=\"font-weight: 400;\">Sudedamosios dalys: cukraus sirupas (cukrus, vanduo), saldintas sutir\u0161tintas pienas, gliukoz\u0117s sirupas, augaliniai riebalai (palmi\u0173), galvij\u0173 maistinis albuminas, L-askorbo r\u016bg\u0161tis, vanilinas<\/p>\n<p style=\"font-weight: 400;\">Vartoti ne daugiau kaip 100 g per dien\u0105.<\/p>\n<table style=\"font-weight: 400;\" width=\"100%\">\n<tbody>\n<tr>\n<td width=\"14%\"><b><strong>Energetin\u0117 vert\u0117 KJ (100 g\/ml)<\/strong><\/b><\/td>\n<td width=\"15%\"><b><strong>Energetin\u0117 vert\u0117 KCAL (100 g\/ml)<\/strong><\/b><\/td>\n<td width=\"9%\"><b><strong>Riebalai<br \/>\n(100 g\/ml)<\/strong><\/b><\/td>\n<td width=\"10%\"><b><strong>So\u010di\u0173j\u0173 riebal\u0173 rug\u0161\u010di\u0173 (100 g\/ml)<\/strong><\/b><\/td>\n<td width=\"16%\"><b><strong>Angliavandeniai (100 g\/ml)<\/strong><\/b><\/td>\n<td width=\"9%\"><b><strong>Cukrus (100 g\/ml)<\/strong><\/b><\/td>\n<td width=\"10%\"><b><strong>Baltymai (100 g\/ml)<\/strong><\/b><\/td>\n<td width=\"14%\"><b><strong>Druska<br \/>\n(100 g\/ml)<\/strong><\/b><\/td>\n<\/tr>\n<tr>\n<td width=\"14%\">1765<\/td>\n<td width=\"15%\">418<\/td>\n<td width=\"9%\">8,7<\/td>\n<td width=\"10%\">4,6<\/td>\n<td width=\"16%\">77<\/td>\n<td width=\"9%\">75<\/td>\n<td width=\"10%\">7,6<\/td>\n<td width=\"14%\">0,66<\/td>\n<\/tr>\n<\/tbody>\n<\/table>\n<p style=\"font-weight: 400;\">Prek\u0117s kilm\u0117s \u0161alis: Lietuva.<\/p>\n<p style=\"font-weight: 400;\">Laikyti sausoje vietoje, 18\u00b17\u00b0C temperat\u016broje.<\/p>","protected":false},"excerpt":{"rendered":"<p>HEMATOGENAS 50g Puikus klasikinis skonis, gausu gele\u017eies.\u00a0Maisto papildas. Su vitaminu C. Sudedamosios dalys: cukraus sirupas (cukrus, vanduo), saldintas sutir\u0161tintas pienas, gliukoz\u0117s sirupas, augaliniai riebalai (palmi\u0173), galvij\u0173 maistinis albuminas, L-askorbo r\u016bg\u0161tis, vanilinas Vartoti ne daugiau kaip 100 g per dien\u0105. Energetin\u0117 vert\u0117 KJ (100 g\/ml) Energetin\u0117 vert\u0117 KCAL (100 g\/ml) Riebalai (100 g\/ml) So\u010di\u0173j\u0173 riebal\u0173 rug\u0161\u010di\u0173&#8230;<\/p>","protected":false},"featured_media":26892,"template":"","meta":{"_acf_changed":false},"product_brand":[],"product_cat":[93],"product_tag":[],"class_list":{"0":"post-26891","1":"product","2":"type-product","3":"status-publish","4":"has-post-thumbnail","6":"product_cat-batoneliai-sokoladas","7":"nt-post-class","8":"","9":"masonry-item","10":"col-lg-6","14":"excerpt-none","18":"first","19":"instock","20":"taxable","21":"shipping-taxable","22":"purchasable","23":"product-type-simple","24":"add-to-wishlist-after_add_to_cart"},"acf":[],"_links":{"self":[{"href":"https:\/\/chiaseklos.lt\/en\/wp-json\/wp\/v2\/product\/26891","targetHints":{"allow":["GET"]}}],"collection":[{"href":"https:\/\/chiaseklos.lt\/en\/wp-json\/wp\/v2\/product"}],"about":[{"href":"https:\/\/chiaseklos.lt\/en\/wp-json\/wp\/v2\/types\/product"}],"wp:featuredmedia":[{"embeddable":true,"href":"https:\/\/chiaseklos.lt\/en\/wp-json\/wp\/v2\/media\/26892"}],"wp:attachment":[{"href":"https:\/\/chiaseklos.lt\/en\/wp-json\/wp\/v2\/media?parent=26891"}],"wp:term":[{"taxonomy":"product_brand","embeddable":true,"href":"https:\/\/chiaseklos.lt\/en\/wp-json\/wp\/v2\/product_brand?post=26891"},{"taxonomy":"product_cat","embeddable":true,"href":"https:\/\/chiaseklos.lt\/en\/wp-json\/wp\/v2\/product_cat?post=26891"},{"taxonomy":"product_tag","embeddable":true,"href":"https:\/\/chiaseklos.lt\/en\/wp-json\/wp\/v2\/product_tag?post=26891"}],"curies":[{"name":"wp","href":"https:\/\/api.w.org\/{rel}","templated":true}]}}