{"id":26756,"date":"2024-05-28T10:12:17","date_gmt":"2024-05-28T10:12:17","guid":{"rendered":"https:\/\/chiaseklos.lt\/?post_type=product&#038;p=26756"},"modified":"2025-10-06T11:14:59","modified_gmt":"2025-10-06T11:14:59","slug":"medaus-skanestas-su-spanguolemis","status":"publish","type":"product","link":"https:\/\/chiaseklos.lt\/en\/product\/medaus-skanestas-su-spanguolemis\/","title":{"rendered":"Medaus skan\u0117stas su Spanguol\u0117mis"},"content":{"rendered":"<h1>Medaus skan\u0117stas su Spanguol\u0117mis<\/h1>\n<p>Tai piev\u0173 \u017eied\u0173 medus ir spanguol\u0117s.<\/p>\n<p>Gamyboje nenaudojama joki\u0173 konservant\u0173, skonio stiprikli\u0173, dirbtini\u0173 saldikli\u0173\u00a0ar da\u017eikli\u0173.<\/p>\n<p>Tinka skanauti vien\u0105, ruo\u0161ti arbat\u0105, tepti ant skrebu\u010dio ar s\u016brio.<\/p>\n<p><strong>Sudedamosios dalys:\u00a0<\/strong>Medus 95%, \u0161altyje\u00a0d\u017eiovintos spanguol\u0117s\u00a05%<\/p>\n<p><strong>Maistin\u0117 vert\u0117 (100 g)\u00a0<\/strong>Energin\u0117 vert\u0117 &#8211; 332 kcal \/ 1389 kJ\u00a0Riebalai &#8211; 0,05 g\u00a0i\u0161 kuri\u0173 so\u010di\u0173j\u0173 riebal\u0173 r\u016bg\u0161\u010di\u0173 &#8211; 0,0 g\u00a0Angliavandeniai &#8211; 82,07 g\u00a0\u00a0i\u0161 kuri\u0173 cukr\u0173 &#8211; 82,07 g<\/p>\n<p>Baltymai &#8211; 0,94 g\u00a0Druska &#8211; 0,0 g<\/p>\n<h3>Laikymo s\u0105lygos:<\/h3>\n<p>Patartina laikyti sandariame inde sausoje, tamsioje vietoje. Sudedamosios \u0161io produkto dalys yra liofilizuotos spanguol\u0117s ir medus, tad laikyti jo \u0161aldytuve tikrai nereikia.<\/p>\n<p>&nbsp;<\/p>","protected":false},"excerpt":{"rendered":"<p>Medaus skan\u0117stas su Spanguol\u0117mis Tai piev\u0173 \u017eied\u0173 medus ir spanguol\u0117s. Gamyboje nenaudojama joki\u0173 konservant\u0173, skonio stiprikli\u0173, dirbtini\u0173 saldikli\u0173\u00a0ar da\u017eikli\u0173. Tinka skanauti vien\u0105, ruo\u0161ti arbat\u0105, tepti ant skrebu\u010dio ar s\u016brio. Sudedamosios dalys:\u00a0Medus 95%, \u0161altyje\u00a0d\u017eiovintos spanguol\u0117s\u00a05% Maistin\u0117 vert\u0117 (100 g)\u00a0Energin\u0117 vert\u0117 &#8211; 332 kcal \/ 1389 kJ\u00a0Riebalai &#8211; 0,05 g\u00a0i\u0161 kuri\u0173 so\u010di\u0173j\u0173 riebal\u0173 r\u016bg\u0161\u010di\u0173 &#8211; 0,0 g\u00a0Angliavandeniai&#8230;<\/p>","protected":false},"featured_media":26757,"template":"","meta":{"_acf_changed":false},"product_brand":[],"product_cat":[110],"product_tag":[],"class_list":{"0":"post-26756","1":"product","2":"type-product","3":"status-publish","4":"has-post-thumbnail","6":"product_cat-medus-bei-jo-skanestai","7":"nt-post-class","8":"","9":"masonry-item","10":"col-lg-6","14":"excerpt-none","18":"first","19":"outofstock","20":"taxable","21":"shipping-taxable","22":"purchasable","23":"product-type-variable","24":"add-to-wishlist-after_add_to_cart"},"acf":[],"_links":{"self":[{"href":"https:\/\/chiaseklos.lt\/en\/wp-json\/wp\/v2\/product\/26756","targetHints":{"allow":["GET"]}}],"collection":[{"href":"https:\/\/chiaseklos.lt\/en\/wp-json\/wp\/v2\/product"}],"about":[{"href":"https:\/\/chiaseklos.lt\/en\/wp-json\/wp\/v2\/types\/product"}],"wp:featuredmedia":[{"embeddable":true,"href":"https:\/\/chiaseklos.lt\/en\/wp-json\/wp\/v2\/media\/26757"}],"wp:attachment":[{"href":"https:\/\/chiaseklos.lt\/en\/wp-json\/wp\/v2\/media?parent=26756"}],"wp:term":[{"taxonomy":"product_brand","embeddable":true,"href":"https:\/\/chiaseklos.lt\/en\/wp-json\/wp\/v2\/product_brand?post=26756"},{"taxonomy":"product_cat","embeddable":true,"href":"https:\/\/chiaseklos.lt\/en\/wp-json\/wp\/v2\/product_cat?post=26756"},{"taxonomy":"product_tag","embeddable":true,"href":"https:\/\/chiaseklos.lt\/en\/wp-json\/wp\/v2\/product_tag?post=26756"}],"curies":[{"name":"wp","href":"https:\/\/api.w.org\/{rel}","templated":true}]}}