{"id":26713,"date":"2024-05-23T11:14:50","date_gmt":"2024-05-23T11:14:50","guid":{"rendered":"https:\/\/chiaseklos.lt\/?post_type=product&#038;p=26713"},"modified":"2026-04-14T07:41:04","modified_gmt":"2026-04-14T07:41:04","slug":"svogunu-granules","status":"publish","type":"product","link":"https:\/\/chiaseklos.lt\/en\/product\/svogunu-granules\/","title":{"rendered":"Svog\u016bn\u0173 granul\u0117s"},"content":{"rendered":"<h4>Svog\u016bn\u0173 granul\u0117s<\/h4>\n<p>\u0160ias svog\u016bn\u0173 granules naudokite gardinti\u00a0salotoms, sriuboms, pada\u017eams, m\u0117sai, garnyrams ir kiau\u0161ini\u0173 patiekalams.<\/p>\n<p><strong>Sudedamosios dalys:<\/strong> svog\u016bnai.<\/p>\n<p><strong>Laikymo salygos<\/strong>: laikyti sausoje, \u0161varioje ir v\u0117sioje vietoje.\u00a0<span style=\"font-size: 14.4px;\">Laikymo temperat\u016bra: nuo 0\u00b0C iki 25\u00b0C.<\/span><\/p>\n<p>Sud\u0117tyje gali b\u016bti sezamo s\u0117kl\u0173, \u017eem\u0117s rie\u0161ut\u0173 ir kit\u0173 rie\u0161ut\u0173 p\u0117dsak\u0173.<\/p>\n<p><strong>Kilm\u0117s \u0161alis:<\/strong> Indija<\/p>","protected":false},"excerpt":{"rendered":"<p>Svog\u016bn\u0173 granul\u0117s \u0160ias svog\u016bn\u0173 granules naudokite gardinti\u00a0salotoms, sriuboms, pada\u017eams, m\u0117sai, garnyrams ir kiau\u0161ini\u0173 patiekalams. Sudedamosios dalys: svog\u016bnai. Laikymo salygos: laikyti sausoje, \u0161varioje ir v\u0117sioje vietoje.\u00a0Laikymo temperat\u016bra: nuo 0\u00b0C iki 25\u00b0C. Sud\u0117tyje gali b\u016bti sezamo s\u0117kl\u0173, \u017eem\u0117s rie\u0161ut\u0173 ir kit\u0173 rie\u0161ut\u0173 p\u0117dsak\u0173. Kilm\u0117s \u0161alis: Indija<\/p>","protected":false},"featured_media":26715,"template":"","meta":{"_acf_changed":false},"product_brand":[],"product_cat":[68],"product_tag":[],"class_list":{"0":"post-26713","1":"product","2":"type-product","3":"status-publish","4":"has-post-thumbnail","6":"product_cat-prieskoniai","7":"nt-post-class","8":"","9":"masonry-item","10":"col-lg-6","14":"excerpt-none","18":"first","19":"instock","20":"taxable","21":"shipping-taxable","22":"purchasable","23":"product-type-variable","24":"has-default-attributes","25":"add-to-wishlist-after_add_to_cart"},"acf":[],"_links":{"self":[{"href":"https:\/\/chiaseklos.lt\/en\/wp-json\/wp\/v2\/product\/26713","targetHints":{"allow":["GET"]}}],"collection":[{"href":"https:\/\/chiaseklos.lt\/en\/wp-json\/wp\/v2\/product"}],"about":[{"href":"https:\/\/chiaseklos.lt\/en\/wp-json\/wp\/v2\/types\/product"}],"wp:featuredmedia":[{"embeddable":true,"href":"https:\/\/chiaseklos.lt\/en\/wp-json\/wp\/v2\/media\/26715"}],"wp:attachment":[{"href":"https:\/\/chiaseklos.lt\/en\/wp-json\/wp\/v2\/media?parent=26713"}],"wp:term":[{"taxonomy":"product_brand","embeddable":true,"href":"https:\/\/chiaseklos.lt\/en\/wp-json\/wp\/v2\/product_brand?post=26713"},{"taxonomy":"product_cat","embeddable":true,"href":"https:\/\/chiaseklos.lt\/en\/wp-json\/wp\/v2\/product_cat?post=26713"},{"taxonomy":"product_tag","embeddable":true,"href":"https:\/\/chiaseklos.lt\/en\/wp-json\/wp\/v2\/product_tag?post=26713"}],"curies":[{"name":"wp","href":"https:\/\/api.w.org\/{rel}","templated":true}]}}