{"id":26701,"date":"2024-05-23T06:34:55","date_gmt":"2024-05-23T06:34:55","guid":{"rendered":"https:\/\/chiaseklos.lt\/?post_type=product&#038;p=26701"},"modified":"2026-02-19T09:03:05","modified_gmt":"2026-02-19T09:03:05","slug":"maistine-soda-400-g","status":"publish","type":"product","link":"https:\/\/chiaseklos.lt\/en\/product\/maistine-soda-400-g\/","title":{"rendered":"Maistin\u0117 soda 400 g"},"content":{"rendered":"<h4 class=\"product_title entry-title wd-entities-title\">Maistin\u0117 soda 400 g<\/h4>\n<p>Ruo\u0161iant maist\u0105 da\u017eniausiai soda naudojama kepant konditerinius gaminius, bet j\u0105 galima naudoti ir plaunant bei valant vaisius ir dar\u017eoves nuo ne\u0161varum\u0173 ir pesticid\u0173. Maistin\u0117 soda \u201cKorni\u201d i\u0161 Vokietijos yra \u0161velni ir pagamintame patiekale jos skonio nesijau\u010dia.<br \/>\nSu pagamintu sodos tirpalu galima plauti indus, dezinfekuoti konservavimo stiklainius, maisto pjaustymo lenteles ar \u012fvairius pavir\u0161ius.<\/p>\n<p><strong>Sudedamosios dalys<\/strong>: maistin\u0117 soda \u2013 natrio bikarbonatas 100%<\/p>","protected":false},"excerpt":{"rendered":"<p>Maistin\u0117 soda 400 g Ruo\u0161iant maist\u0105 da\u017eniausiai soda naudojama kepant konditerinius gaminius, bet j\u0105 galima naudoti ir plaunant bei valant vaisius ir dar\u017eoves nuo ne\u0161varum\u0173 ir pesticid\u0173. Maistin\u0117 soda \u201cKorni\u201d i\u0161 Vokietijos yra \u0161velni ir pagamintame patiekale jos skonio nesijau\u010dia. Su pagamintu sodos tirpalu galima plauti indus, dezinfekuoti konservavimo stiklainius, maisto pjaustymo lenteles ar \u012fvairius&#8230;<\/p>","protected":false},"featured_media":26702,"template":"","meta":{"_acf_changed":false},"product_brand":[],"product_cat":[63],"product_tag":[],"class_list":{"0":"post-26701","1":"product","2":"type-product","3":"status-publish","4":"has-post-thumbnail","6":"product_cat-arbatos","7":"nt-post-class","8":"","9":"masonry-item","10":"col-lg-6","14":"excerpt-none","18":"first","19":"instock","20":"taxable","21":"shipping-taxable","22":"purchasable","23":"product-type-simple","24":"add-to-wishlist-after_add_to_cart"},"acf":[],"_links":{"self":[{"href":"https:\/\/chiaseklos.lt\/en\/wp-json\/wp\/v2\/product\/26701","targetHints":{"allow":["GET"]}}],"collection":[{"href":"https:\/\/chiaseklos.lt\/en\/wp-json\/wp\/v2\/product"}],"about":[{"href":"https:\/\/chiaseklos.lt\/en\/wp-json\/wp\/v2\/types\/product"}],"wp:featuredmedia":[{"embeddable":true,"href":"https:\/\/chiaseklos.lt\/en\/wp-json\/wp\/v2\/media\/26702"}],"wp:attachment":[{"href":"https:\/\/chiaseklos.lt\/en\/wp-json\/wp\/v2\/media?parent=26701"}],"wp:term":[{"taxonomy":"product_brand","embeddable":true,"href":"https:\/\/chiaseklos.lt\/en\/wp-json\/wp\/v2\/product_brand?post=26701"},{"taxonomy":"product_cat","embeddable":true,"href":"https:\/\/chiaseklos.lt\/en\/wp-json\/wp\/v2\/product_cat?post=26701"},{"taxonomy":"product_tag","embeddable":true,"href":"https:\/\/chiaseklos.lt\/en\/wp-json\/wp\/v2\/product_tag?post=26701"}],"curies":[{"name":"wp","href":"https:\/\/api.w.org\/{rel}","templated":true}]}}