{"id":26562,"date":"2024-05-08T06:55:48","date_gmt":"2024-05-08T06:55:48","guid":{"rendered":"https:\/\/chiaseklos.lt\/?post_type=product&#038;p=26562"},"modified":"2026-02-20T12:46:27","modified_gmt":"2026-02-20T12:46:27","slug":"traskus-javainiai-granola-su-sokoladu-500g","status":"publish","type":"product","link":"https:\/\/chiaseklos.lt\/en\/product\/traskus-javainiai-granola-su-sokoladu-500g\/","title":{"rendered":"Tra\u0161k\u016bs javainiai Granola su \u0161okoladu, 500g"},"content":{"rendered":"<h4 class=\"product_title entry-title wd-entities-title\">Tra\u0161k\u016bs javainiai Granola su \u0161okoladu, 500g<\/h4>\n<p>Sudedamosios dalys: AVI\u017d\u0172 dribsniai 25,7%, jav\u0173 ekstrudatas 22% (viso gr\u016bdo AVI\u017dINIAI miltai, KVIETINIAI miltai, cukrus, kukur\u016bz\u0173 krakmolas, druska, kukur\u016bz\u0173 kruopos, ry\u017ei\u0173 miltai, gliukoz\u0117, suma\u017einto riebumo kakavos milteliai, nugriebto PIENO milteliai, MIE\u017dI\u0172 salyklo ekstraktas, saul\u0117gr\u0105\u017e\u0173 aliejus, emulsiklis: saul\u0117gr\u0105\u017e\u0173 lecitinas, kvapioji med\u017eiaga), \u0161okolado gabaliukai 20% (pieni\u0161kas \u0161okoladas: cukrus, nenugriebto PIENO milteliai, kakavos sviestas, kakavos mas\u0117, emulsiklis: saul\u0117gr\u0105\u017e\u0173 lecitinas, juodasis \u0161okoladas: cukrus, kakavos mas\u0117, kakavos sviestas, emulsiklis: saul\u0117gr\u0105\u017e\u0173 lecitinas, kvapioji med\u017eiaga), palmi\u0173 aliejus, gliukoz\u0117s sirupas, gliukoz\u0117s-fruktoz\u0117s sirupas, cukrus, AVI\u017d\u0172 s\u0117lenos, valgomoji druska, druska, kvapioji med\u017eiaga, augalinis ekstraktas (paprastasis raudon\u0117lis).<\/p>\n<p>AlergenaiSud\u0117tyje yra: glitimo turin\u010di\u0173 jav\u0173, pieno ir jo produkt\u0173 (\u012fskaitant laktoz\u0119)Laikymo s\u0105lygosLaikyti sausoje vietoje.<\/p>\n<p>Laikymo temperat\u016bra: nuo 0\u00b0C iki 25\u00b0C<\/p>\n<p>Kilm\u0117s \u0161alis:\u010cekija<\/p>","protected":false},"excerpt":{"rendered":"<p>Tra\u0161k\u016bs javainiai Granola su \u0161okoladu, 500g Sudedamosios dalys: AVI\u017d\u0172 dribsniai 25,7%, jav\u0173 ekstrudatas 22% (viso gr\u016bdo AVI\u017dINIAI miltai, KVIETINIAI miltai, cukrus, kukur\u016bz\u0173 krakmolas, druska, kukur\u016bz\u0173 kruopos, ry\u017ei\u0173 miltai, gliukoz\u0117, suma\u017einto riebumo kakavos milteliai, nugriebto PIENO milteliai, MIE\u017dI\u0172 salyklo ekstraktas, saul\u0117gr\u0105\u017e\u0173 aliejus, emulsiklis: saul\u0117gr\u0105\u017e\u0173 lecitinas, kvapioji med\u017eiaga), \u0161okolado gabaliukai 20% (pieni\u0161kas \u0161okoladas: cukrus, nenugriebto PIENO milteliai,&#8230;<\/p>","protected":false},"featured_media":26564,"template":"","meta":{"_acf_changed":false},"product_brand":[],"product_cat":[113],"product_tag":[],"class_list":{"0":"post-26562","1":"product","2":"type-product","3":"status-publish","4":"has-post-thumbnail","6":"product_cat-sausi-pusryciai","7":"nt-post-class","8":"","9":"masonry-item","10":"col-lg-6","14":"excerpt-none","18":"first","19":"instock","20":"taxable","21":"shipping-taxable","22":"purchasable","23":"product-type-simple","24":"add-to-wishlist-after_add_to_cart"},"acf":[],"_links":{"self":[{"href":"https:\/\/chiaseklos.lt\/en\/wp-json\/wp\/v2\/product\/26562","targetHints":{"allow":["GET"]}}],"collection":[{"href":"https:\/\/chiaseklos.lt\/en\/wp-json\/wp\/v2\/product"}],"about":[{"href":"https:\/\/chiaseklos.lt\/en\/wp-json\/wp\/v2\/types\/product"}],"wp:featuredmedia":[{"embeddable":true,"href":"https:\/\/chiaseklos.lt\/en\/wp-json\/wp\/v2\/media\/26564"}],"wp:attachment":[{"href":"https:\/\/chiaseklos.lt\/en\/wp-json\/wp\/v2\/media?parent=26562"}],"wp:term":[{"taxonomy":"product_brand","embeddable":true,"href":"https:\/\/chiaseklos.lt\/en\/wp-json\/wp\/v2\/product_brand?post=26562"},{"taxonomy":"product_cat","embeddable":true,"href":"https:\/\/chiaseklos.lt\/en\/wp-json\/wp\/v2\/product_cat?post=26562"},{"taxonomy":"product_tag","embeddable":true,"href":"https:\/\/chiaseklos.lt\/en\/wp-json\/wp\/v2\/product_tag?post=26562"}],"curies":[{"name":"wp","href":"https:\/\/api.w.org\/{rel}","templated":true}]}}