{"id":26554,"date":"2024-05-07T10:42:41","date_gmt":"2024-05-07T10:42:41","guid":{"rendered":"https:\/\/chiaseklos.lt\/?post_type=product&#038;p=26554"},"modified":"2025-09-03T11:51:11","modified_gmt":"2025-09-03T11:51:11","slug":"traskus-javainiai-granola-su-riesutais-500g","status":"publish","type":"product","link":"https:\/\/chiaseklos.lt\/en\/product\/traskus-javainiai-granola-su-riesutais-500g\/","title":{"rendered":"Tra\u0161k\u016bs javainiai granola su rie\u0161utais, 500g"},"content":{"rendered":"<h4 class=\"product_title entry-title wd-entities-title\">Tra\u0161k\u016bs javainiai granola su rie\u0161utais, 500g<\/h4>\n<p><strong>Sudedamosios dalys<\/strong>:\u00a0<strong>avi\u017e\u0173<\/strong>\u00a0dribsniai 30%, ekstruduoti gr\u016bdai 25,6% (viso gr\u016bdo\u00a0<strong>avi\u017einiai<\/strong>\u00a0miltai,\u00a0<b>kvietiniai\u00a0<\/b>miltai, cukrus, kukur\u016bz\u0173 krakmolas, valgomoji druska, kukur\u016bz\u0173 kruopos, ry\u017ei\u0173 miltai,\u00a0<strong>mie\u017ei\u0173\u00a0<\/strong>salyklo ekstraktas), palmi\u0173 aliejus, gliukoz\u0117s sirupas, gliukoz\u0117s-fruktoz\u0117s sirupas, cukrus, rie\u0161utai 5% (<strong>lazdyn\u0173 rie\u0161utai, migdolai<\/strong>),\u00a0<strong>avi\u017e\u0173<\/strong>\u00a0s\u0117lenos, valgomoji druska, kvapioji med\u017eiaga, augalinis ekstraktas (raudon\u0117lis).<\/p>\n<p>Alergenai. Sud\u0117tyje yra: glitimo turin\u010di\u0173 jav\u0173, rie\u0161ut\u0173 ir j\u0173 produkt\u0173<\/p>\n<p>Kilm\u0117s \u0161alis:\u010cekija<\/p>\n<p>&nbsp;<\/p>","protected":false},"excerpt":{"rendered":"<p>Tra\u0161k\u016bs javainiai granola su rie\u0161utais, 500g Sudedamosios dalys:\u00a0avi\u017e\u0173\u00a0dribsniai 30%, ekstruduoti gr\u016bdai 25,6% (viso gr\u016bdo\u00a0avi\u017einiai\u00a0miltai,\u00a0kvietiniai\u00a0miltai, cukrus, kukur\u016bz\u0173 krakmolas, valgomoji druska, kukur\u016bz\u0173 kruopos, ry\u017ei\u0173 miltai,\u00a0mie\u017ei\u0173\u00a0salyklo ekstraktas), palmi\u0173 aliejus, gliukoz\u0117s sirupas, gliukoz\u0117s-fruktoz\u0117s sirupas, cukrus, rie\u0161utai 5% (lazdyn\u0173 rie\u0161utai, migdolai),\u00a0avi\u017e\u0173\u00a0s\u0117lenos, valgomoji druska, kvapioji med\u017eiaga, augalinis ekstraktas (raudon\u0117lis). Alergenai. Sud\u0117tyje yra: glitimo turin\u010di\u0173 jav\u0173, rie\u0161ut\u0173 ir j\u0173 produkt\u0173 Kilm\u0117s \u0161alis:\u010cekija&#8230;<\/p>","protected":false},"featured_media":26555,"template":"","meta":{"_acf_changed":false},"product_brand":[],"product_cat":[113],"product_tag":[],"class_list":{"0":"post-26554","1":"product","2":"type-product","3":"status-publish","4":"has-post-thumbnail","6":"product_cat-sausi-pusryciai","7":"nt-post-class","8":"","9":"masonry-item","10":"col-lg-6","14":"excerpt-none","18":"first","19":"outofstock","20":"taxable","21":"shipping-taxable","22":"purchasable","23":"product-type-simple","24":"add-to-wishlist-after_add_to_cart"},"acf":[],"_links":{"self":[{"href":"https:\/\/chiaseklos.lt\/en\/wp-json\/wp\/v2\/product\/26554","targetHints":{"allow":["GET"]}}],"collection":[{"href":"https:\/\/chiaseklos.lt\/en\/wp-json\/wp\/v2\/product"}],"about":[{"href":"https:\/\/chiaseklos.lt\/en\/wp-json\/wp\/v2\/types\/product"}],"wp:featuredmedia":[{"embeddable":true,"href":"https:\/\/chiaseklos.lt\/en\/wp-json\/wp\/v2\/media\/26555"}],"wp:attachment":[{"href":"https:\/\/chiaseklos.lt\/en\/wp-json\/wp\/v2\/media?parent=26554"}],"wp:term":[{"taxonomy":"product_brand","embeddable":true,"href":"https:\/\/chiaseklos.lt\/en\/wp-json\/wp\/v2\/product_brand?post=26554"},{"taxonomy":"product_cat","embeddable":true,"href":"https:\/\/chiaseklos.lt\/en\/wp-json\/wp\/v2\/product_cat?post=26554"},{"taxonomy":"product_tag","embeddable":true,"href":"https:\/\/chiaseklos.lt\/en\/wp-json\/wp\/v2\/product_tag?post=26554"}],"curies":[{"name":"wp","href":"https:\/\/api.w.org\/{rel}","templated":true}]}}