{"id":26551,"date":"2024-05-07T10:30:07","date_gmt":"2024-05-07T10:30:07","guid":{"rendered":"https:\/\/chiaseklos.lt\/?post_type=product&#038;p=26551"},"modified":"2025-11-26T16:51:43","modified_gmt":"2025-11-26T16:51:43","slug":"kepinti-javainiai-su-sokoladu-375g","status":"publish","type":"product","link":"https:\/\/chiaseklos.lt\/en\/product\/kepinti-javainiai-su-sokoladu-375g\/","title":{"rendered":"Kepinti javainiai su \u0161okoladu, 375g"},"content":{"rendered":"<h4 class=\"product_title entry-title wd-entities-title\">Kepinti javainiai su \u0161okoladu, 375g<\/h4>\n<p><strong>Sudedamosios dalys<\/strong>:\u00a0<strong>avi\u017e\u0173<\/strong>\u00a0dribsniai, ekstruduoti javai (<strong>kvie\u010di\u0173<\/strong>, ry\u017ei\u0173 ir\u00a0<strong>avi\u017e\u0173<\/strong>\u00a0miltai, cukrus, kukur\u016bz\u0173 kruopos, kukur\u016bz\u0173 krakmolas), cukrus, augalinis aliejus (palmi\u0173), gliukoz\u0117s sirupas, jav\u0173 pagalv\u0117l\u0117s su \u0161okolado \u012fdaru\u00a05% (<strong>kvietiniai\u00a0<\/strong>miltai, ry\u017ei\u0173 miltai,\u00a0<b>kvie\u010di\u0173\u00a0<\/b>s\u0117lenos, cukrus, augaliniai aliejai (palmi\u0173, sviestmed\u017eio), kakava, kakavos mas\u0117,\u00a0<strong>pieno<\/strong>\u00a0milteliai,\u00a0<strong>i\u0161r\u016bg\u0173<\/strong>\u00a0milteliai, emulsiklis:\u00a0<strong>soj\u0173<\/strong>\u00a0lecitinas, kvapioji med\u017eiaga), kakavos dro\u017el\u0117s 5% (cukrus, hidrintas augalinis aliejus (palmi\u0173 branduoli\u0173 aliejus), kakavos milteliai, emulsiklis:\u00a0<strong>soj\u0173<\/strong>\u00a0lecitinas, kvapioji med\u017eiaga),\u00a0<strong>kvie\u010di\u0173\u00a0<\/strong>dribsniai, tamsus \u0161okoladas 2,2% (kakavos mas\u0117, cukrus, dekstroz\u0117, emulsiklis:\u00a0<strong>soj\u0173<\/strong>\u00a0lecitinas), kakava, da\u017eiklis\u00a0E150c, kvapioji med\u017eiaga, nat\u016bralus paprastojo raudon\u0117lio ekstraktas.<\/p>\n<p>Alergenai. Sud\u0117tyje yra: glitimo turin\u010di\u0173 jav\u0173, pieno ir jo produkt\u0173 (\u012fskaitant laktoz\u0119), soj\u0173 pupeli\u0173 ir j\u0173 produkt\u0173<\/p>\n<p>Kilm\u0117s \u0161alis:\u010cekija<\/p>","protected":false},"excerpt":{"rendered":"<p>Kepinti javainiai su \u0161okoladu, 375g Sudedamosios dalys:\u00a0avi\u017e\u0173\u00a0dribsniai, ekstruduoti javai (kvie\u010di\u0173, ry\u017ei\u0173 ir\u00a0avi\u017e\u0173\u00a0miltai, cukrus, kukur\u016bz\u0173 kruopos, kukur\u016bz\u0173 krakmolas), cukrus, augalinis aliejus (palmi\u0173), gliukoz\u0117s sirupas, jav\u0173 pagalv\u0117l\u0117s su \u0161okolado \u012fdaru\u00a05% (kvietiniai\u00a0miltai, ry\u017ei\u0173 miltai,\u00a0kvie\u010di\u0173\u00a0s\u0117lenos, cukrus, augaliniai aliejai (palmi\u0173, sviestmed\u017eio), kakava, kakavos mas\u0117,\u00a0pieno\u00a0milteliai,\u00a0i\u0161r\u016bg\u0173\u00a0milteliai, emulsiklis:\u00a0soj\u0173\u00a0lecitinas, kvapioji med\u017eiaga), kakavos dro\u017el\u0117s 5% (cukrus, hidrintas augalinis aliejus (palmi\u0173 branduoli\u0173 aliejus), kakavos milteliai, emulsiklis:\u00a0soj\u0173\u00a0lecitinas,&#8230;<\/p>","protected":false},"featured_media":26552,"template":"","meta":{"_acf_changed":false},"product_brand":[],"product_cat":[113],"product_tag":[],"class_list":{"0":"post-26551","1":"product","2":"type-product","3":"status-publish","4":"has-post-thumbnail","6":"product_cat-sausi-pusryciai","7":"nt-post-class","8":"","9":"masonry-item","10":"col-lg-6","14":"excerpt-none","18":"first","19":"instock","20":"taxable","21":"shipping-taxable","22":"purchasable","23":"product-type-simple","24":"add-to-wishlist-after_add_to_cart"},"acf":[],"_links":{"self":[{"href":"https:\/\/chiaseklos.lt\/en\/wp-json\/wp\/v2\/product\/26551","targetHints":{"allow":["GET"]}}],"collection":[{"href":"https:\/\/chiaseklos.lt\/en\/wp-json\/wp\/v2\/product"}],"about":[{"href":"https:\/\/chiaseklos.lt\/en\/wp-json\/wp\/v2\/types\/product"}],"wp:featuredmedia":[{"embeddable":true,"href":"https:\/\/chiaseklos.lt\/en\/wp-json\/wp\/v2\/media\/26552"}],"wp:attachment":[{"href":"https:\/\/chiaseklos.lt\/en\/wp-json\/wp\/v2\/media?parent=26551"}],"wp:term":[{"taxonomy":"product_brand","embeddable":true,"href":"https:\/\/chiaseklos.lt\/en\/wp-json\/wp\/v2\/product_brand?post=26551"},{"taxonomy":"product_cat","embeddable":true,"href":"https:\/\/chiaseklos.lt\/en\/wp-json\/wp\/v2\/product_cat?post=26551"},{"taxonomy":"product_tag","embeddable":true,"href":"https:\/\/chiaseklos.lt\/en\/wp-json\/wp\/v2\/product_tag?post=26551"}],"curies":[{"name":"wp","href":"https:\/\/api.w.org\/{rel}","templated":true}]}}