{"id":26549,"date":"2024-05-07T10:26:26","date_gmt":"2024-05-07T10:26:26","guid":{"rendered":"https:\/\/chiaseklos.lt\/?post_type=product&#038;p=26549"},"modified":"2026-03-22T17:42:59","modified_gmt":"2026-03-22T17:42:59","slug":"kepinti-javainiai-su-misko-uogomis-375g","status":"publish","type":"product","link":"https:\/\/chiaseklos.lt\/en\/product\/kepinti-javainiai-su-misko-uogomis-375g\/","title":{"rendered":"Kepinti javainiai su mi\u0161ko uogomis, 375g"},"content":{"rendered":"<h4 class=\"product_title entry-title wd-entities-title\">Kepinti javainiai su mi\u0161ko uogomis, 375g<\/h4>\n<p><strong>Sudedamosios dalys:<\/strong>\u00a0viso gr\u016bdo<strong>\u00a0avi\u017e\u0173<\/strong>\u00a0dribsniai 51,1%, cukrus, palmi\u0173 aliejus, viso gr\u016bdo\u00a0<strong>kvie\u010di\u0173<\/strong>\u00a0dribsniai, gliukoz\u0117s sirupas, ekstruduoti javai (viso gr\u016bdo\u00a0<strong>kvie\u010di\u0173\u00a0<\/strong>miltai,\u00a0<strong>kvie\u010di\u0173<\/strong>\u00a0miltai, kukur\u016bz\u0173 kruopos, cukrus, kukur\u016bz\u0173 krakmolas), liofilizuot\u0173 uog\u0173 mi\u0161inys 2,4% (aviet\u0117s, spanguol\u0117s, m\u0117lyn\u0117s), kvapioji med\u017eiaga,\u00a0 druska, augalinis ekstraktas (paprastasis raudon\u0117lis).<\/p>\n<p>Sud\u0117tyje gali b\u016bti \u017e<strong>em\u0117s rie\u0161ut\u0173, soj\u0173,<\/strong>\u00a0<strong>pieno<\/strong>\u00a0ir\u00a0<strong>pieno<\/strong>\u00a0<strong>produkt\u0173<\/strong>,\u00a0<strong>rie\u0161ut\u0173<\/strong>\u00a0ir\u00a0<strong>sezam\u0173<\/strong>\u00a0p\u0117dsak\u0173.<\/p>\n<p>&nbsp;<\/p>","protected":false},"excerpt":{"rendered":"<p>Kepinti javainiai su mi\u0161ko uogomis, 375g Sudedamosios dalys:\u00a0viso gr\u016bdo\u00a0avi\u017e\u0173\u00a0dribsniai 51,1%, cukrus, palmi\u0173 aliejus, viso gr\u016bdo\u00a0kvie\u010di\u0173\u00a0dribsniai, gliukoz\u0117s sirupas, ekstruduoti javai (viso gr\u016bdo\u00a0kvie\u010di\u0173\u00a0miltai,\u00a0kvie\u010di\u0173\u00a0miltai, kukur\u016bz\u0173 kruopos, cukrus, kukur\u016bz\u0173 krakmolas), liofilizuot\u0173 uog\u0173 mi\u0161inys 2,4% (aviet\u0117s, spanguol\u0117s, m\u0117lyn\u0117s), kvapioji med\u017eiaga,\u00a0 druska, augalinis ekstraktas (paprastasis raudon\u0117lis). Sud\u0117tyje gali b\u016bti \u017eem\u0117s rie\u0161ut\u0173, soj\u0173,\u00a0pieno\u00a0ir\u00a0pieno\u00a0produkt\u0173,\u00a0rie\u0161ut\u0173\u00a0ir\u00a0sezam\u0173\u00a0p\u0117dsak\u0173. &nbsp;<\/p>","protected":false},"featured_media":26550,"template":"","meta":{"_acf_changed":false},"product_brand":[],"product_cat":[113],"product_tag":[],"class_list":{"0":"post-26549","1":"product","2":"type-product","3":"status-publish","4":"has-post-thumbnail","6":"product_cat-sausi-pusryciai","7":"nt-post-class","8":"","9":"masonry-item","10":"col-lg-6","14":"excerpt-none","18":"first","19":"instock","20":"taxable","21":"shipping-taxable","22":"purchasable","23":"product-type-simple","24":"add-to-wishlist-after_add_to_cart"},"acf":[],"_links":{"self":[{"href":"https:\/\/chiaseklos.lt\/en\/wp-json\/wp\/v2\/product\/26549","targetHints":{"allow":["GET"]}}],"collection":[{"href":"https:\/\/chiaseklos.lt\/en\/wp-json\/wp\/v2\/product"}],"about":[{"href":"https:\/\/chiaseklos.lt\/en\/wp-json\/wp\/v2\/types\/product"}],"wp:featuredmedia":[{"embeddable":true,"href":"https:\/\/chiaseklos.lt\/en\/wp-json\/wp\/v2\/media\/26550"}],"wp:attachment":[{"href":"https:\/\/chiaseklos.lt\/en\/wp-json\/wp\/v2\/media?parent=26549"}],"wp:term":[{"taxonomy":"product_brand","embeddable":true,"href":"https:\/\/chiaseklos.lt\/en\/wp-json\/wp\/v2\/product_brand?post=26549"},{"taxonomy":"product_cat","embeddable":true,"href":"https:\/\/chiaseklos.lt\/en\/wp-json\/wp\/v2\/product_cat?post=26549"},{"taxonomy":"product_tag","embeddable":true,"href":"https:\/\/chiaseklos.lt\/en\/wp-json\/wp\/v2\/product_tag?post=26549"}],"curies":[{"name":"wp","href":"https:\/\/api.w.org\/{rel}","templated":true}]}}