{"id":26544,"date":"2024-05-07T10:20:17","date_gmt":"2024-05-07T10:20:17","guid":{"rendered":"https:\/\/chiaseklos.lt\/?post_type=product&#038;p=26544"},"modified":"2025-03-17T10:59:26","modified_gmt":"2025-03-17T10:59:26","slug":"kepinti-javainiai-su-lazdynu-riesutais-375g","status":"publish","type":"product","link":"https:\/\/chiaseklos.lt\/en\/product\/kepinti-javainiai-su-lazdynu-riesutais-375g\/","title":{"rendered":"Kepinti javainiai su lazdyn\u0173 rie\u0161utais, 375g"},"content":{"rendered":"<h4 class=\"product_title entry-title wd-entities-title\">Kepinti javainiai su lazdyn\u0173 rie\u0161utais, 375g<\/h4>\n<p><strong>Sudedamosios dalys: avi\u017e\u0173\u00a0<\/strong>dribsniai, ekstruduoti javai (<strong>kvie\u010di\u0173<\/strong>, ry\u017ei\u0173 ir\u00a0<strong>avi\u017e\u0173<\/strong>\u00a0miltai, cukrus, kukur\u016bz\u0173 kruopos, kukur\u016bz\u0173 krakmolas), cukrus, augalinis aliejus (palmi\u0173),\u00a0<strong>kvie\u010di\u0173\u00a0<\/strong>dribsniai 8% (viso gr\u016bdo\u00a0<strong>kvietiniai<\/strong>\u00a0miltai,\u00a0<strong>kvie\u010di\u0173\u00a0<\/strong>s\u0117lenos, cukrus, druska,\u00a0<strong>mie\u017ei\u0173<\/strong>\u00a0salyklo ekstraktas), gliukoz\u0117s sirupas,\u00a0<strong>kvie\u010di\u0173<\/strong>\u00a0dribsniai,\u00a0<strong>lazdyn\u0173 rie\u0161utai<\/strong>\u00a02%, kakava, kvapioji med\u017eiaga, \u00a0nat\u016bralus paprastojo raudon\u0117lio ekstraktas.<\/p>\n<p>Sud\u0117tyje gali b\u016bti\u00a0<strong>pieno<\/strong>\u00a0ir\u00a0<strong>pieno<\/strong>\u00a0<strong>produkt\u0173<\/strong>,\u00a0<strong>soj\u0173<\/strong>,\u00a0<strong>\u017eem\u0117s rie\u0161ut\u0173<\/strong>\u00a0ir\u00a0<strong>sezam\u0173<\/strong>\u00a0p\u0117dsak\u0173.<\/p>","protected":false},"excerpt":{"rendered":"<p>Kepinti javainiai su lazdyn\u0173 rie\u0161utais, 375g Sudedamosios dalys: avi\u017e\u0173\u00a0dribsniai, ekstruduoti javai (kvie\u010di\u0173, ry\u017ei\u0173 ir\u00a0avi\u017e\u0173\u00a0miltai, cukrus, kukur\u016bz\u0173 kruopos, kukur\u016bz\u0173 krakmolas), cukrus, augalinis aliejus (palmi\u0173),\u00a0kvie\u010di\u0173\u00a0dribsniai 8% (viso gr\u016bdo\u00a0kvietiniai\u00a0miltai,\u00a0kvie\u010di\u0173\u00a0s\u0117lenos, cukrus, druska,\u00a0mie\u017ei\u0173\u00a0salyklo ekstraktas), gliukoz\u0117s sirupas,\u00a0kvie\u010di\u0173\u00a0dribsniai,\u00a0lazdyn\u0173 rie\u0161utai\u00a02%, kakava, kvapioji med\u017eiaga, \u00a0nat\u016bralus paprastojo raudon\u0117lio ekstraktas. Sud\u0117tyje gali b\u016bti\u00a0pieno\u00a0ir\u00a0pieno\u00a0produkt\u0173,\u00a0soj\u0173,\u00a0\u017eem\u0117s rie\u0161ut\u0173\u00a0ir\u00a0sezam\u0173\u00a0p\u0117dsak\u0173.<\/p>","protected":false},"featured_media":26548,"template":"","meta":{"_acf_changed":false},"product_brand":[],"product_cat":[88,113],"product_tag":[],"class_list":{"0":"post-26544","1":"product","2":"type-product","3":"status-publish","4":"has-post-thumbnail","6":"product_cat-naujiena","7":"product_cat-sausi-pusryciai","8":"nt-post-class","9":"","10":"masonry-item","11":"col-lg-6","15":"excerpt-none","19":"first","20":"outofstock","21":"sale","22":"taxable","23":"shipping-taxable","24":"purchasable","25":"product-type-simple","26":"add-to-wishlist-after_add_to_cart"},"acf":[],"_links":{"self":[{"href":"https:\/\/chiaseklos.lt\/en\/wp-json\/wp\/v2\/product\/26544","targetHints":{"allow":["GET"]}}],"collection":[{"href":"https:\/\/chiaseklos.lt\/en\/wp-json\/wp\/v2\/product"}],"about":[{"href":"https:\/\/chiaseklos.lt\/en\/wp-json\/wp\/v2\/types\/product"}],"wp:featuredmedia":[{"embeddable":true,"href":"https:\/\/chiaseklos.lt\/en\/wp-json\/wp\/v2\/media\/26548"}],"wp:attachment":[{"href":"https:\/\/chiaseklos.lt\/en\/wp-json\/wp\/v2\/media?parent=26544"}],"wp:term":[{"taxonomy":"product_brand","embeddable":true,"href":"https:\/\/chiaseklos.lt\/en\/wp-json\/wp\/v2\/product_brand?post=26544"},{"taxonomy":"product_cat","embeddable":true,"href":"https:\/\/chiaseklos.lt\/en\/wp-json\/wp\/v2\/product_cat?post=26544"},{"taxonomy":"product_tag","embeddable":true,"href":"https:\/\/chiaseklos.lt\/en\/wp-json\/wp\/v2\/product_tag?post=26544"}],"curies":[{"name":"wp","href":"https:\/\/api.w.org\/{rel}","templated":true}]}}