{"id":26541,"date":"2024-05-07T10:17:15","date_gmt":"2024-05-07T10:17:15","guid":{"rendered":"https:\/\/chiaseklos.lt\/?post_type=product&#038;p=26541"},"modified":"2026-04-15T06:05:35","modified_gmt":"2026-04-15T06:05:35","slug":"gerosios-skaidulos-250g","status":"publish","type":"product","link":"https:\/\/chiaseklos.lt\/en\/product\/gerosios-skaidulos-250g\/","title":{"rendered":"Gerosios skaidulos, 250g"},"content":{"rendered":"<h4 class=\"product_title entry-title wd-entities-title\">Gerosios skaidulos, 250g<\/h4>\n<p><strong>Sudedamosios dalys<\/strong>:\u00a0<strong>kvie\u010di\u0173<\/strong>\u00a0s\u0117lenos 41,5%, pilnagr\u016bd\u017ei\u0173\u00a0<strong>kvie\u010di\u0173<\/strong>\u00a0miltai 17,6%, kukur\u016bz\u0173 s\u0117lenos 15,5%, kukur\u016bz\u0173 krakmolas, cukrus, gliukoz\u0117, emulsiklis: saul\u0117gr\u0105\u017e\u0173 lecitinas,\u00a0<strong>mie\u017ei\u0173<\/strong>\u00a0salyklo ekstraktas, saul\u0117gr\u0105\u017e\u0173 aliejus su rozmarinu (saul\u0117gr\u0105\u017e\u0173 aliejus, rozmarino ekstraktas), cinamonas 0,3%, mineralai: kalcio karbonatas.<\/p>\n<p>Sud\u0117tyje gali b\u016bti\u00a0<strong>soj\u0173, pieno, \u017eem\u0117s\u00a0<\/strong>ir<strong>\u00a0lazdyn\u0173 rie\u0161ut\u0173<\/strong>\u00a0p\u0117dsak\u0173.<\/p>","protected":false},"excerpt":{"rendered":"<p>Gerosios skaidulos, 250g Sudedamosios dalys:\u00a0kvie\u010di\u0173\u00a0s\u0117lenos 41,5%, pilnagr\u016bd\u017ei\u0173\u00a0kvie\u010di\u0173\u00a0miltai 17,6%, kukur\u016bz\u0173 s\u0117lenos 15,5%, kukur\u016bz\u0173 krakmolas, cukrus, gliukoz\u0117, emulsiklis: saul\u0117gr\u0105\u017e\u0173 lecitinas,\u00a0mie\u017ei\u0173\u00a0salyklo ekstraktas, saul\u0117gr\u0105\u017e\u0173 aliejus su rozmarinu (saul\u0117gr\u0105\u017e\u0173 aliejus, rozmarino ekstraktas), cinamonas 0,3%, mineralai: kalcio karbonatas. Sud\u0117tyje gali b\u016bti\u00a0soj\u0173, pieno, \u017eem\u0117s\u00a0ir\u00a0lazdyn\u0173 rie\u0161ut\u0173\u00a0p\u0117dsak\u0173.<\/p>","protected":false},"featured_media":26542,"template":"","meta":{"_acf_changed":false},"product_brand":[],"product_cat":[113],"product_tag":[],"class_list":{"0":"post-26541","1":"product","2":"type-product","3":"status-publish","4":"has-post-thumbnail","6":"product_cat-sausi-pusryciai","7":"nt-post-class","8":"","9":"masonry-item","10":"col-lg-6","14":"excerpt-none","18":"first","19":"instock","20":"taxable","21":"shipping-taxable","22":"purchasable","23":"product-type-simple","24":"add-to-wishlist-after_add_to_cart"},"acf":[],"_links":{"self":[{"href":"https:\/\/chiaseklos.lt\/en\/wp-json\/wp\/v2\/product\/26541","targetHints":{"allow":["GET"]}}],"collection":[{"href":"https:\/\/chiaseklos.lt\/en\/wp-json\/wp\/v2\/product"}],"about":[{"href":"https:\/\/chiaseklos.lt\/en\/wp-json\/wp\/v2\/types\/product"}],"wp:featuredmedia":[{"embeddable":true,"href":"https:\/\/chiaseklos.lt\/en\/wp-json\/wp\/v2\/media\/26542"}],"wp:attachment":[{"href":"https:\/\/chiaseklos.lt\/en\/wp-json\/wp\/v2\/media?parent=26541"}],"wp:term":[{"taxonomy":"product_brand","embeddable":true,"href":"https:\/\/chiaseklos.lt\/en\/wp-json\/wp\/v2\/product_brand?post=26541"},{"taxonomy":"product_cat","embeddable":true,"href":"https:\/\/chiaseklos.lt\/en\/wp-json\/wp\/v2\/product_cat?post=26541"},{"taxonomy":"product_tag","embeddable":true,"href":"https:\/\/chiaseklos.lt\/en\/wp-json\/wp\/v2\/product_tag?post=26541"}],"curies":[{"name":"wp","href":"https:\/\/api.w.org\/{rel}","templated":true}]}}