{"id":26538,"date":"2024-05-07T10:09:28","date_gmt":"2024-05-07T10:09:28","guid":{"rendered":"https:\/\/chiaseklos.lt\/?post_type=product&#038;p=26538"},"modified":"2026-02-20T12:43:24","modified_gmt":"2026-02-20T12:43:24","slug":"selenu-dribsniai-375g","status":"publish","type":"product","link":"https:\/\/chiaseklos.lt\/en\/product\/selenu-dribsniai-375g\/","title":{"rendered":"S\u0117len\u0173 dribsniai, 375g"},"content":{"rendered":"<h4 class=\"product_title entry-title wd-entities-title\">S\u0117len\u0173 dribsniai, 375g<\/h4>\n<p><strong>Sudedamosios dalys<\/strong>:\u00a0<strong>kvietiniai<\/strong>\u00a0miltai,\u00a0<strong>kvie\u010di\u0173<\/strong>\u00a0s\u0117lenos 11%, cukrus, joduota druska (valgomoji druska, kalio jodatas),\u00a0<strong>mie\u017ei\u0173<\/strong>\u00a0salyklo ekstraktas.<\/p>\n<p>Sud\u0117tyje gali b\u016bti\u00a0<strong>soj\u0173<\/strong>,\u00a0<strong>pieno<\/strong>\u00a0ir\u00a0<strong>pieno produkt\u0173<\/strong>,\u00a0<strong>\u017eem\u0117s<\/strong>\u00a0ir\u00a0<strong>lazdyno rie\u0161ut\u0173<\/strong>\u00a0p\u0117dsak\u0173.<\/p>\n<p>Kilm\u0117s \u0161alis:\u00a0\u010cekija<\/p>\n<p>&nbsp;<\/p>","protected":false},"excerpt":{"rendered":"<p>S\u0117len\u0173 dribsniai, 375g Sudedamosios dalys:\u00a0kvietiniai\u00a0miltai,\u00a0kvie\u010di\u0173\u00a0s\u0117lenos 11%, cukrus, joduota druska (valgomoji druska, kalio jodatas),\u00a0mie\u017ei\u0173\u00a0salyklo ekstraktas. Sud\u0117tyje gali b\u016bti\u00a0soj\u0173,\u00a0pieno\u00a0ir\u00a0pieno produkt\u0173,\u00a0\u017eem\u0117s\u00a0ir\u00a0lazdyno rie\u0161ut\u0173\u00a0p\u0117dsak\u0173. Kilm\u0117s \u0161alis:\u00a0\u010cekija &nbsp;<\/p>","protected":false},"featured_media":26539,"template":"","meta":{"_acf_changed":false},"product_brand":[],"product_cat":[113],"product_tag":[],"class_list":{"0":"post-26538","1":"product","2":"type-product","3":"status-publish","4":"has-post-thumbnail","6":"product_cat-sausi-pusryciai","7":"nt-post-class","8":"","9":"masonry-item","10":"col-lg-6","14":"excerpt-none","18":"first","19":"instock","20":"taxable","21":"shipping-taxable","22":"purchasable","23":"product-type-simple","24":"add-to-wishlist-after_add_to_cart"},"acf":[],"_links":{"self":[{"href":"https:\/\/chiaseklos.lt\/en\/wp-json\/wp\/v2\/product\/26538","targetHints":{"allow":["GET"]}}],"collection":[{"href":"https:\/\/chiaseklos.lt\/en\/wp-json\/wp\/v2\/product"}],"about":[{"href":"https:\/\/chiaseklos.lt\/en\/wp-json\/wp\/v2\/types\/product"}],"wp:featuredmedia":[{"embeddable":true,"href":"https:\/\/chiaseklos.lt\/en\/wp-json\/wp\/v2\/media\/26539"}],"wp:attachment":[{"href":"https:\/\/chiaseklos.lt\/en\/wp-json\/wp\/v2\/media?parent=26538"}],"wp:term":[{"taxonomy":"product_brand","embeddable":true,"href":"https:\/\/chiaseklos.lt\/en\/wp-json\/wp\/v2\/product_brand?post=26538"},{"taxonomy":"product_cat","embeddable":true,"href":"https:\/\/chiaseklos.lt\/en\/wp-json\/wp\/v2\/product_cat?post=26538"},{"taxonomy":"product_tag","embeddable":true,"href":"https:\/\/chiaseklos.lt\/en\/wp-json\/wp\/v2\/product_tag?post=26538"}],"curies":[{"name":"wp","href":"https:\/\/api.w.org\/{rel}","templated":true}]}}