{"id":26480,"date":"2024-04-30T08:18:43","date_gmt":"2024-04-30T08:18:43","guid":{"rendered":"https:\/\/chiaseklos.lt\/?post_type=product&#038;p=26480"},"modified":"2025-01-28T12:56:46","modified_gmt":"2025-01-28T12:56:46","slug":"rukyta-saldzioji-paprika-milteliais-100g","status":"publish","type":"product","link":"https:\/\/chiaseklos.lt\/en\/product\/rukyta-saldzioji-paprika-milteliais-100g\/","title":{"rendered":"R\u016bkyta sald\u017eioji paprika milteliais 100g"},"content":{"rendered":"<p><strong>R\u016bkyta sald\u017eioji paprika milteliais 100g<\/strong><\/p>\n<p>Sald\u017eioji r\u016bkyta paprika &#8211; vienas populiariausi\u0173 prieskoni\u0173 naudojam\u0173 kiekvienoje virtuv\u0117je. Nebrangus, paprastas naudoti, malonaus skonio ir aromato prieskonis,naudojamas salotoms, sriuboms, tro\u0161kiniams, konservams, \u012fdarytoms dar\u017eov\u0117ms (ypa\u010d paprikai), m\u0117sos ar pauk\u0161tienos patiekalams. Sald\u017eiosios paprikos vaisiuose n\u0117ra a\u0161triosios paprik\u0173 med\u017eiagos kapsicino, tod\u0117l jos n\u0117ra aitrios. Toks prieskonis pagardins patiekalus, suteikdamas jiems \u0161veln\u0173 poskon\u012f. \u0160is prieskonis suteikia malonaus d\u016bmo aromato.<br \/>\n<strong>Sud\u0117tis<\/strong>: r\u016bkyta malta sald\u017eioji paprika.<\/p>\n<p><strong>Kilm\u0117s \u0161alis<\/strong>: Ispanija<\/p>\n<p>&nbsp;<\/p>","protected":false},"excerpt":{"rendered":"<p>R\u016bkyta sald\u017eioji paprika milteliais 100g Sald\u017eioji r\u016bkyta paprika &#8211; vienas populiariausi\u0173 prieskoni\u0173 naudojam\u0173 kiekvienoje virtuv\u0117je. Nebrangus, paprastas naudoti, malonaus skonio ir aromato prieskonis,naudojamas salotoms, sriuboms, tro\u0161kiniams, konservams, \u012fdarytoms dar\u017eov\u0117ms (ypa\u010d paprikai), m\u0117sos ar pauk\u0161tienos patiekalams. Sald\u017eiosios paprikos vaisiuose n\u0117ra a\u0161triosios paprik\u0173 med\u017eiagos kapsicino, tod\u0117l jos n\u0117ra aitrios. Toks prieskonis pagardins patiekalus, suteikdamas jiems \u0161veln\u0173 poskon\u012f&#8230;.<\/p>","protected":false},"featured_media":26482,"template":"","meta":{"_acf_changed":false},"product_brand":[],"product_cat":[88,68],"product_tag":[],"class_list":{"0":"post-26480","1":"product","2":"type-product","3":"status-publish","4":"has-post-thumbnail","6":"product_cat-naujiena","7":"product_cat-prieskoniai","8":"nt-post-class","9":"","10":"masonry-item","11":"col-lg-6","15":"excerpt-none","19":"first","20":"instock","21":"taxable","22":"shipping-taxable","23":"purchasable","24":"product-type-simple","25":"add-to-wishlist-after_add_to_cart"},"acf":[],"_links":{"self":[{"href":"https:\/\/chiaseklos.lt\/en\/wp-json\/wp\/v2\/product\/26480","targetHints":{"allow":["GET"]}}],"collection":[{"href":"https:\/\/chiaseklos.lt\/en\/wp-json\/wp\/v2\/product"}],"about":[{"href":"https:\/\/chiaseklos.lt\/en\/wp-json\/wp\/v2\/types\/product"}],"wp:featuredmedia":[{"embeddable":true,"href":"https:\/\/chiaseklos.lt\/en\/wp-json\/wp\/v2\/media\/26482"}],"wp:attachment":[{"href":"https:\/\/chiaseklos.lt\/en\/wp-json\/wp\/v2\/media?parent=26480"}],"wp:term":[{"taxonomy":"product_brand","embeddable":true,"href":"https:\/\/chiaseklos.lt\/en\/wp-json\/wp\/v2\/product_brand?post=26480"},{"taxonomy":"product_cat","embeddable":true,"href":"https:\/\/chiaseklos.lt\/en\/wp-json\/wp\/v2\/product_cat?post=26480"},{"taxonomy":"product_tag","embeddable":true,"href":"https:\/\/chiaseklos.lt\/en\/wp-json\/wp\/v2\/product_tag?post=26480"}],"curies":[{"name":"wp","href":"https:\/\/api.w.org\/{rel}","templated":true}]}}