{"id":26476,"date":"2024-04-30T07:53:09","date_gmt":"2024-04-30T07:53:09","guid":{"rendered":"https:\/\/chiaseklos.lt\/?post_type=product&#038;p=26476"},"modified":"2025-09-29T09:14:36","modified_gmt":"2025-09-29T09:14:36","slug":"maltos-saldziosios-paprikos-prieskoniai-100g","status":"publish","type":"product","link":"https:\/\/chiaseklos.lt\/en\/product\/maltos-saldziosios-paprikos-prieskoniai-100g\/","title":{"rendered":"Maltos sald\u017eiosios paprikos prieskoniai 100g"},"content":{"rendered":"<p><strong>Maltos sald\u017eiosios paprikos prieskoniai 100g<\/strong><\/p>\n<p>\u0160is prieskonis suteikia pikanti\u0161k\u0105 skon\u012f bei gra\u017e\u0173 raudon\u0105 atspalv\u012f.\u00a0Puikiai tinka gardinti ry\u017eius, tro\u0161kinius, pada\u017eus, sriubas, \u017euvies,\u00a0 dar\u017eovi\u0173 bei pauk\u0161tienos patiekalus.<\/p>\n<p><strong>Rekomenduojama:<\/strong> prieskonius berti gamybos pabaigoje, nes ilgai kepinama paprika apkarsta. Ypa\u010d maloniu skoniu atsiveria kaitinama svieste.<\/p>\n<p><strong>Sud\u0117tis<\/strong>: malta d\u017eiovinta sald\u017eioji paprika.<\/p>\n<p><strong>Kilm\u0117s \u0161alis<\/strong>: Ispanija<\/p>\n<p>&nbsp;<\/p>","protected":false},"excerpt":{"rendered":"<p>Maltos sald\u017eiosios paprikos prieskoniai 100g \u0160is prieskonis suteikia pikanti\u0161k\u0105 skon\u012f bei gra\u017e\u0173 raudon\u0105 atspalv\u012f.\u00a0Puikiai tinka gardinti ry\u017eius, tro\u0161kinius, pada\u017eus, sriubas, \u017euvies,\u00a0 dar\u017eovi\u0173 bei pauk\u0161tienos patiekalus. Rekomenduojama: prieskonius berti gamybos pabaigoje, nes ilgai kepinama paprika apkarsta. Ypa\u010d maloniu skoniu atsiveria kaitinama svieste. Sud\u0117tis: malta d\u017eiovinta sald\u017eioji paprika. Kilm\u0117s \u0161alis: Ispanija &nbsp;<\/p>","protected":false},"featured_media":26479,"template":"","meta":{"_acf_changed":false},"product_brand":[],"product_cat":[88,68],"product_tag":[],"class_list":{"0":"post-26476","1":"product","2":"type-product","3":"status-publish","4":"has-post-thumbnail","6":"product_cat-naujiena","7":"product_cat-prieskoniai","8":"nt-post-class","9":"","10":"masonry-item","11":"col-lg-6","15":"excerpt-none","19":"first","20":"instock","21":"taxable","22":"shipping-taxable","23":"purchasable","24":"product-type-simple","25":"add-to-wishlist-after_add_to_cart"},"acf":[],"_links":{"self":[{"href":"https:\/\/chiaseklos.lt\/en\/wp-json\/wp\/v2\/product\/26476","targetHints":{"allow":["GET"]}}],"collection":[{"href":"https:\/\/chiaseklos.lt\/en\/wp-json\/wp\/v2\/product"}],"about":[{"href":"https:\/\/chiaseklos.lt\/en\/wp-json\/wp\/v2\/types\/product"}],"wp:featuredmedia":[{"embeddable":true,"href":"https:\/\/chiaseklos.lt\/en\/wp-json\/wp\/v2\/media\/26479"}],"wp:attachment":[{"href":"https:\/\/chiaseklos.lt\/en\/wp-json\/wp\/v2\/media?parent=26476"}],"wp:term":[{"taxonomy":"product_brand","embeddable":true,"href":"https:\/\/chiaseklos.lt\/en\/wp-json\/wp\/v2\/product_brand?post=26476"},{"taxonomy":"product_cat","embeddable":true,"href":"https:\/\/chiaseklos.lt\/en\/wp-json\/wp\/v2\/product_cat?post=26476"},{"taxonomy":"product_tag","embeddable":true,"href":"https:\/\/chiaseklos.lt\/en\/wp-json\/wp\/v2\/product_tag?post=26476"}],"curies":[{"name":"wp","href":"https:\/\/api.w.org\/{rel}","templated":true}]}}