{"id":26188,"date":"2024-04-08T11:36:34","date_gmt":"2024-04-08T11:36:34","guid":{"rendered":"https:\/\/chiaseklos.lt\/?post_type=product&#038;p=26188"},"modified":"2024-08-30T11:04:17","modified_gmt":"2024-08-30T11:04:17","slug":"epbar-funkcinis-zemes-riesutu-kremo-batonelis-52-g","status":"publish","type":"product","link":"https:\/\/chiaseklos.lt\/en\/product\/epbar-funkcinis-zemes-riesutu-kremo-batonelis-52-g\/","title":{"rendered":"EPbar funkcinis \u017eem\u0117s rie\u0161ut\u0173 kremo baton\u0117lis, 52 g."},"content":{"rendered":"<h4 class=\"product_title entry-title elementor-heading-title elementor-size-default\">EPbar funkcinis \u017eem\u0117s rie\u0161ut\u0173 kremo baton\u0117lis, 52 g.<\/h4>\n<p><strong>Maistin\u0117 ir energin\u0117 vert\u0117 100g produkto:\u00a0<\/strong>2464 kj\/589 kcal\u00a0Riebalai 50,3 g\u00a0i\u0161 kuri\u0173 so\u010di\u0173j\u0173 r\u016bg\u0161\u010di\u0173 30,7 g\u00a0Angliavandeniai 28,2 g\u00a0i\u0161 kuri\u0173 cukr\u0173 8,3 g\u00a0i\u0161 kuri\u0173 polioli\u0173 15,4 g\u00a0Baltymai 7,7 g\u00a0Skaidulos 10,2 g<br \/>\nDruska 0,18 g<\/p>\n<p>EPbar funkcinis \u017eem\u0117s rie\u0161ut\u0173 kremo\u00a0baton\u0117lis, aplietas juoduoju \u0161okoladu<\/p>\n<p>Sudedamosios dalys: juodasis \u0161okoladas 28,8%\u00a0(kakavos mas\u0117, saldiklis maltitolis, kakavos sviestas, emulsikliai saul\u0117gr\u0105\u017e\u0173 lecitinas, poliglicerolio poliricinoleatas, kvapioji med\u017eiaga vanilinas), kokoso rie\u0161ut\u0173 sviestas, kakavos sviestas, \u017dEM\u0116S RIE\u0160UT\u0172 sviestas 16,3%, datul\u0117s, inulinas (skaidulin\u0117s med\u017eiagos), emulsiklis saulegr\u0105\u017e\u0173 lecitinas, druska.<\/p>\n<p>Produkte gali buti PIENO ir kit\u0173 RIE\u0160UT\u0172 p\u0117dsak\u0173.<\/p>\n<p>Sudetyje yra polioli\u0173. Vartojant dideliais kiekiais gali tur\u0117ti vidurius laisvinant\u012f poveik\u012f.<\/p>\n<p>Laikyti sausoje, v\u0117sioje vietoje: 0-20\u00b0C<\/p>\n<p>Produktas galioja 12 m\u0117n. laikant v\u0117sioje vietoje ar \u0161aldytuve.<\/p>\n<p>Kilm\u0117s \u0161alis: Lietuva<\/p>\n<p>Grynasis svoris: 52g (+-4,5g)<\/p>","protected":false},"excerpt":{"rendered":"<p>EPbar funkcinis \u017eem\u0117s rie\u0161ut\u0173 kremo baton\u0117lis, 52 g. Maistin\u0117 ir energin\u0117 vert\u0117 100g produkto:\u00a02464 kj\/589 kcal\u00a0Riebalai 50,3 g\u00a0i\u0161 kuri\u0173 so\u010di\u0173j\u0173 r\u016bg\u0161\u010di\u0173 30,7 g\u00a0Angliavandeniai 28,2 g\u00a0i\u0161 kuri\u0173 cukr\u0173 8,3 g\u00a0i\u0161 kuri\u0173 polioli\u0173 15,4 g\u00a0Baltymai 7,7 g\u00a0Skaidulos 10,2 g Druska 0,18 g EPbar funkcinis \u017eem\u0117s rie\u0161ut\u0173 kremo\u00a0baton\u0117lis, aplietas juoduoju \u0161okoladu Sudedamosios dalys: juodasis \u0161okoladas 28,8%\u00a0(kakavos mas\u0117, saldiklis&#8230;<\/p>","protected":false},"featured_media":26189,"template":"","meta":{"_acf_changed":false},"product_brand":[],"product_cat":[93],"product_tag":[],"class_list":{"0":"post-26188","1":"product","2":"type-product","3":"status-publish","4":"has-post-thumbnail","6":"product_cat-batoneliai-sokoladas","7":"nt-post-class","8":"","9":"masonry-item","10":"col-lg-6","14":"excerpt-none","18":"first","19":"outofstock","20":"taxable","21":"shipping-taxable","22":"purchasable","23":"product-type-simple","24":"add-to-wishlist-after_add_to_cart"},"acf":[],"_links":{"self":[{"href":"https:\/\/chiaseklos.lt\/en\/wp-json\/wp\/v2\/product\/26188","targetHints":{"allow":["GET"]}}],"collection":[{"href":"https:\/\/chiaseklos.lt\/en\/wp-json\/wp\/v2\/product"}],"about":[{"href":"https:\/\/chiaseklos.lt\/en\/wp-json\/wp\/v2\/types\/product"}],"wp:featuredmedia":[{"embeddable":true,"href":"https:\/\/chiaseklos.lt\/en\/wp-json\/wp\/v2\/media\/26189"}],"wp:attachment":[{"href":"https:\/\/chiaseklos.lt\/en\/wp-json\/wp\/v2\/media?parent=26188"}],"wp:term":[{"taxonomy":"product_brand","embeddable":true,"href":"https:\/\/chiaseklos.lt\/en\/wp-json\/wp\/v2\/product_brand?post=26188"},{"taxonomy":"product_cat","embeddable":true,"href":"https:\/\/chiaseklos.lt\/en\/wp-json\/wp\/v2\/product_cat?post=26188"},{"taxonomy":"product_tag","embeddable":true,"href":"https:\/\/chiaseklos.lt\/en\/wp-json\/wp\/v2\/product_tag?post=26188"}],"curies":[{"name":"wp","href":"https:\/\/api.w.org\/{rel}","templated":true}]}}