{"id":26185,"date":"2024-04-08T11:31:21","date_gmt":"2024-04-08T11:31:21","guid":{"rendered":"https:\/\/chiaseklos.lt\/?post_type=product&#038;p=26185"},"modified":"2024-08-30T11:03:54","modified_gmt":"2024-08-30T11:03:54","slug":"sveikeris-original-50g","status":"publish","type":"product","link":"https:\/\/chiaseklos.lt\/en\/product\/sveikeris-original-50g\/","title":{"rendered":"Sveikeris original 50g."},"content":{"rendered":"<div class=\"elementor-element elementor-element-7aa7340 elementor-hidden-mobile elementor-widget elementor-widget-woocommerce-product-title elementor-page-title elementor-widget-heading\" data-id=\"7aa7340\" data-element_type=\"widget\" data-widget_type=\"woocommerce-product-title.default\">\n<div class=\"elementor-widget-container\">\n<h4 class=\"product_title entry-title elementor-heading-title elementor-size-default\">Sveikeris original 50g.<\/h4>\n<p><em>Sveikeris \u2013 be prid\u0117tinio cukraus! Pats baton\u0117lis saldintas datul\u0117mis, turin\u010diomis \u017eemesn\u012f glikemin\u012f indeks\u0105 nei cukrus.<\/em><\/p>\n<p>\u017dmon\u0117ms, sergantiems diabetu, tai ypa\u010d aktualu. \u017demesnis glikeminis indeksas rei\u0161kia, kad energijos gausite pama\u017eu, o cukraus kiekis kraujyje i\u0161liks tolygus.<\/p>\n<p class=\"p1\"><strong>Maistin\u0117 ir energin\u0117 vert\u0117 100 g produkto:\u00a0<\/strong>2360 kj\/564 kcal<span class=\"Apple-converted-space\">\u00a0\u00a0<\/span>riebalai 45,2 g<span class=\"Apple-converted-space\">\u00a0\u00a0<\/span>i\u0161 kuri\u0173 so\u010di\u0173j\u0173 r\u016bg\u0161\u010di\u0173 28,4 g<span class=\"Apple-converted-space\">\u00a0\u00a0<\/span>angliavandeniai 27,8 g<span class=\"Apple-converted-space\">\u00a0\u00a0<\/span>i\u0161 kuri\u0173 cukr\u0173 12,3 g<span class=\"Apple-converted-space\">\u00a0\u00a0<\/span>i\u0161 kuri\u0173 polioli\u0173 9,6 g<span class=\"Apple-converted-space\">\u00a0\u00a0<\/span>baltymai 10,2 g<span class=\"Apple-converted-space\">\u00a0<\/span>skaidulos 12,6 g<span class=\"Apple-converted-space\">\u00a0<\/span><\/p>\n<p class=\"p1\">druska 0,26 g<\/p>\n<p class=\"p1\">Sudedamosios dalys: kokoso rie\u0161ut\u0173 kremas, juodasis \u0161okoladas 24,9% (kakavos mas\u0117, saldiklis maltitolis, kakavos sviestas, emulsikliai (saul\u0117gr\u0105\u017e\u0173 lecitinas, poliglicerolio poliricinoleatas), kvapioji med\u017eiaga vanilinas), datul\u0117s, \u00a0<b>\u017eem\u0117s rie\u0161ut\u0173 kremas\u00a0<\/b>21,8%,\u00a0<b>smulkinti \u017eem\u0117s rie\u0161utai\u00a0<\/b>2,4%, druska.<\/p>\n<p>Produkte gali b\u016bti\u00a0<b>pieno<\/b>,\u00a0<b>\u017eem\u0117s rie\u0161ut\u0173<\/b>\u00a0ir kit\u0173\u00a0<b>rie\u0161ut\u0173<\/b>\u00a0p\u0117dsak\u0173.<\/p>\n<p>Produkte yra nat\u016brali\u0173 cukr\u0173.<\/p>\n<p>Grynasis kiekis 1 vnt.\u00a0 50g (\u00b1 2g.) .<\/p>\n<p>Kilm\u0117s \u0161alis: Lietuva.<\/p>\n<p>Produktas galioja 12 m\u0117n. laikant v\u0117sioje vietoje ar \u0161aldytuve.<\/p>\n<ul>\n<li class=\"p1\">Be prid\u0117tinio cukraus<\/li>\n<li class=\"p1\">Su tikru rie\u0161ut\u0173 kremu<\/li>\n<li class=\"p1\">Daug skaidul\u0173<\/li>\n<li class=\"p1\">Vegan<\/li>\n<li class=\"p1\">Be GMO<\/li>\n<li class=\"p1\">Be palmi\u0173 aliejaus<\/li>\n<li class=\"p1\">Be glitimo<\/li>\n<\/ul>\n<p>&nbsp;<\/p>\n<\/div>\n<\/div>\n<div class=\"elementor-element elementor-element-19e42ba elementor-widget elementor-widget-woocommerce-product-price\" data-id=\"19e42ba\" data-element_type=\"widget\" data-widget_type=\"woocommerce-product-price.default\">\n<div class=\"elementor-widget-container\"><\/div>\n<\/div>\n<p>&nbsp;<\/p>","protected":false},"excerpt":{"rendered":"<p>Sveikeris original 50g. Sveikeris \u2013 be prid\u0117tinio cukraus! Pats baton\u0117lis saldintas datul\u0117mis, turin\u010diomis \u017eemesn\u012f glikemin\u012f indeks\u0105 nei cukrus. \u017dmon\u0117ms, sergantiems diabetu, tai ypa\u010d aktualu. \u017demesnis glikeminis indeksas rei\u0161kia, kad energijos gausite pama\u017eu, o cukraus kiekis kraujyje i\u0161liks tolygus. Maistin\u0117 ir energin\u0117 vert\u0117 100 g produkto:\u00a02360 kj\/564 kcal\u00a0\u00a0riebalai 45,2 g\u00a0\u00a0i\u0161 kuri\u0173 so\u010di\u0173j\u0173 r\u016bg\u0161\u010di\u0173 28,4 g\u00a0\u00a0angliavandeniai 27,8&#8230;<\/p>","protected":false},"featured_media":26186,"template":"","meta":{"_acf_changed":false},"product_brand":[],"product_cat":[93,88],"product_tag":[],"class_list":{"0":"post-26185","1":"product","2":"type-product","3":"status-publish","4":"has-post-thumbnail","6":"product_cat-batoneliai-sokoladas","7":"product_cat-naujiena","8":"nt-post-class","9":"","10":"masonry-item","11":"col-lg-6","15":"excerpt-none","19":"first","20":"outofstock","21":"taxable","22":"shipping-taxable","23":"purchasable","24":"product-type-simple","25":"add-to-wishlist-after_add_to_cart"},"acf":[],"_links":{"self":[{"href":"https:\/\/chiaseklos.lt\/en\/wp-json\/wp\/v2\/product\/26185","targetHints":{"allow":["GET"]}}],"collection":[{"href":"https:\/\/chiaseklos.lt\/en\/wp-json\/wp\/v2\/product"}],"about":[{"href":"https:\/\/chiaseklos.lt\/en\/wp-json\/wp\/v2\/types\/product"}],"wp:featuredmedia":[{"embeddable":true,"href":"https:\/\/chiaseklos.lt\/en\/wp-json\/wp\/v2\/media\/26186"}],"wp:attachment":[{"href":"https:\/\/chiaseklos.lt\/en\/wp-json\/wp\/v2\/media?parent=26185"}],"wp:term":[{"taxonomy":"product_brand","embeddable":true,"href":"https:\/\/chiaseklos.lt\/en\/wp-json\/wp\/v2\/product_brand?post=26185"},{"taxonomy":"product_cat","embeddable":true,"href":"https:\/\/chiaseklos.lt\/en\/wp-json\/wp\/v2\/product_cat?post=26185"},{"taxonomy":"product_tag","embeddable":true,"href":"https:\/\/chiaseklos.lt\/en\/wp-json\/wp\/v2\/product_tag?post=26185"}],"curies":[{"name":"wp","href":"https:\/\/api.w.org\/{rel}","templated":true}]}}