{"id":26181,"date":"2024-04-08T11:25:56","date_gmt":"2024-04-08T11:25:56","guid":{"rendered":"https:\/\/chiaseklos.lt\/?post_type=product&#038;p=26181"},"modified":"2024-09-05T06:58:42","modified_gmt":"2024-09-05T06:58:42","slug":"baltyminis-sveikeris-50-g","status":"publish","type":"product","link":"https:\/\/chiaseklos.lt\/en\/product\/baltyminis-sveikeris-50-g\/","title":{"rendered":"Baltyminis SVEIKERIS, 50 g."},"content":{"rendered":"<h4 class=\"product_title entry-title elementor-heading-title elementor-size-default\">Baltyminis SVEIKERIS, 50 g.<\/h4>\n<p>U\u017ekand\u017eiaukite sveikiau kartu su EPbar!<\/p>\n<p>-Be prid\u0117tinio cukraus<br \/>\n-Be GMO<br \/>\n-Be palmi\u0173 aliej\u0173<\/p>\n<p><strong>Maistin\u0117 ir energin\u0117 vert\u0117 100g produkto:\u00a0<\/strong>2418 kj\/578 kcal,\u00a0riebalai 46.8 g,\u00a0\u00a0i\u0161 kuri\u0173 so\u010di\u0173j\u0173 r\u016bg\u0161\u010di\u0173 30 g,\u00a0angliavandeniai 29.1 g,\u00a0i\u0161 kuri\u0173 cukr\u0173 7.8 g,\u00a0i\u0161 kuri\u0173 polioliai 12.6 g,\u00a0\u00a0baltymai 11.9 g,\u00a0skaidulos 8,5 g,<br \/>\ndruska 0.21 g.<\/p>\n<p><strong>Sudedamosios dalys:<\/strong>\u00a0 juodasis \u0161okoladas 32,7% (kakavos mas\u0117, saldiklis (maltitolis), kakavos sviestas, emulsikliai (saul\u0117gr\u0105\u017e\u0173 lecitinas, poliglicerolio poliricinoleatas), kvapioji med\u017eiaga vanilinas), kokoso rie\u0161ut\u0173 kremas, kakavos sviestas, \u017eem\u0117s rie\u0161ut\u0173 kremas 10,5% , datul\u0117s, ry\u017ei\u0173 tra\u0161ku\u010diai 6,1% (ry\u017ei\u0173 miltai 87%, raps\u0173 aliejus, druska, natrio karbonatas), pieno i\u0161r\u016bg\u0173 baltymai, valgomoji druska, emulsiklis (saul\u0117gr\u0105\u017e\u0173 lecitinas).<\/p>\n<p>Produkte gali b\u016bti kit\u0173 rie\u0161ut\u0173 p\u0117dsak\u0173.<\/p>\n<p>Sudetyje yra polioli\u0173. Vartojant dideliais kiekiais gali tur\u0117ti vidurius laisvinant\u012f poveik\u012f.<\/p>\n<p>Laikyti sausoje, v\u0117sioje vietoje: 0-20\u00b0C<\/p>\n<p>Produktas galioja 12 m\u0117n. laikant v\u0117sioje vietoje ar \u0161aldytuve.<\/p>\n<p>Kilm\u0117s \u0161alis: Lietuva<\/p>\n<p>Grynasis 1 baton\u0117lio svoris: 50g (+-2g)<\/p>","protected":false},"excerpt":{"rendered":"<p>Baltyminis SVEIKERIS, 50 g. U\u017ekand\u017eiaukite sveikiau kartu su EPbar! -Be prid\u0117tinio cukraus -Be GMO -Be palmi\u0173 aliej\u0173 Maistin\u0117 ir energin\u0117 vert\u0117 100g produkto:\u00a02418 kj\/578 kcal,\u00a0riebalai 46.8 g,\u00a0\u00a0i\u0161 kuri\u0173 so\u010di\u0173j\u0173 r\u016bg\u0161\u010di\u0173 30 g,\u00a0angliavandeniai 29.1 g,\u00a0i\u0161 kuri\u0173 cukr\u0173 7.8 g,\u00a0i\u0161 kuri\u0173 polioliai 12.6 g,\u00a0\u00a0baltymai 11.9 g,\u00a0skaidulos 8,5 g, druska 0.21 g. Sudedamosios dalys:\u00a0 juodasis \u0161okoladas 32,7% (kakavos&#8230;<\/p>","protected":false},"featured_media":26182,"template":"","meta":{"_acf_changed":false},"product_brand":[],"product_cat":[93],"product_tag":[],"class_list":{"0":"post-26181","1":"product","2":"type-product","3":"status-publish","4":"has-post-thumbnail","6":"product_cat-batoneliai-sokoladas","7":"nt-post-class","8":"","9":"masonry-item","10":"col-lg-6","14":"excerpt-none","18":"first","19":"outofstock","20":"taxable","21":"shipping-taxable","22":"purchasable","23":"product-type-simple","24":"add-to-wishlist-after_add_to_cart"},"acf":[],"_links":{"self":[{"href":"https:\/\/chiaseklos.lt\/en\/wp-json\/wp\/v2\/product\/26181","targetHints":{"allow":["GET"]}}],"collection":[{"href":"https:\/\/chiaseklos.lt\/en\/wp-json\/wp\/v2\/product"}],"about":[{"href":"https:\/\/chiaseklos.lt\/en\/wp-json\/wp\/v2\/types\/product"}],"wp:featuredmedia":[{"embeddable":true,"href":"https:\/\/chiaseklos.lt\/en\/wp-json\/wp\/v2\/media\/26182"}],"wp:attachment":[{"href":"https:\/\/chiaseklos.lt\/en\/wp-json\/wp\/v2\/media?parent=26181"}],"wp:term":[{"taxonomy":"product_brand","embeddable":true,"href":"https:\/\/chiaseklos.lt\/en\/wp-json\/wp\/v2\/product_brand?post=26181"},{"taxonomy":"product_cat","embeddable":true,"href":"https:\/\/chiaseklos.lt\/en\/wp-json\/wp\/v2\/product_cat?post=26181"},{"taxonomy":"product_tag","embeddable":true,"href":"https:\/\/chiaseklos.lt\/en\/wp-json\/wp\/v2\/product_tag?post=26181"}],"curies":[{"name":"wp","href":"https:\/\/api.w.org\/{rel}","templated":true}]}}