{"id":26177,"date":"2024-04-08T11:20:00","date_gmt":"2024-04-08T11:20:00","guid":{"rendered":"https:\/\/chiaseklos.lt\/?post_type=product&#038;p=26177"},"modified":"2024-09-05T06:57:50","modified_gmt":"2024-09-05T06:57:50","slug":"migdolu-baltyminis-sveikeris-50-g","status":"publish","type":"product","link":"https:\/\/chiaseklos.lt\/en\/product\/migdolu-baltyminis-sveikeris-50-g\/","title":{"rendered":"Migdol\u0173 baltyminis SVEIKERIS, 50 g."},"content":{"rendered":"<h4 class=\"product_title entry-title elementor-heading-title elementor-size-default\">Migdol\u0173 baltyminis SVEIKERIS, 50 g.<\/h4>\n<p>U\u017ekand\u017eiaukite sveikiau kartu su EPbar!<\/p>\n<p>-Be prid\u0117tinio cukraus<br \/>\n-Be GMO<br \/>\n-Be palmi\u0173 aliej\u0173<\/p>\n<p><strong>Maistin\u0117 ir energin\u0117 vert\u0117 100g produkto:\u00a0<\/strong>2510 kj\/600 kcal,\u00a0Riebalai 47.4 g,\u00a0i\u0161 kuri\u0173 so\u010di\u0173j\u0173 r\u016bg\u0161\u010di\u0173 29.8 g,\u00a0Angliavandeniai 28 g,\u00a0i\u0161 kuri\u0173 cukr\u0173 7.6 g,\u00a0i\u0161 kuri\u0173 polioliai 10.3 g,\u00a0Baltymai 16.5 g,\u00a0Skaidulos 8.9 g,<br \/>\nDruska 0.25 g.<\/p>\n<p>Migdol\u0173 rie\u0161ut\u0173 baton\u0117lis su ry\u017ei\u0173 tra\u0161ku\u010diais (6.1%) aplietas juoduoju becukriu \u0161okoladu (26.9%).<\/p>\n<p><strong>Sudedamosios dalys:<\/strong>\u00a0kakavos sviestas, kokoso rie\u0161utai, kakavos mas\u0117, saldiklis (maltitolis), migdol\u0173 rie\u0161utai \u00a010.5%, datul\u0117s, pieno baltym\u0173 koncentratas, ry\u017ei\u0173 miltai, raps\u0173 aliejus, emulsikliai (saul\u0117gr\u0105\u017e\u0173 ir raps\u0173 lecitinai),\u00a0 valgomoji druska, natrio karbonatas, kvapioji med\u017eiaga (vanilinas).<\/p>\n<p>Produkte gali b\u016bti\u00a0<strong>gliuteno<\/strong>,\u00a0<strong>\u017eem\u0117s rie\u0161ut\u0173<\/strong>\u00a0ir\u00a0<strong>kit\u0173 rie\u0161ut\u0173<\/strong>\u00a0p\u0117dsak\u0173.<\/p>\n<p>Sud\u0117tyje yra polioli\u0173. Vartojant dideliais kiekiais gali tur\u0117ti vidurius laisvinan\u012f poveik\u012f.<\/p>\n<p>Laikyti sausoje, v\u0117sioje vietoje: 0-20\u00b0C<\/p>\n<p>Produktas galioja 12 m\u0117n. laikant v\u0117sioje vietoje ar \u0161aldytuve.<\/p>\n<p>Kilm\u0117s \u0161alis: Lietuva<\/p>\n<p>Grynasis 1 baton\u0117lio svoris: 50g (+-2g)<\/p>","protected":false},"excerpt":{"rendered":"<p>Migdol\u0173 baltyminis SVEIKERIS, 50 g. U\u017ekand\u017eiaukite sveikiau kartu su EPbar! -Be prid\u0117tinio cukraus -Be GMO -Be palmi\u0173 aliej\u0173 Maistin\u0117 ir energin\u0117 vert\u0117 100g produkto:\u00a02510 kj\/600 kcal,\u00a0Riebalai 47.4 g,\u00a0i\u0161 kuri\u0173 so\u010di\u0173j\u0173 r\u016bg\u0161\u010di\u0173 29.8 g,\u00a0Angliavandeniai 28 g,\u00a0i\u0161 kuri\u0173 cukr\u0173 7.6 g,\u00a0i\u0161 kuri\u0173 polioliai 10.3 g,\u00a0Baltymai 16.5 g,\u00a0Skaidulos 8.9 g, Druska 0.25 g. Migdol\u0173 rie\u0161ut\u0173 baton\u0117lis su ry\u017ei\u0173&#8230;<\/p>","protected":false},"featured_media":26179,"template":"","meta":{"_acf_changed":false},"product_brand":[],"product_cat":[70],"product_tag":[],"class_list":{"0":"post-26177","1":"product","2":"type-product","3":"status-publish","4":"has-post-thumbnail","6":"product_cat-akcijos","7":"nt-post-class","8":"","9":"masonry-item","10":"col-lg-6","14":"excerpt-none","18":"first","19":"outofstock","20":"taxable","21":"shipping-taxable","22":"purchasable","23":"product-type-simple","24":"add-to-wishlist-after_add_to_cart"},"acf":[],"_links":{"self":[{"href":"https:\/\/chiaseklos.lt\/en\/wp-json\/wp\/v2\/product\/26177","targetHints":{"allow":["GET"]}}],"collection":[{"href":"https:\/\/chiaseklos.lt\/en\/wp-json\/wp\/v2\/product"}],"about":[{"href":"https:\/\/chiaseklos.lt\/en\/wp-json\/wp\/v2\/types\/product"}],"wp:featuredmedia":[{"embeddable":true,"href":"https:\/\/chiaseklos.lt\/en\/wp-json\/wp\/v2\/media\/26179"}],"wp:attachment":[{"href":"https:\/\/chiaseklos.lt\/en\/wp-json\/wp\/v2\/media?parent=26177"}],"wp:term":[{"taxonomy":"product_brand","embeddable":true,"href":"https:\/\/chiaseklos.lt\/en\/wp-json\/wp\/v2\/product_brand?post=26177"},{"taxonomy":"product_cat","embeddable":true,"href":"https:\/\/chiaseklos.lt\/en\/wp-json\/wp\/v2\/product_cat?post=26177"},{"taxonomy":"product_tag","embeddable":true,"href":"https:\/\/chiaseklos.lt\/en\/wp-json\/wp\/v2\/product_tag?post=26177"}],"curies":[{"name":"wp","href":"https:\/\/api.w.org\/{rel}","templated":true}]}}