{"id":26134,"date":"2024-04-03T12:55:03","date_gmt":"2024-04-03T12:55:03","guid":{"rendered":"https:\/\/chiaseklos.lt\/?post_type=product&#038;p=26134"},"modified":"2025-03-05T12:24:33","modified_gmt":"2025-03-05T12:24:33","slug":"lukuma-vaisiu-milteliai","status":"publish","type":"product","link":"https:\/\/chiaseklos.lt\/en\/product\/lukuma-vaisiu-milteliai\/","title":{"rendered":"Lukuma vaisi\u0173 milteliai"},"content":{"rendered":"<h4 class=\"product_title entry-title\">Lukuma vaisi\u0173 milteliai<\/h4>\n<p><span class=\"HwtZe\" lang=\"lt\"><span class=\"jCAhz ChMk0b\"><span class=\"ryNqvb\">Lucuma turi daug verting\u0173 organizmui ingredient\u0173, toki\u0173 kaip B grup\u0117s vitaminai, vitaminas C, gele\u017eis, kalis ir kalcis.<\/span><\/span>\u00a0<span class=\"jCAhz ChMk0b\"><span class=\"ryNqvb\">Jame taip pat yra daug antioksidant\u0173, skaidul\u0173 ir beta karotino.<\/span><\/span>\u00a0<\/span><\/p>\n<p><span class=\"HwtZe\" lang=\"lt\"><span class=\"jCAhz ChMk0b\"><span class=\"ryNqvb\">\u0160is nat\u016bralus saldiklis turi \u017eem\u0105 glikemijos indeks\u0105 (GI=25)<\/span><\/span>\u00a0<span class=\"jCAhz ChMk0b\"><span class=\"ryNqvb\">gali palaikyti nerv\u0173 sistemos veikl\u0105<\/span><\/span>\u00a0<span class=\"jCAhz ChMk0b\"><span class=\"ryNqvb\">turi teigiam\u0105 poveik\u012f palaikant normal\u0173 kraujosp\u016bd\u012f<\/span><\/span>\u00a0<span class=\"jCAhz ChMk0b\"><span class=\"ryNqvb\">leid\u017eia i\u0161laikyti ger\u0105 odos, plauk\u0173 ir nag\u0173 b\u016bkl\u0119.<\/span><\/span><\/span><\/p>\n<p>Naudokite \u012fvairiems kokteiliams, jogurtams, ledams, salotoms, pada\u017eams.<\/p>\n<p><span class=\"HwtZe\" lang=\"lt\"><span class=\"jCAhz ChMk0b\"><span class=\"ryNqvb\">Nat\u016bralus saldiklis diabetikams.<\/span><\/span><\/span><\/p>\n<p><strong>Energetin\u0117 vert\u0117 100g<\/strong>: 1377,6kj \/ 329kcal, riebalai 2,4g, i\u0161 j\u0173 sotieji riebalai 0,7g, angliavandeniai 66,7g, i\u0161 j\u0173 cukrus 17,1g, skaidulos 22,0g, baltymai 1,4g, druska 0,5g.<\/p>\n<p><strong>Sudedamosios dalys:<\/strong>\u00a0<span class=\"HwtZe\" lang=\"lt\"><span class=\"jCAhz ChMk0b\"><span class=\"ryNqvb\">lukuma vaisiaus milteliai (Pouteria lucuma semen L.)<\/span><\/span><\/span><\/p>\n<p><strong>Kilm\u0117s \u0161alis:<\/strong>\u00a0Peru<\/p>\n<p>&nbsp;<\/p>","protected":false},"excerpt":{"rendered":"<p>Lukuma vaisi\u0173 milteliai Lucuma turi daug verting\u0173 organizmui ingredient\u0173, toki\u0173 kaip B grup\u0117s vitaminai, vitaminas C, gele\u017eis, kalis ir kalcis.\u00a0Jame taip pat yra daug antioksidant\u0173, skaidul\u0173 ir beta karotino.\u00a0 \u0160is nat\u016bralus saldiklis turi \u017eem\u0105 glikemijos indeks\u0105 (GI=25)\u00a0gali palaikyti nerv\u0173 sistemos veikl\u0105\u00a0turi teigiam\u0105 poveik\u012f palaikant normal\u0173 kraujosp\u016bd\u012f\u00a0leid\u017eia i\u0161laikyti ger\u0105 odos, plauk\u0173 ir nag\u0173 b\u016bkl\u0119. Naudokite \u012fvairiems&#8230;<\/p>","protected":false},"featured_media":26419,"template":"","meta":{"_acf_changed":false},"product_brand":[],"product_cat":[63],"product_tag":[],"class_list":{"0":"post-26134","1":"product","2":"type-product","3":"status-publish","4":"has-post-thumbnail","6":"product_cat-arbatos","7":"nt-post-class","8":"","9":"masonry-item","10":"col-lg-6","14":"excerpt-none","18":"first","19":"outofstock","20":"taxable","21":"shipping-taxable","22":"purchasable","23":"product-type-variable","24":"add-to-wishlist-after_add_to_cart"},"acf":[],"_links":{"self":[{"href":"https:\/\/chiaseklos.lt\/en\/wp-json\/wp\/v2\/product\/26134","targetHints":{"allow":["GET"]}}],"collection":[{"href":"https:\/\/chiaseklos.lt\/en\/wp-json\/wp\/v2\/product"}],"about":[{"href":"https:\/\/chiaseklos.lt\/en\/wp-json\/wp\/v2\/types\/product"}],"wp:featuredmedia":[{"embeddable":true,"href":"https:\/\/chiaseklos.lt\/en\/wp-json\/wp\/v2\/media\/26419"}],"wp:attachment":[{"href":"https:\/\/chiaseklos.lt\/en\/wp-json\/wp\/v2\/media?parent=26134"}],"wp:term":[{"taxonomy":"product_brand","embeddable":true,"href":"https:\/\/chiaseklos.lt\/en\/wp-json\/wp\/v2\/product_brand?post=26134"},{"taxonomy":"product_cat","embeddable":true,"href":"https:\/\/chiaseklos.lt\/en\/wp-json\/wp\/v2\/product_cat?post=26134"},{"taxonomy":"product_tag","embeddable":true,"href":"https:\/\/chiaseklos.lt\/en\/wp-json\/wp\/v2\/product_tag?post=26134"}],"curies":[{"name":"wp","href":"https:\/\/api.w.org\/{rel}","templated":true}]}}