{"id":26095,"date":"2024-03-28T11:32:35","date_gmt":"2024-03-28T11:32:35","guid":{"rendered":"https:\/\/chiaseklos.lt\/?post_type=product&#038;p=26095"},"modified":"2025-09-03T11:47:24","modified_gmt":"2025-09-03T11:47:24","slug":"kepimo-milteliai","status":"publish","type":"product","link":"https:\/\/chiaseklos.lt\/en\/product\/kepimo-milteliai\/","title":{"rendered":"Kepimo milteliai 100g"},"content":{"rendered":"<p>Kepimo milteliai 100g<\/p>\n<p>Kepimo milteliai tinka \u012fvairiausiems kepiniams kildinti.<\/p>\n<p>Sudedamosios dalys:\u00a0KVIETINIAI miltai, r\u016bg\u0161tingum\u0105 reg,med\u017e E500,te\u0161los kildymo med\u017e.E450.<\/p>\n<p>Maisto priedai: E500, E450<\/p>\n<p>Alergenai: Sud\u0117tyje yra: glitimo turin\u010di\u0173 jav\u0173<\/p>\n<p>Laikymo s\u0105lygos: Laikyti sausoje, v\u0117sioje vietoje. Laikymo temperat\u016bra: nuo 0\u00b0C iki 25\u00b0C.<\/p>\n<p>Kilm\u0117s \u0161alis: Lenkija<\/p>\n<p>&nbsp;<\/p>\n<p>&nbsp;<\/p>\n<p>&nbsp;<\/p>","protected":false},"excerpt":{"rendered":"<p>Kepimo milteliai 100g Kepimo milteliai tinka \u012fvairiausiems kepiniams kildinti. Sudedamosios dalys:\u00a0KVIETINIAI miltai, r\u016bg\u0161tingum\u0105 reg,med\u017e E500,te\u0161los kildymo med\u017e.E450. Maisto priedai: E500, E450 Alergenai: Sud\u0117tyje yra: glitimo turin\u010di\u0173 jav\u0173 Laikymo s\u0105lygos: Laikyti sausoje, v\u0117sioje vietoje. Laikymo temperat\u016bra: nuo 0\u00b0C iki 25\u00b0C. Kilm\u0117s \u0161alis: Lenkija &nbsp; &nbsp; &nbsp;<\/p>","protected":false},"featured_media":26096,"template":"","meta":{"_acf_changed":false},"product_brand":[],"product_cat":[68],"product_tag":[],"class_list":{"0":"post-26095","1":"product","2":"type-product","3":"status-publish","4":"has-post-thumbnail","6":"product_cat-prieskoniai","7":"nt-post-class","8":"","9":"masonry-item","10":"col-lg-6","14":"excerpt-none","18":"first","19":"outofstock","20":"taxable","21":"shipping-taxable","22":"purchasable","23":"product-type-simple","24":"add-to-wishlist-after_add_to_cart"},"acf":[],"_links":{"self":[{"href":"https:\/\/chiaseklos.lt\/en\/wp-json\/wp\/v2\/product\/26095","targetHints":{"allow":["GET"]}}],"collection":[{"href":"https:\/\/chiaseklos.lt\/en\/wp-json\/wp\/v2\/product"}],"about":[{"href":"https:\/\/chiaseklos.lt\/en\/wp-json\/wp\/v2\/types\/product"}],"wp:featuredmedia":[{"embeddable":true,"href":"https:\/\/chiaseklos.lt\/en\/wp-json\/wp\/v2\/media\/26096"}],"wp:attachment":[{"href":"https:\/\/chiaseklos.lt\/en\/wp-json\/wp\/v2\/media?parent=26095"}],"wp:term":[{"taxonomy":"product_brand","embeddable":true,"href":"https:\/\/chiaseklos.lt\/en\/wp-json\/wp\/v2\/product_brand?post=26095"},{"taxonomy":"product_cat","embeddable":true,"href":"https:\/\/chiaseklos.lt\/en\/wp-json\/wp\/v2\/product_cat?post=26095"},{"taxonomy":"product_tag","embeddable":true,"href":"https:\/\/chiaseklos.lt\/en\/wp-json\/wp\/v2\/product_tag?post=26095"}],"curies":[{"name":"wp","href":"https:\/\/api.w.org\/{rel}","templated":true}]}}