{"id":26090,"date":"2024-03-28T11:07:34","date_gmt":"2024-03-28T11:07:34","guid":{"rendered":"https:\/\/chiaseklos.lt\/?post_type=product&#038;p=26090"},"modified":"2026-04-03T08:01:03","modified_gmt":"2026-04-03T08:01:03","slug":"chai-mieziu-kava-100-g","status":"publish","type":"product","link":"https:\/\/chiaseklos.lt\/en\/product\/chai-mieziu-kava-100-g\/","title":{"rendered":"Chai mie\u017ei\u0173 kava 100 g"},"content":{"rendered":"<h4 class=\"product-details__product-title ec-header-h3\">Chai mie\u017ei\u0173 kava 100 g<\/h4>\n<p>Skoniu ir sud\u0117timi turtinga ir sodri alternatyva kavai. Gausi antioksidant\u0173, palankiai veikia vir\u0161kinimo sistem\u0105 med\u017eiag\u0173 apytak\u0105.\u00a0Tinka visai \u0161eimai.<\/p>\n<p>Skonis: saldus, rie\u0161utinis skrudint\u0173 lietuvi\u0161k\u0173 mie\u017ei\u0173 gardumas susilieja su 7 tolim\u0173j\u0173 kra\u0161t\u0173 prieskoniais.<\/p>\n<p><strong>Sudedamosios dalys:\u00a0<\/strong>mie\u017eiai* (<em>Hordeum<\/em>) 90 %, prieskoniai 10 %: Ceilono cinamonas, imbieras, ciber\u017eol\u0117, kardamonas, gvazdik\u0117lis, kajeno pipiras, vanil\u0117.<\/p>","protected":false},"excerpt":{"rendered":"<p>Chai mie\u017ei\u0173 kava 100 g Skoniu ir sud\u0117timi turtinga ir sodri alternatyva kavai. Gausi antioksidant\u0173, palankiai veikia vir\u0161kinimo sistem\u0105 med\u017eiag\u0173 apytak\u0105.\u00a0Tinka visai \u0161eimai. Skonis: saldus, rie\u0161utinis skrudint\u0173 lietuvi\u0161k\u0173 mie\u017ei\u0173 gardumas susilieja su 7 tolim\u0173j\u0173 kra\u0161t\u0173 prieskoniais. Sudedamosios dalys:\u00a0mie\u017eiai* (Hordeum) 90 %, prieskoniai 10 %: Ceilono cinamonas, imbieras, ciber\u017eol\u0117, kardamonas, gvazdik\u0117lis, kajeno pipiras, vanil\u0117.<\/p>","protected":false},"featured_media":26092,"template":"","meta":{"_acf_changed":false},"product_brand":[],"product_cat":[88,63],"product_tag":[],"class_list":{"0":"post-26090","1":"product","2":"type-product","3":"status-publish","4":"has-post-thumbnail","6":"product_cat-naujiena","7":"product_cat-arbatos","8":"nt-post-class","9":"","10":"masonry-item","11":"col-lg-6","15":"excerpt-none","19":"first","20":"instock","21":"taxable","22":"shipping-taxable","23":"purchasable","24":"product-type-simple","25":"add-to-wishlist-after_add_to_cart"},"acf":[],"_links":{"self":[{"href":"https:\/\/chiaseklos.lt\/en\/wp-json\/wp\/v2\/product\/26090","targetHints":{"allow":["GET"]}}],"collection":[{"href":"https:\/\/chiaseklos.lt\/en\/wp-json\/wp\/v2\/product"}],"about":[{"href":"https:\/\/chiaseklos.lt\/en\/wp-json\/wp\/v2\/types\/product"}],"wp:featuredmedia":[{"embeddable":true,"href":"https:\/\/chiaseklos.lt\/en\/wp-json\/wp\/v2\/media\/26092"}],"wp:attachment":[{"href":"https:\/\/chiaseklos.lt\/en\/wp-json\/wp\/v2\/media?parent=26090"}],"wp:term":[{"taxonomy":"product_brand","embeddable":true,"href":"https:\/\/chiaseklos.lt\/en\/wp-json\/wp\/v2\/product_brand?post=26090"},{"taxonomy":"product_cat","embeddable":true,"href":"https:\/\/chiaseklos.lt\/en\/wp-json\/wp\/v2\/product_cat?post=26090"},{"taxonomy":"product_tag","embeddable":true,"href":"https:\/\/chiaseklos.lt\/en\/wp-json\/wp\/v2\/product_tag?post=26090"}],"curies":[{"name":"wp","href":"https:\/\/api.w.org\/{rel}","templated":true}]}}