{"id":25943,"date":"2024-03-18T13:20:08","date_gmt":"2024-03-18T13:20:08","guid":{"rendered":"https:\/\/chiaseklos.lt\/?post_type=product&#038;p=25943"},"modified":"2024-09-05T06:56:55","modified_gmt":"2024-09-05T06:56:55","slug":"baltyminiai-rutuliukai-baltajame-sokolade-3-rut","status":"publish","type":"product","link":"https:\/\/chiaseklos.lt\/en\/product\/baltyminiai-rutuliukai-baltajame-sokolade-3-rut\/","title":{"rendered":"Baltyminiai rutuliukai baltajame \u0161okolade (3 rut.)"},"content":{"rendered":"<h4 class=\"product_title entry-title elementor-heading-title elementor-size-default\">Baltyminiai rutuliukai baltajame \u0161okolade (3 rut.)<\/h4>\n<p class=\"p1\">Kokos\u0173 baltyminiai rutuliukai\u00a0 \u2013 i\u0161skirtinio skonio funkcinis produktas.<\/p>\n<p class=\"p1\">Aplieti baltuoju \u0161okoladu, rutuliukai pripildyti prabangi\u0173 makadamijos rie\u0161ut\u0173, kokos\u0173 kremo\u00a0 ir papildomai praturtinti baltymais.<span class=\"Apple-converted-space\">\u00a0<\/span><\/p>\n<p class=\"p1\">Tad \u0161is skan\u0117stas puikiai der\u0117s prie puodelio kavos ar arbatos.<span class=\"Apple-converted-space\">\u00a0<\/span><\/p>\n<p><strong>Maistin\u0117 ir energin\u0117 vert\u0117 100g produkto:\u00a0<\/strong>2318 kj\/554 kcal,\u00a0riebalai 41.9 g,\u00a0i\u0161 kuri\u0173 so\u010di\u0173j\u0173 r\u016bg\u0161\u010di\u0173 29 g,\u00a0angliavandeniai 22.8 g,\u00a0i\u0161 kuri\u0173 cukr\u0173 10.1 g,\u00a0i\u0161 kuri\u0173 polioli\u0173 10.5 g,<\/p>\n<p>baltymai 21 g,\u00a0skaidulos 10.2 g,\u00a0druska 0.09 g.<\/p>\n<p><em>Sud\u0117tyje yra polioli\u0173.<\/em><\/p>\n<p><strong>Sudedamosios dalys:<\/strong>\u00a0kokoso rie\u0161ut\u0173 kremas 43.6 %, baltasis \u0161okoladas 22.7 % (saldiklis maltitolis, kakavos sviestas, nenugriebto\u00a0<strong>pieno<\/strong>\u00a0milteliai, emulsiklis saul\u0117gr\u0105\u017e\u0173 lecitinas, nat\u016brali kvapioji med\u017eiaga vanil\u0117),\u00a0<strong>pieno<\/strong>\u00a0i\u0161r\u016bg\u0173 baltymai,\u00a0<strong>makadamijos<\/strong>\u00a0rie\u0161ut\u0173 kremas, medus. Produkte gali b\u016bti\u00a0<strong>\u017eem\u0117s rie\u0161ut\u0173<\/strong>\u00a0ir kit\u0173\u00a0<strong>rie\u0161ut\u0173<\/strong>\u00a0p\u0117dsak\u0173.<\/p>\n<p>Produktas galioja 12 m\u0117n. laikant v\u0117sioje vietoje ar \u0161aldytuve.<\/p>\n<p>Grynasis svoris: 66 g (+\/- 10 g)<\/p>\n<p>Pagaminta Lietuvoje.<\/p>\n<p>&nbsp;<\/p>","protected":false},"excerpt":{"rendered":"<p>Baltyminiai rutuliukai baltajame \u0161okolade (3 rut.) Kokos\u0173 baltyminiai rutuliukai\u00a0 \u2013 i\u0161skirtinio skonio funkcinis produktas. Aplieti baltuoju \u0161okoladu, rutuliukai pripildyti prabangi\u0173 makadamijos rie\u0161ut\u0173, kokos\u0173 kremo\u00a0 ir papildomai praturtinti baltymais.\u00a0 Tad \u0161is skan\u0117stas puikiai der\u0117s prie puodelio kavos ar arbatos.\u00a0 Maistin\u0117 ir energin\u0117 vert\u0117 100g produkto:\u00a02318 kj\/554 kcal,\u00a0riebalai 41.9 g,\u00a0i\u0161 kuri\u0173 so\u010di\u0173j\u0173 r\u016bg\u0161\u010di\u0173 29 g,\u00a0angliavandeniai 22.8 g,\u00a0i\u0161&#8230;<\/p>","protected":false},"featured_media":25945,"template":"","meta":{"_acf_changed":false},"product_brand":[],"product_cat":[70],"product_tag":[],"class_list":{"0":"post-25943","1":"product","2":"type-product","3":"status-publish","4":"has-post-thumbnail","6":"product_cat-akcijos","7":"nt-post-class","8":"","9":"masonry-item","10":"col-lg-6","14":"excerpt-none","18":"first","19":"outofstock","20":"taxable","21":"shipping-taxable","22":"purchasable","23":"product-type-simple","24":"add-to-wishlist-after_add_to_cart"},"acf":[],"_links":{"self":[{"href":"https:\/\/chiaseklos.lt\/en\/wp-json\/wp\/v2\/product\/25943","targetHints":{"allow":["GET"]}}],"collection":[{"href":"https:\/\/chiaseklos.lt\/en\/wp-json\/wp\/v2\/product"}],"about":[{"href":"https:\/\/chiaseklos.lt\/en\/wp-json\/wp\/v2\/types\/product"}],"wp:featuredmedia":[{"embeddable":true,"href":"https:\/\/chiaseklos.lt\/en\/wp-json\/wp\/v2\/media\/25945"}],"wp:attachment":[{"href":"https:\/\/chiaseklos.lt\/en\/wp-json\/wp\/v2\/media?parent=25943"}],"wp:term":[{"taxonomy":"product_brand","embeddable":true,"href":"https:\/\/chiaseklos.lt\/en\/wp-json\/wp\/v2\/product_brand?post=25943"},{"taxonomy":"product_cat","embeddable":true,"href":"https:\/\/chiaseklos.lt\/en\/wp-json\/wp\/v2\/product_cat?post=25943"},{"taxonomy":"product_tag","embeddable":true,"href":"https:\/\/chiaseklos.lt\/en\/wp-json\/wp\/v2\/product_tag?post=25943"}],"curies":[{"name":"wp","href":"https:\/\/api.w.org\/{rel}","templated":true}]}}