{"id":25940,"date":"2024-03-18T13:11:20","date_gmt":"2024-03-18T13:11:20","guid":{"rendered":"https:\/\/chiaseklos.lt\/?post_type=product&#038;p=25940"},"modified":"2026-04-02T10:41:54","modified_gmt":"2026-04-02T10:41:54","slug":"juodasis-kokosu-kremas-350-g","status":"publish","type":"product","link":"https:\/\/chiaseklos.lt\/en\/product\/juodasis-kokosu-kremas-350-g\/","title":{"rendered":"Juodasis kokos\u0173 kremas 350 g"},"content":{"rendered":"<div class=\"elementor-element elementor-element-7aa7340 elementor-hidden-mobile elementor-widget elementor-widget-woocommerce-product-title elementor-page-title elementor-widget-heading\" data-id=\"7aa7340\" data-element_type=\"widget\" data-widget_type=\"woocommerce-product-title.default\">\n<div class=\"elementor-widget-container\">\n<h4 class=\"product_title entry-title elementor-heading-title elementor-size-default\">Juodasis kokos\u0173 kremas 350 g<\/h4>\n<p>Akmenin\u0117mis girnomis pagamintas kokos\u0173 kremas pagardintas unikalia juodaja kakava.\u00a0\u0160okoladinio skonio, lengvai saldintas saldikliu.<\/p>\n<\/div>\n<\/div>\n<p><strong>Maistin\u0117 ir energin\u0117 vert\u0117 100g produkto:\u00a0<\/strong><i>2360 kj\/564 kcal, riebalai 52.5 g, i\u0161 kuri\u0173 so\u010di\u0173j\u0173 r\u016bg\u0161\u010di\u0173 45.9 g,\u00a0<\/i>angliavandeniai 15.9 g, i\u0161 kuri\u0173 cukr\u0173 5.2 g, i\u0161 kuri\u0173 polioli\u0173 9.7 g.\u00a0<i>, baltymai 7.1 g skaidulos 19 g, druska 0.09 g.<\/i><\/p>\n<p class=\"p1\">Sudedamosios dalys: kokoso kremas 83.3%, liesi kakavos milteliai, saldiklis eritritolis, r\u016bg\u0161tingum\u0105 reguliuojanti med\u017eiaga kalio karbonatai.\u00a0<i>Produkte gali b\u016bti\u00a0<b>\u017eem\u0117s rie\u0161ut\u0173<\/b><\/i>\u00a0<i>ir kit\u0173<\/i>\u00a0\u00a0<b><i>rie\u0161ut\u0173\u00a0<\/i><\/b><i>p\u0117dsak\u0173.\u00a0<\/i><\/p>\n<p>Produkte yra nat\u016brali\u0173 cukr\u0173.<\/p>\n<p>Grynasis svoris: 350 g<\/p>\n<p>Produktas galioja 12 m\u0117n. laikant v\u0117sioje vietoje ar \u0161aldytuve.<\/p>\n<p>Pagaminta Lietuvoje.<\/p>\n<div class=\"elementor-element elementor-element-19e42ba elementor-widget elementor-widget-woocommerce-product-price\" data-id=\"19e42ba\" data-element_type=\"widget\" data-widget_type=\"woocommerce-product-price.default\">\n<div class=\"elementor-widget-container\"><\/div>\n<\/div>","protected":false},"excerpt":{"rendered":"<p>Juodasis kokos\u0173 kremas 350 g Akmenin\u0117mis girnomis pagamintas kokos\u0173 kremas pagardintas unikalia juodaja kakava.\u00a0\u0160okoladinio skonio, lengvai saldintas saldikliu. Maistin\u0117 ir energin\u0117 vert\u0117 100g produkto:\u00a02360 kj\/564 kcal, riebalai 52.5 g, i\u0161 kuri\u0173 so\u010di\u0173j\u0173 r\u016bg\u0161\u010di\u0173 45.9 g,\u00a0angliavandeniai 15.9 g, i\u0161 kuri\u0173 cukr\u0173 5.2 g, i\u0161 kuri\u0173 polioli\u0173 9.7 g.\u00a0, baltymai 7.1 g skaidulos 19 g, druska 0.09&#8230;<\/p>","protected":false},"featured_media":25941,"template":"","meta":{"_acf_changed":false},"product_brand":[],"product_cat":[72],"product_tag":[],"class_list":{"0":"post-25940","1":"product","2":"type-product","3":"status-publish","4":"has-post-thumbnail","6":"product_cat-sirupai","7":"nt-post-class","8":"","9":"masonry-item","10":"col-lg-6","14":"excerpt-none","18":"first","19":"outofstock","20":"taxable","21":"shipping-taxable","22":"purchasable","23":"product-type-simple","24":"add-to-wishlist-after_add_to_cart"},"acf":[],"_links":{"self":[{"href":"https:\/\/chiaseklos.lt\/en\/wp-json\/wp\/v2\/product\/25940","targetHints":{"allow":["GET"]}}],"collection":[{"href":"https:\/\/chiaseklos.lt\/en\/wp-json\/wp\/v2\/product"}],"about":[{"href":"https:\/\/chiaseklos.lt\/en\/wp-json\/wp\/v2\/types\/product"}],"wp:featuredmedia":[{"embeddable":true,"href":"https:\/\/chiaseklos.lt\/en\/wp-json\/wp\/v2\/media\/25941"}],"wp:attachment":[{"href":"https:\/\/chiaseklos.lt\/en\/wp-json\/wp\/v2\/media?parent=25940"}],"wp:term":[{"taxonomy":"product_brand","embeddable":true,"href":"https:\/\/chiaseklos.lt\/en\/wp-json\/wp\/v2\/product_brand?post=25940"},{"taxonomy":"product_cat","embeddable":true,"href":"https:\/\/chiaseklos.lt\/en\/wp-json\/wp\/v2\/product_cat?post=25940"},{"taxonomy":"product_tag","embeddable":true,"href":"https:\/\/chiaseklos.lt\/en\/wp-json\/wp\/v2\/product_tag?post=25940"}],"curies":[{"name":"wp","href":"https:\/\/api.w.org\/{rel}","templated":true}]}}