{"id":25938,"date":"2024-03-18T13:02:49","date_gmt":"2024-03-18T13:02:49","guid":{"rendered":"https:\/\/chiaseklos.lt\/?post_type=product&#038;p=25938"},"modified":"2026-04-09T16:11:56","modified_gmt":"2026-04-09T16:11:56","slug":"kokosu-kremas-100","status":"publish","type":"product","link":"https:\/\/chiaseklos.lt\/en\/product\/kokosu-kremas-100\/","title":{"rendered":"Kokos\u0173 kremas 100% 350g"},"content":{"rendered":"<div class=\"elementor-element elementor-element-364e3da4 elementor-hidden-phone elementor-widget elementor-widget-woocommerce-product-title elementor-page-title elementor-widget-heading\" data-id=\"364e3da4\" data-element_type=\"widget\" data-widget_type=\"woocommerce-product-title.default\">\n<div class=\"elementor-widget-container\">\n<h4 class=\"product_title entry-title elementor-heading-title elementor-size-default\">Kokos\u0173 kremas 100%<\/h4>\n<p>Akmenin\u0117mis girnomis malant kokos\u0173 rie\u0161utus gaminamas kremas, kurio skonis primena balt\u0105j\u012f \u0161okolad\u0105.<\/p>\n<p>Suteikia sotumo ir ilgalaik\u0117s energijos.\u00a0\u00a0Nesukelia cukraus \u0161uoli\u0173 kraujyje.<\/p>\n<p>Be prid\u0117tinio cukraus.\u00a0\u00a0Be GMO.\u00a0\u00a0Be palmi\u0173 aliej\u0173.<\/p>\n<p><strong>Maistin\u0117 ir energin\u0117 vert\u0117 100g:\u00a0<\/strong>2715 kj \/ 660 kcal, riebalai 63 g, i\u0161 kuri\u0173 so\u010di\u0173j\u0173 rug\u0161\u010di\u0173 55 g, angliavandeniai 6,4g, i\u0161 kuri\u0173 cukr\u0173 6,2g, skaidulin\u0117s med\u017eiagos 20g, baltymai 6,2 g, druska 0,1 g.<\/p>\n<p>Sudedamosios dalys:\u00a0<strong>kokos\u0173 dro\u017el\u0117s.<\/strong><\/p>\n<p>Produktas galioja 12 m\u0117n. laikant v\u0117sioje vietoje ar \u0161aldytuve.<\/p>\n<p>Grynasis svoris: 350 g.<\/p>\n<p>Pagaminta Lietuvoje.<\/p>\n<\/div>\n<\/div>\n<div class=\"elementor-element elementor-element-4e4d7e44 elementor-widget elementor-widget-woocommerce-product-price\" data-id=\"4e4d7e44\" data-element_type=\"widget\" data-widget_type=\"woocommerce-product-price.default\">\n<div class=\"elementor-widget-container\"><\/div>\n<\/div>","protected":false},"excerpt":{"rendered":"<p>Kokos\u0173 kremas 100% Akmenin\u0117mis girnomis malant kokos\u0173 rie\u0161utus gaminamas kremas, kurio skonis primena balt\u0105j\u012f \u0161okolad\u0105. Suteikia sotumo ir ilgalaik\u0117s energijos.\u00a0\u00a0Nesukelia cukraus \u0161uoli\u0173 kraujyje. Be prid\u0117tinio cukraus.\u00a0\u00a0Be GMO.\u00a0\u00a0Be palmi\u0173 aliej\u0173. Maistin\u0117 ir energin\u0117 vert\u0117 100g:\u00a02715 kj \/ 660 kcal, riebalai 63 g, i\u0161 kuri\u0173 so\u010di\u0173j\u0173 rug\u0161\u010di\u0173 55 g, angliavandeniai 6,4g, i\u0161 kuri\u0173 cukr\u0173 6,2g, skaidulin\u0117s med\u017eiagos&#8230;<\/p>","protected":false},"featured_media":25939,"template":"","meta":{"_acf_changed":false},"product_brand":[],"product_cat":[70,72],"product_tag":[],"class_list":{"0":"post-25938","1":"product","2":"type-product","3":"status-publish","4":"has-post-thumbnail","6":"product_cat-akcijos","7":"product_cat-sirupai","8":"nt-post-class","9":"","10":"masonry-item","11":"col-lg-6","15":"excerpt-none","19":"first","20":"instock","21":"sale","22":"taxable","23":"shipping-taxable","24":"purchasable","25":"product-type-simple","26":"add-to-wishlist-after_add_to_cart"},"acf":[],"_links":{"self":[{"href":"https:\/\/chiaseklos.lt\/en\/wp-json\/wp\/v2\/product\/25938","targetHints":{"allow":["GET"]}}],"collection":[{"href":"https:\/\/chiaseklos.lt\/en\/wp-json\/wp\/v2\/product"}],"about":[{"href":"https:\/\/chiaseklos.lt\/en\/wp-json\/wp\/v2\/types\/product"}],"wp:featuredmedia":[{"embeddable":true,"href":"https:\/\/chiaseklos.lt\/en\/wp-json\/wp\/v2\/media\/25939"}],"wp:attachment":[{"href":"https:\/\/chiaseklos.lt\/en\/wp-json\/wp\/v2\/media?parent=25938"}],"wp:term":[{"taxonomy":"product_brand","embeddable":true,"href":"https:\/\/chiaseklos.lt\/en\/wp-json\/wp\/v2\/product_brand?post=25938"},{"taxonomy":"product_cat","embeddable":true,"href":"https:\/\/chiaseklos.lt\/en\/wp-json\/wp\/v2\/product_cat?post=25938"},{"taxonomy":"product_tag","embeddable":true,"href":"https:\/\/chiaseklos.lt\/en\/wp-json\/wp\/v2\/product_tag?post=25938"}],"curies":[{"name":"wp","href":"https:\/\/api.w.org\/{rel}","templated":true}]}}