{"id":25005,"date":"2024-01-04T10:40:36","date_gmt":"2024-01-04T10:40:36","guid":{"rendered":"https:\/\/chiaseklos.lt\/?post_type=product&#038;p=25005"},"modified":"2026-02-05T14:10:32","modified_gmt":"2026-02-05T14:10:32","slug":"fermentuota-gauromecio-arbata-30-g-2","status":"publish","type":"product","link":"https:\/\/chiaseklos.lt\/en\/product\/fermentuota-gauromecio-arbata-30-g-2\/","title":{"rendered":"Fermentuota gaurome\u010dio arbata 30 g"},"content":{"rendered":"<h4 class=\"product-details__product-title ec-header-h3\">Fermentuota gaurome\u010dio arbata<\/h4>\n<h5>Vienas vertingiausi\u0173 lietuvi\u0173 kult\u016brinio paveldo g\u0117rim\u0173, \u017ealiosios arbatos alternatyva, i\u0161 naujo atrandama skonio gurman\u0173 ir mokslinink\u0173.<\/h5>\n<h5>Antioksidant\u0173 gausa, prie\u0161u\u017edegimin\u0117s savyb\u0117s palankiai veikia organizm\u0105.\u00a0Ry\u0161kesnio skonio ir aromato. Tinka m\u0117gautis tiek ryte, tiek vakare.<\/h5>\n<h5><strong>Sudedamosios dalys:<\/strong>\u00a0fermentuota siauralapio gaurome\u010dio\u00a0<em>(Epilobium angustifolium)<\/em>\u00a0\u017eol\u0117 100 %.<\/h5>\n<h5><strong>Paruo\u0161imas:<\/strong>\u00a0\u012fberkite 1 a. \u0161auk\u0161tel\u012f arbatos \u012f puodel\u012f. u\u017epilkite iki 60-80\u00b0C temp. atv\u0117sintu vandeniu, palaikykite 5-7 min. Galima plikyti pakartotinai.<br \/>\nGardu su medumi, citrina. Skanaus!<\/h5>\n<h5><strong>Grynoji mas\u0117:<\/strong>\u00a030 g<\/h5>\n<p>&nbsp;<\/p>","protected":false},"excerpt":{"rendered":"<p>Fermentuota gaurome\u010dio arbata Vienas vertingiausi\u0173 lietuvi\u0173 kult\u016brinio paveldo g\u0117rim\u0173, \u017ealiosios arbatos alternatyva, i\u0161 naujo atrandama skonio gurman\u0173 ir mokslinink\u0173. Antioksidant\u0173 gausa, prie\u0161u\u017edegimin\u0117s savyb\u0117s palankiai veikia organizm\u0105.\u00a0Ry\u0161kesnio skonio ir aromato. Tinka m\u0117gautis tiek ryte, tiek vakare. Sudedamosios dalys:\u00a0fermentuota siauralapio gaurome\u010dio\u00a0(Epilobium angustifolium)\u00a0\u017eol\u0117 100 %. Paruo\u0161imas:\u00a0\u012fberkite 1 a. \u0161auk\u0161tel\u012f arbatos \u012f puodel\u012f. u\u017epilkite iki 60-80\u00b0C temp. atv\u0117sintu vandeniu,&#8230;<\/p>","protected":false},"featured_media":25006,"template":"","meta":{"_acf_changed":false},"product_brand":[],"product_cat":[63],"product_tag":[],"class_list":{"0":"post-25005","1":"product","2":"type-product","3":"status-publish","4":"has-post-thumbnail","6":"product_cat-arbatos","7":"nt-post-class","8":"","9":"masonry-item","10":"col-lg-6","14":"excerpt-none","18":"first","19":"outofstock","20":"taxable","21":"shipping-taxable","22":"purchasable","23":"product-type-simple","24":"add-to-wishlist-after_add_to_cart"},"acf":[],"_links":{"self":[{"href":"https:\/\/chiaseklos.lt\/en\/wp-json\/wp\/v2\/product\/25005","targetHints":{"allow":["GET"]}}],"collection":[{"href":"https:\/\/chiaseklos.lt\/en\/wp-json\/wp\/v2\/product"}],"about":[{"href":"https:\/\/chiaseklos.lt\/en\/wp-json\/wp\/v2\/types\/product"}],"wp:featuredmedia":[{"embeddable":true,"href":"https:\/\/chiaseklos.lt\/en\/wp-json\/wp\/v2\/media\/25006"}],"wp:attachment":[{"href":"https:\/\/chiaseklos.lt\/en\/wp-json\/wp\/v2\/media?parent=25005"}],"wp:term":[{"taxonomy":"product_brand","embeddable":true,"href":"https:\/\/chiaseklos.lt\/en\/wp-json\/wp\/v2\/product_brand?post=25005"},{"taxonomy":"product_cat","embeddable":true,"href":"https:\/\/chiaseklos.lt\/en\/wp-json\/wp\/v2\/product_cat?post=25005"},{"taxonomy":"product_tag","embeddable":true,"href":"https:\/\/chiaseklos.lt\/en\/wp-json\/wp\/v2\/product_tag?post=25005"}],"curies":[{"name":"wp","href":"https:\/\/api.w.org\/{rel}","templated":true}]}}