{"id":25003,"date":"2024-01-04T10:29:07","date_gmt":"2024-01-04T10:29:07","guid":{"rendered":"https:\/\/chiaseklos.lt\/?post_type=product&#038;p=25003"},"modified":"2026-04-16T06:01:04","modified_gmt":"2026-04-16T06:01:04","slug":"pievu-ir-misko-ziedu-medus-650g","status":"publish","type":"product","link":"https:\/\/chiaseklos.lt\/en\/product\/pievu-ir-misko-ziedu-medus-650g\/","title":{"rendered":"Piev\u0173 ir mi\u0161ko \u017eied\u0173 medus 500g"},"content":{"rendered":"<h4>Piev\u0173 ir mi\u0161ko \u017eied\u0173 medus 500g<\/h4>\n<h5>Tikras, lietuvi\u0161kas, vidurvasario saul\u0117s prisotintas medus\u00a0surinktas i\u0161 Zanavyk\u0173 kra\u0161to piev\u0173 ir\u00a0mi\u0161ko \u017eied\u0173.<\/h5>\n<h5><strong>Medaus kristalizacija<\/strong>\u00a0&#8211; tai gamtos u\u017eprogramuota medaus brendimo b\u016bsena, kurios ne\u012fmanoma i\u0161vengti, norint jam nepakenkti ir i\u0161saugoti visas medaus turimas maistines ir vaistines savybes. I\u0161 esm\u0117s tai &#8211; kaip vaisaus sunokimas.<\/h5>\n<h5>Med\u0173 vartoti labai naudinga, nes jame yra \u017emogaus organizmui reikaling\u0173 mineralini\u0173 med\u017eiag\u0173: gele\u017eies, kalio, kalcio, magnio, natrio, vitamin\u0173. Be to, medus pasi\u017eymi ir antibakterin\u0117mis savyb\u0117mis.<\/h5>\n<h5>Medus vartojamas vir\u0161utini\u0173 kv\u0117pavimo tak\u0173 u\u017edegimo (laringito, faringito, sinusito, tracheito, \u016bmaus bronchito) atvejais kaip antibakterin\u0117 ir kosul\u012f ma\u017einanti priemon\u0117. Sergant med\u0173 reik\u0117t\u0173 gerti su \u0161iltu pienu, arbata.<\/h5>\n<h5>Sveikatai stiprinti ir profilakti\u0161kai reikia naudoti tik nat\u016bral\u0173 kokybi\u0161k\u0105 med\u0173. Jis turi b\u016bti reikiamos konsistencijos, gero skonio, be pa\u0161alini\u0173 kvap\u0173. Patartina suvartoti 50\u2013100 g medaus per par\u0105, \u0161\u012f kiek\u012f suvalgant per 3\u20134 kartus.<\/h5>\n<h5>Medus surinktas Zanavyk\u0173 kra\u0161to pievose ir mi\u0161kuose.<\/h5>\n<p>Kilm\u0117s \u0161alis: Lietuva<\/p>","protected":false},"excerpt":{"rendered":"<p>Piev\u0173 ir mi\u0161ko \u017eied\u0173 medus 500g Tikras, lietuvi\u0161kas, vidurvasario saul\u0117s prisotintas medus\u00a0surinktas i\u0161 Zanavyk\u0173 kra\u0161to piev\u0173 ir\u00a0mi\u0161ko \u017eied\u0173. Medaus kristalizacija\u00a0&#8211; tai gamtos u\u017eprogramuota medaus brendimo b\u016bsena, kurios ne\u012fmanoma i\u0161vengti, norint jam nepakenkti ir i\u0161saugoti visas medaus turimas maistines ir vaistines savybes. I\u0161 esm\u0117s tai &#8211; kaip vaisaus sunokimas. Med\u0173 vartoti labai naudinga, nes jame yra&#8230;<\/p>","protected":false},"featured_media":35321,"template":"","meta":{"_acf_changed":false},"product_brand":[],"product_cat":[110],"product_tag":[],"class_list":{"0":"post-25003","1":"product","2":"type-product","3":"status-publish","4":"has-post-thumbnail","6":"product_cat-medus-bei-jo-skanestai","7":"nt-post-class","8":"","9":"masonry-item","10":"col-lg-6","14":"excerpt-none","18":"first","19":"outofstock","20":"taxable","21":"shipping-taxable","22":"purchasable","23":"product-type-simple","24":"add-to-wishlist-after_add_to_cart"},"acf":[],"_links":{"self":[{"href":"https:\/\/chiaseklos.lt\/en\/wp-json\/wp\/v2\/product\/25003","targetHints":{"allow":["GET"]}}],"collection":[{"href":"https:\/\/chiaseklos.lt\/en\/wp-json\/wp\/v2\/product"}],"about":[{"href":"https:\/\/chiaseklos.lt\/en\/wp-json\/wp\/v2\/types\/product"}],"wp:featuredmedia":[{"embeddable":true,"href":"https:\/\/chiaseklos.lt\/en\/wp-json\/wp\/v2\/media\/35321"}],"wp:attachment":[{"href":"https:\/\/chiaseklos.lt\/en\/wp-json\/wp\/v2\/media?parent=25003"}],"wp:term":[{"taxonomy":"product_brand","embeddable":true,"href":"https:\/\/chiaseklos.lt\/en\/wp-json\/wp\/v2\/product_brand?post=25003"},{"taxonomy":"product_cat","embeddable":true,"href":"https:\/\/chiaseklos.lt\/en\/wp-json\/wp\/v2\/product_cat?post=25003"},{"taxonomy":"product_tag","embeddable":true,"href":"https:\/\/chiaseklos.lt\/en\/wp-json\/wp\/v2\/product_tag?post=25003"}],"curies":[{"name":"wp","href":"https:\/\/api.w.org\/{rel}","templated":true}]}}